{"id":10751,"date":"2024-09-19T12:03:51","date_gmt":"2024-09-19T11:03:51","guid":{"rendered":"https:\/\/delgadozuleta.com\/?post_type=product&#038;p=10751"},"modified":"2026-03-31T12:40:59","modified_gmt":"2026-03-31T10:40:59","slug":"visita-copa-en-mano-espanol","status":"publish","type":"product","link":"https:\/\/delgadozuleta.com\/visitasnuevas\/en\/product\/visita-copa-en-mano-espanol\/","title":{"rendered":"Visita Copa en mano | Espa\u00f1ol"},"content":{"rendered":"<p>S\u00e1bados<\/p>\n<p>12:00 h:<\/p>\n<p>Idioma: espa\u00f1ol<\/p>\n<p>En Delgado Zuleta, cada visita es una experiencia envolvente. Comenzamos explorando nuestro peque\u00f1o vi\u00f1edo para luego adentrarnos entre botas centenarias, descubriendo el fascinante proceso de elaboraci\u00f3n de los vinos del Marco de Jerez, con especial \u00e9nfasis en la Manzanilla. Como la bodega m\u00e1s antigua del tri\u00e1ngulo, nos tomamos nuestro tiempo y mimamos cada uno de nuestros vinos para que puedas saborearlos en una cata exclusiva de 4 variedades (2 manzanillas, amontillado y cream)<\/p>\n<div class=\"text-wrapper\">\n<p>Incluye cata de 4 vinos.<\/p>\n<p>Precio: 15 \u20ac por persona<\/p>\n<\/div>","protected":false},"excerpt":{"rendered":"<ul>\n<li>S\u00e1bados<\/li>\n<li>12:00 h<\/li>\n<li>Incluye cata de 4 vinos.<\/li>\n<li>Precio: 15 \u20ac por persona<\/li>\n<\/ul>\n<p>Para visitas de menos de 4 personas o visitas en d\u00edas que no aparezcan en el calendario, les rogamos llamar al tel\u00e9fono 609 887 300 para realizar reserva.<\/p>","protected":false},"featured_media":12178,"template":"","meta":{"inline_featured_image":false,"_uag_custom_page_level_css":"","site-sidebar-layout":"default","site-content-layout":"","ast-site-content-layout":"default","site-content-style":"default","site-sidebar-style":"default","ast-global-header-display":"","ast-banner-title-visibility":"","ast-main-header-display":"","ast-hfb-above-header-display":"","ast-hfb-below-header-display":"","ast-hfb-mobile-header-display":"","site-post-title":"","ast-breadcrumbs-content":"","ast-featured-img":"","footer-sml-layout":"","ast-disable-related-posts":"","theme-transparent-header-meta":"default","adv-header-id-meta":"","stick-header-meta":"","header-above-stick-meta":"","header-main-stick-meta":"","header-below-stick-meta":"","astra-migrate-meta-layouts":"set","ast-page-background-enabled":"default","ast-page-background-meta":{"desktop":{"background-color":"var(--ast-global-color-5)","background-image":"","background-repeat":"repeat","background-position":"center center","background-size":"auto","background-attachment":"scroll","background-type":"","background-media":"","overlay-type":"","overlay-color":"","overlay-opacity":"","overlay-gradient":""},"tablet":{"background-color":"","background-image":"","background-repeat":"repeat","background-position":"center center","background-size":"auto","background-attachment":"scroll","background-type":"","background-media":"","overlay-type":"","overlay-color":"","overlay-opacity":"","overlay-gradient":""},"mobile":{"background-color":"","background-image":"","background-repeat":"repeat","background-position":"center center","background-size":"auto","background-attachment":"scroll","background-type":"","background-media":"","overlay-type":"","overlay-color":"","overlay-opacity":"","overlay-gradient":""}},"ast-content-background-meta":{"desktop":{"background-color":"var(--ast-global-color-4)","background-image":"","background-repeat":"repeat","background-position":"center center","background-size":"auto","background-attachment":"scroll","background-type":"","background-media":"","overlay-type":"","overlay-color":"","overlay-opacity":"","overlay-gradient":""},"tablet":{"background-color":"var(--ast-global-color-4)","background-image":"","background-repeat":"repeat","background-position":"center center","background-size":"auto","background-attachment":"scroll","background-type":"","background-media":"","overlay-type":"","overlay-color":"","overlay-opacity":"","overlay-gradient":""},"mobile":{"background-color":"var(--ast-global-color-4)","background-image":"","background-repeat":"repeat","background-position":"center center","background-size":"auto","background-attachment":"scroll","background-type":"","background-media":"","overlay-type":"","overlay-color":"","overlay-opacity":"","overlay-gradient":""}}},"product_brand":[],"product_cat":[52],"product_tag":[],"class_list":{"0":"post-10751","1":"product","2":"type-product","3":"status-publish","4":"has-post-thumbnail","6":"product_cat-visitas","7":"product_shipping_class-envio-gratuito","8":"desktop-align-left","9":"tablet-align-left","10":"mobile-align-left","12":"first","13":"instock","14":"virtual","15":"sold-individually","16":"taxable","17":"purchasable","18":"product-type-booking"},"yoast_head":"<!-- This site is optimized with the Yoast SEO plugin v27.3 - https:\/\/yoast.com\/product\/yoast-seo-wordpress\/ -->\n<title>Visita Copa en mano | Espa\u00f1ol - Visitas Bodega Delgado Zuleta<\/title>\n<meta name=\"robots\" content=\"index, follow, max-snippet:-1, max-image-preview:large, max-video-preview:-1\" \/>\n<link rel=\"canonical\" href=\"https:\/\/delgadozuleta.com\/visitasnuevas\/en\/product\/visita-copa-en-mano-espanol\/\" \/>\n<meta property=\"og:locale\" content=\"en_US\" \/>\n<meta property=\"og:type\" content=\"article\" \/>\n<meta property=\"og:title\" content=\"Visita Copa en mano | Espa\u00f1ol - Visitas Bodega Delgado Zuleta\" \/>\n<meta property=\"og:description\" content=\"S\u00e1bados  12:00 h  Incluye cata de 4 vinos.  Precio: 15 \u20ac por persona  Para visitas de menos de 4 personas o visitas en d\u00edas que no aparezcan en el calendario, les rogamos llamar al tel\u00e9fono 609 887 300 para realizar reserva.\" \/>\n<meta property=\"og:url\" content=\"https:\/\/delgadozuleta.com\/visitasnuevas\/en\/product\/visita-copa-en-mano-espanol\/\" \/>\n<meta property=\"og:site_name\" content=\"Visitas Bodega Delgado Zuleta\" \/>\n<meta property=\"article:modified_time\" content=\"2026-03-31T10:40:59+00:00\" \/>\n<meta property=\"og:image\" content=\"https:\/\/delgadozuleta.com\/visitasnuevas\/wp-content\/uploads\/sites\/4\/2025\/05\/VISITA-COPA-EN-MANO-1.png\" \/>\n\t<meta property=\"og:image:width\" content=\"1024\" \/>\n\t<meta property=\"og:image:height\" content=\"1024\" \/>\n\t<meta property=\"og:image:type\" content=\"image\/png\" \/>\n<meta name=\"twitter:card\" content=\"summary_large_image\" \/>\n<meta name=\"twitter:label1\" content=\"Est. reading time\" \/>\n\t<meta name=\"twitter:data1\" content=\"1 minute\" \/>\n<script type=\"application\/ld+json\" class=\"yoast-schema-graph\">{\"@context\":\"https:\\\/\\\/schema.org\",\"@graph\":[{\"@type\":\"WebPage\",\"@id\":\"https:\\\/\\\/delgadozuleta.com\\\/visitasnuevas\\\/producto\\\/visita-copa-en-mano-espanol\\\/\",\"url\":\"https:\\\/\\\/delgadozuleta.com\\\/visitasnuevas\\\/producto\\\/visita-copa-en-mano-espanol\\\/\",\"name\":\"Visita Copa en mano | Espa\u00f1ol - Visitas Bodega Delgado Zuleta\",\"isPartOf\":{\"@id\":\"https:\\\/\\\/delgadozuleta.com\\\/visitasnuevas\\\/#website\"},\"primaryImageOfPage\":{\"@id\":\"https:\\\/\\\/delgadozuleta.com\\\/visitasnuevas\\\/producto\\\/visita-copa-en-mano-espanol\\\/#primaryimage\"},\"image\":{\"@id\":\"https:\\\/\\\/delgadozuleta.com\\\/visitasnuevas\\\/producto\\\/visita-copa-en-mano-espanol\\\/#primaryimage\"},\"thumbnailUrl\":\"https:\\\/\\\/delgadozuleta.com\\\/visitasnuevas\\\/wp-content\\\/uploads\\\/sites\\\/4\\\/2025\\\/05\\\/VISITA-COPA-EN-MANO-1.png\",\"datePublished\":\"2024-09-19T11:03:51+00:00\",\"dateModified\":\"2026-03-31T10:40:59+00:00\",\"breadcrumb\":{\"@id\":\"https:\\\/\\\/delgadozuleta.com\\\/visitasnuevas\\\/producto\\\/visita-copa-en-mano-espanol\\\/#breadcrumb\"},\"inLanguage\":\"en-US\",\"potentialAction\":[{\"@type\":\"ReadAction\",\"target\":[\"https:\\\/\\\/delgadozuleta.com\\\/visitasnuevas\\\/producto\\\/visita-copa-en-mano-espanol\\\/\"]}]},{\"@type\":\"ImageObject\",\"inLanguage\":\"en-US\",\"@id\":\"https:\\\/\\\/delgadozuleta.com\\\/visitasnuevas\\\/producto\\\/visita-copa-en-mano-espanol\\\/#primaryimage\",\"url\":\"https:\\\/\\\/delgadozuleta.com\\\/visitasnuevas\\\/wp-content\\\/uploads\\\/sites\\\/4\\\/2025\\\/05\\\/VISITA-COPA-EN-MANO-1.png\",\"contentUrl\":\"https:\\\/\\\/delgadozuleta.com\\\/visitasnuevas\\\/wp-content\\\/uploads\\\/sites\\\/4\\\/2025\\\/05\\\/VISITA-COPA-EN-MANO-1.png\",\"width\":1024,\"height\":1024},{\"@type\":\"BreadcrumbList\",\"@id\":\"https:\\\/\\\/delgadozuleta.com\\\/visitasnuevas\\\/producto\\\/visita-copa-en-mano-espanol\\\/#breadcrumb\",\"itemListElement\":[{\"@type\":\"ListItem\",\"position\":1,\"name\":\"Portada\",\"item\":\"https:\\\/\\\/delgadozuleta.com\\\/visitasnuevas\\\/\"},{\"@type\":\"ListItem\",\"position\":2,\"name\":\"Tienda\",\"item\":\"https:\\\/\\\/delgadozuleta.com\\\/visitasnuevas\\\/?page_id=4\"},{\"@type\":\"ListItem\",\"position\":3,\"name\":\"Visita Copa en mano | Espa\u00f1ol\"}]},{\"@type\":\"WebSite\",\"@id\":\"https:\\\/\\\/delgadozuleta.com\\\/visitasnuevas\\\/#website\",\"url\":\"https:\\\/\\\/delgadozuleta.com\\\/visitasnuevas\\\/\",\"name\":\"Visitas Bodega Delgado Zuleta\",\"description\":\"Visitas a la Hist\u00f3rica bodega del Marco de Jerez especialista en la elaboraci\u00f3n de vinos generosos.\",\"publisher\":{\"@id\":\"https:\\\/\\\/delgadozuleta.com\\\/visitasnuevas\\\/#organization\"},\"potentialAction\":[{\"@type\":\"SearchAction\",\"target\":{\"@type\":\"EntryPoint\",\"urlTemplate\":\"https:\\\/\\\/delgadozuleta.com\\\/visitasnuevas\\\/?s={search_term_string}\"},\"query-input\":{\"@type\":\"PropertyValueSpecification\",\"valueRequired\":true,\"valueName\":\"search_term_string\"}}],\"inLanguage\":\"en-US\"},{\"@type\":\"Organization\",\"@id\":\"https:\\\/\\\/delgadozuleta.com\\\/visitasnuevas\\\/#organization\",\"name\":\"Visitas Bodega Delgado Zuleta\",\"url\":\"https:\\\/\\\/delgadozuleta.com\\\/visitasnuevas\\\/\",\"logo\":{\"@type\":\"ImageObject\",\"inLanguage\":\"en-US\",\"@id\":\"https:\\\/\\\/delgadozuleta.com\\\/visitasnuevas\\\/#\\\/schema\\\/logo\\\/image\\\/\",\"url\":\"https:\\\/\\\/delgadozuleta.com\\\/visitasnuevas\\\/wp-content\\\/uploads\\\/sites\\\/4\\\/2025\\\/05\\\/logo-transparente.png\",\"contentUrl\":\"https:\\\/\\\/delgadozuleta.com\\\/visitasnuevas\\\/wp-content\\\/uploads\\\/sites\\\/4\\\/2025\\\/05\\\/logo-transparente.png\",\"width\":900,\"height\":400,\"caption\":\"Visitas Bodega Delgado Zuleta\"},\"image\":{\"@id\":\"https:\\\/\\\/delgadozuleta.com\\\/visitasnuevas\\\/#\\\/schema\\\/logo\\\/image\\\/\"}}]}<\/script>\n<!-- \/ Yoast SEO plugin. -->","yoast_head_json":{"title":"Visita Copa en mano | Espa\u00f1ol - Visitas Bodega Delgado Zuleta","robots":{"index":"index","follow":"follow","max-snippet":"max-snippet:-1","max-image-preview":"max-image-preview:large","max-video-preview":"max-video-preview:-1"},"canonical":"https:\/\/delgadozuleta.com\/visitasnuevas\/en\/product\/visita-copa-en-mano-espanol\/","og_locale":"en_US","og_type":"article","og_title":"Visita Copa en mano | Espa\u00f1ol - Visitas Bodega Delgado Zuleta","og_description":"S\u00e1bados  12:00 h  Incluye cata de 4 vinos.  Precio: 15 \u20ac por persona  Para visitas de menos de 4 personas o visitas en d\u00edas que no aparezcan en el calendario, les rogamos llamar al tel\u00e9fono 609 887 300 para realizar reserva.","og_url":"https:\/\/delgadozuleta.com\/visitasnuevas\/en\/product\/visita-copa-en-mano-espanol\/","og_site_name":"Visitas Bodega Delgado Zuleta","article_modified_time":"2026-03-31T10:40:59+00:00","og_image":[{"width":1024,"height":1024,"url":"https:\/\/delgadozuleta.com\/visitasnuevas\/wp-content\/uploads\/sites\/4\/2025\/05\/VISITA-COPA-EN-MANO-1.png","type":"image\/png"}],"twitter_card":"summary_large_image","twitter_misc":{"Est. reading time":"1 minute"},"schema":{"@context":"https:\/\/schema.org","@graph":[{"@type":"WebPage","@id":"https:\/\/delgadozuleta.com\/visitasnuevas\/producto\/visita-copa-en-mano-espanol\/","url":"https:\/\/delgadozuleta.com\/visitasnuevas\/producto\/visita-copa-en-mano-espanol\/","name":"Visita Copa en mano | Espa\u00f1ol - Visitas Bodega Delgado Zuleta","isPartOf":{"@id":"https:\/\/delgadozuleta.com\/visitasnuevas\/#website"},"primaryImageOfPage":{"@id":"https:\/\/delgadozuleta.com\/visitasnuevas\/producto\/visita-copa-en-mano-espanol\/#primaryimage"},"image":{"@id":"https:\/\/delgadozuleta.com\/visitasnuevas\/producto\/visita-copa-en-mano-espanol\/#primaryimage"},"thumbnailUrl":"https:\/\/delgadozuleta.com\/visitasnuevas\/wp-content\/uploads\/sites\/4\/2025\/05\/VISITA-COPA-EN-MANO-1.png","datePublished":"2024-09-19T11:03:51+00:00","dateModified":"2026-03-31T10:40:59+00:00","breadcrumb":{"@id":"https:\/\/delgadozuleta.com\/visitasnuevas\/producto\/visita-copa-en-mano-espanol\/#breadcrumb"},"inLanguage":"en-US","potentialAction":[{"@type":"ReadAction","target":["https:\/\/delgadozuleta.com\/visitasnuevas\/producto\/visita-copa-en-mano-espanol\/"]}]},{"@type":"ImageObject","inLanguage":"en-US","@id":"https:\/\/delgadozuleta.com\/visitasnuevas\/producto\/visita-copa-en-mano-espanol\/#primaryimage","url":"https:\/\/delgadozuleta.com\/visitasnuevas\/wp-content\/uploads\/sites\/4\/2025\/05\/VISITA-COPA-EN-MANO-1.png","contentUrl":"https:\/\/delgadozuleta.com\/visitasnuevas\/wp-content\/uploads\/sites\/4\/2025\/05\/VISITA-COPA-EN-MANO-1.png","width":1024,"height":1024},{"@type":"BreadcrumbList","@id":"https:\/\/delgadozuleta.com\/visitasnuevas\/producto\/visita-copa-en-mano-espanol\/#breadcrumb","itemListElement":[{"@type":"ListItem","position":1,"name":"Portada","item":"https:\/\/delgadozuleta.com\/visitasnuevas\/"},{"@type":"ListItem","position":2,"name":"Tienda","item":"https:\/\/delgadozuleta.com\/visitasnuevas\/?page_id=4"},{"@type":"ListItem","position":3,"name":"Visita Copa en mano | Espa\u00f1ol"}]},{"@type":"WebSite","@id":"https:\/\/delgadozuleta.com\/visitasnuevas\/#website","url":"https:\/\/delgadozuleta.com\/visitasnuevas\/","name":"Visitas Bodega Delgado Zuleta","description":"Visitas a la Hist\u00f3rica bodega del Marco de Jerez especialista en la elaboraci\u00f3n de vinos generosos.","publisher":{"@id":"https:\/\/delgadozuleta.com\/visitasnuevas\/#organization"},"potentialAction":[{"@type":"SearchAction","target":{"@type":"EntryPoint","urlTemplate":"https:\/\/delgadozuleta.com\/visitasnuevas\/?s={search_term_string}"},"query-input":{"@type":"PropertyValueSpecification","valueRequired":true,"valueName":"search_term_string"}}],"inLanguage":"en-US"},{"@type":"Organization","@id":"https:\/\/delgadozuleta.com\/visitasnuevas\/#organization","name":"Visitas Bodega Delgado Zuleta","url":"https:\/\/delgadozuleta.com\/visitasnuevas\/","logo":{"@type":"ImageObject","inLanguage":"en-US","@id":"https:\/\/delgadozuleta.com\/visitasnuevas\/#\/schema\/logo\/image\/","url":"https:\/\/delgadozuleta.com\/visitasnuevas\/wp-content\/uploads\/sites\/4\/2025\/05\/logo-transparente.png","contentUrl":"https:\/\/delgadozuleta.com\/visitasnuevas\/wp-content\/uploads\/sites\/4\/2025\/05\/logo-transparente.png","width":900,"height":400,"caption":"Visitas Bodega Delgado Zuleta"},"image":{"@id":"https:\/\/delgadozuleta.com\/visitasnuevas\/#\/schema\/logo\/image\/"}}]}},"uagb_featured_image_src":{"full":["https:\/\/delgadozuleta.com\/visitasnuevas\/wp-content\/uploads\/sites\/4\/2025\/05\/VISITA-COPA-EN-MANO-1.png",1024,1024,false],"thumbnail":["https:\/\/delgadozuleta.com\/visitasnuevas\/wp-content\/uploads\/sites\/4\/2025\/05\/VISITA-COPA-EN-MANO-1.png",150,150,false],"medium":["https:\/\/delgadozuleta.com\/visitasnuevas\/wp-content\/uploads\/sites\/4\/2025\/05\/VISITA-COPA-EN-MANO-1.png",300,300,false],"medium_large":["https:\/\/delgadozuleta.com\/visitasnuevas\/wp-content\/uploads\/sites\/4\/2025\/05\/VISITA-COPA-EN-MANO-1.png",768,768,false],"large":["https:\/\/delgadozuleta.com\/visitasnuevas\/wp-content\/uploads\/sites\/4\/2025\/05\/VISITA-COPA-EN-MANO-1.png",1024,1024,false],"1536x1536":["https:\/\/delgadozuleta.com\/visitasnuevas\/wp-content\/uploads\/sites\/4\/2025\/05\/VISITA-COPA-EN-MANO-1.png",1024,1024,false],"2048x2048":["https:\/\/delgadozuleta.com\/visitasnuevas\/wp-content\/uploads\/sites\/4\/2025\/05\/VISITA-COPA-EN-MANO-1.png",1024,1024,false],"trp-custom-language-flag":["https:\/\/delgadozuleta.com\/visitasnuevas\/wp-content\/uploads\/sites\/4\/2025\/05\/VISITA-COPA-EN-MANO-1.png",12,12,false],"woocommerce_thumbnail":["https:\/\/delgadozuleta.com\/visitasnuevas\/wp-content\/uploads\/sites\/4\/2025\/05\/VISITA-COPA-EN-MANO-1.png",300,300,false],"woocommerce_single":["https:\/\/delgadozuleta.com\/visitasnuevas\/wp-content\/uploads\/sites\/4\/2025\/05\/VISITA-COPA-EN-MANO-1.png",600,600,false],"woocommerce_gallery_thumbnail":["https:\/\/delgadozuleta.com\/visitasnuevas\/wp-content\/uploads\/sites\/4\/2025\/05\/VISITA-COPA-EN-MANO-1.png",100,100,false]},"uagb_author_info":{"display_name":"Carmen","author_link":"https:\/\/delgadozuleta.com\/visitasnuevas\/en\/author\/"},"uagb_comment_info":0,"uagb_excerpt":"S\u00e1bados 12:00 h Incluye cata de 4 vinos. Precio: 15 \u20ac por persona Para visitas de menos de 4 personas o visitas en d\u00edas que no aparezcan en el calendario, les rogamos llamar al tel\u00e9fono 609 887 300 para realizar reserva.","_links":{"self":[{"href":"https:\/\/delgadozuleta.com\/visitasnuevas\/en\/wp-json\/wp\/v2\/product\/10751","targetHints":{"allow":["GET"]}}],"collection":[{"href":"https:\/\/delgadozuleta.com\/visitasnuevas\/en\/wp-json\/wp\/v2\/product"}],"about":[{"href":"https:\/\/delgadozuleta.com\/visitasnuevas\/en\/wp-json\/wp\/v2\/types\/product"}],"wp:featuredmedia":[{"embeddable":true,"href":"https:\/\/delgadozuleta.com\/visitasnuevas\/en\/wp-json\/wp\/v2\/media\/12178"}],"wp:attachment":[{"href":"https:\/\/delgadozuleta.com\/visitasnuevas\/en\/wp-json\/wp\/v2\/media?parent=10751"}],"wp:term":[{"taxonomy":"product_brand","embeddable":true,"href":"https:\/\/delgadozuleta.com\/visitasnuevas\/en\/wp-json\/wp\/v2\/product_brand?post=10751"},{"taxonomy":"product_cat","embeddable":true,"href":"https:\/\/delgadozuleta.com\/visitasnuevas\/en\/wp-json\/wp\/v2\/product_cat?post=10751"},{"taxonomy":"product_tag","embeddable":true,"href":"https:\/\/delgadozuleta.com\/visitasnuevas\/en\/wp-json\/wp\/v2\/product_tag?post=10751"}],"curies":[{"name":"wp","href":"https:\/\/api.w.org\/{rel}","templated":true}]}}