{"id":923,"date":"2015-12-04T12:22:49","date_gmt":"2015-12-04T11:22:49","guid":{"rendered":"https:\/\/delgadozuleta.bgoapps.es\/en\/tienda\/quo-vadis\/"},"modified":"2025-11-14T14:24:25","modified_gmt":"2025-11-14T13:24:25","slug":"quo-vadis","status":"publish","type":"product","link":"https:\/\/delgadozuleta.com\/en\/tienda\/quo-vadis\/","title":{"rendered":"Quo Vadis &#8211; VORS"},"content":{"rendered":"<h2 class=\"info-title\">Technical sheet<\/h2>\n<p class=\"prod-long-desc\">Wine that is born as chamomile and therefore has a biological aging in a first phase, but after losing the characteristic flower veil goes through a second stage, already oxidative 100% palomino variety, with more than 40 years of aging in oak vats, through the traditional system of soleras and criaderas. The Alcoholic graduation is 20% vol. and comes in bottles of 50 cl.<\/p>\n<h2 class=\"info-title\">Tasting note<\/h2>\n<p class=\"prod-long-desc\">De color caoba oscuro, es intenso, limpio y brillante. En nariz es punzante y muy potente. Presenta aromas a frutos secos, como almendras y nueces, adem\u00e1s de especias y otros olores propios de la madera, como la vainilla, el caf\u00e9 y el coco. En boca es muy seco e incisivo, a la vez que muy potente y complejo, debido a su alta concentraci\u00f3n. Postgusto muy largo y persistente.<\/p>\n<h2 class=\"info-title\">Pairing<\/h2>\n<p class=\"prod-long-desc\">Dark mahogany color, it is intense, clean and bright. The smell is sharp and very powerful.\nIt presents aromas of nuts, such as almonds, and others wood odors, such as vanilla, coffee and coconut. It tastes very dry and incisive, while very powerful and complex, due to its high concentration. Aftertaste very long and persistent.<\/p>\n<h2 class=\"info-title\">Reconocimientos<\/h2>\n<ul>\n<li>98 puntos AkataWine 2016<\/li>\n<li>97 puntos Parker (WineAdvocate)<\/li>\n<li>95 puntos Gu\u00eda Pe\u00f1\u00edn 2022<\/li>\n<li>95 puntos Gu\u00eda Proensa 2020<\/li>\n<li>94 puntos Gu\u00eda Pe\u00f1\u00edn 2016<\/li>\n<li>Medalla Gran Oro Premios Mezquita 2019<\/li>\n<li>Medalla Gran Oro CIVAS 2016<\/li>\n<li>Medalla de Oro International Wine Challenge<\/li>\n<\/ul>","protected":false},"excerpt":{"rendered":"<p class=\"prod-short-desc\">VORS very old wine, of more than 40 years of aging, which is originally from the hearths of the Rodr\u00edguez La-Cueva house. Of the so-called \"vino de pa\u00f1uelo\" for its spectacular wealth, elegance and aromatic depth. A living sample of archeology winemaker. It contains more than 270 years of history of the winery. The wine that all good amateur should try at least once in his life.<\/p>","protected":false},"featured_media":15235,"template":"","meta":{"inline_featured_image":false,"_uag_custom_page_level_css":"","site-sidebar-layout":"default","site-content-layout":"","ast-site-content-layout":"default","site-content-style":"default","site-sidebar-style":"default","ast-global-header-display":"","ast-banner-title-visibility":"","ast-main-header-display":"","ast-hfb-above-header-display":"","ast-hfb-below-header-display":"","ast-hfb-mobile-header-display":"","site-post-title":"","ast-breadcrumbs-content":"","ast-featured-img":"","footer-sml-layout":"","ast-disable-related-posts":"","theme-transparent-header-meta":"default","adv-header-id-meta":"","stick-header-meta":"","header-above-stick-meta":"","header-main-stick-meta":"","header-below-stick-meta":"","astra-migrate-meta-layouts":"set","ast-page-background-enabled":"default","ast-page-background-meta":{"desktop":{"background-color":"var(--ast-global-color-5)","background-image":"","background-repeat":"repeat","background-position":"center center","background-size":"auto","background-attachment":"scroll","background-type":"","background-media":"","overlay-type":"","overlay-color":"","overlay-opacity":"","overlay-gradient":""},"tablet":{"background-color":"","background-image":"","background-repeat":"repeat","background-position":"center center","background-size":"auto","background-attachment":"scroll","background-type":"","background-media":"","overlay-type":"","overlay-color":"","overlay-opacity":"","overlay-gradient":""},"mobile":{"background-color":"","background-image":"","background-repeat":"repeat","background-position":"center center","background-size":"auto","background-attachment":"scroll","background-type":"","background-media":"","overlay-type":"","overlay-color":"","overlay-opacity":"","overlay-gradient":""}},"ast-content-background-meta":{"desktop":{"background-color":"var(--ast-global-color-4)","background-image":"","background-repeat":"repeat","background-position":"center center","background-size":"auto","background-attachment":"scroll","background-type":"","background-media":"","overlay-type":"","overlay-color":"","overlay-opacity":"","overlay-gradient":""},"tablet":{"background-color":"var(--ast-global-color-4)","background-image":"","background-repeat":"repeat","background-position":"center center","background-size":"auto","background-attachment":"scroll","background-type":"","background-media":"","overlay-type":"","overlay-color":"","overlay-opacity":"","overlay-gradient":""},"mobile":{"background-color":"var(--ast-global-color-4)","background-image":"","background-repeat":"repeat","background-position":"center center","background-size":"auto","background-attachment":"scroll","background-type":"","background-media":"","overlay-type":"","overlay-color":"","overlay-opacity":"","overlay-gradient":""}}},"product_brand":[],"product_cat":[167,147],"product_tag":[],"class_list":{"0":"post-923","1":"product","2":"type-product","3":"status-publish","4":"has-post-thumbnail","6":"product_cat-amontillado","7":"product_cat-vors","8":"pa_capacidad-50-cl","9":"desktop-align-center","10":"tablet-align-left","11":"mobile-align-left","13":"first","14":"instock","15":"taxable","16":"shipping-taxable","17":"purchasable","18":"product-type-simple"},"yoast_head":"<!-- This site is optimized with the Yoast SEO plugin v27.3 - https:\/\/yoast.com\/product\/yoast-seo-wordpress\/ -->\n<title>Quo Vadis - VORS - Bodega Delgado Zuleta %<\/title>\n<meta name=\"description\" content=\"Vino VORS muy viejo, variedad palomino 100%, con m\u00e1s de 40 a\u00f1os de crianza en botas de roble americano, mediante el sistema de soleras y criaderas.\" \/>\n<meta name=\"robots\" content=\"index, follow, max-snippet:-1, max-image-preview:large, max-video-preview:-1\" \/>\n<link rel=\"canonical\" href=\"https:\/\/delgadozuleta.com\/en\/tienda\/quo-vadis\/\" \/>\n<meta property=\"og:locale\" content=\"en_US\" \/>\n<meta property=\"og:type\" content=\"article\" \/>\n<meta property=\"og:title\" content=\"Quo Vadis - VORS - Bodega Delgado Zuleta %\" \/>\n<meta property=\"og:description\" content=\"Vino VORS muy viejo, variedad palomino 100%, con m\u00e1s de 40 a\u00f1os de crianza en botas de roble americano, mediante el sistema de soleras y criaderas.\" \/>\n<meta property=\"og:url\" content=\"https:\/\/delgadozuleta.com\/en\/tienda\/quo-vadis\/\" \/>\n<meta property=\"og:site_name\" content=\"Bodega Delgado Zuleta\" \/>\n<meta property=\"article:modified_time\" content=\"2025-11-14T13:24:25+00:00\" \/>\n<meta property=\"og:image\" content=\"https:\/\/delgadozuleta.com\/wp-content\/uploads\/quovadis1-white-bg.jpg\" \/>\n\t<meta property=\"og:image:width\" content=\"700\" \/>\n\t<meta property=\"og:image:height\" content=\"935\" \/>\n\t<meta property=\"og:image:type\" content=\"image\/jpeg\" \/>\n<meta name=\"twitter:card\" content=\"summary_large_image\" \/>\n<meta name=\"twitter:label1\" content=\"Est. reading time\" \/>\n\t<meta name=\"twitter:data1\" content=\"2 minutes\" \/>\n<script type=\"application\/ld+json\" class=\"yoast-schema-graph\">{\"@context\":\"https:\\\/\\\/schema.org\",\"@graph\":[{\"@type\":\"WebPage\",\"@id\":\"https:\\\/\\\/delgadozuleta.com\\\/tienda\\\/quo-vadis\\\/\",\"url\":\"https:\\\/\\\/delgadozuleta.com\\\/tienda\\\/quo-vadis\\\/\",\"name\":\"Quo Vadis - VORS - Bodega Delgado Zuleta %\",\"isPartOf\":{\"@id\":\"https:\\\/\\\/delgadozuleta.com\\\/#website\"},\"primaryImageOfPage\":{\"@id\":\"https:\\\/\\\/delgadozuleta.com\\\/tienda\\\/quo-vadis\\\/#primaryimage\"},\"image\":{\"@id\":\"https:\\\/\\\/delgadozuleta.com\\\/tienda\\\/quo-vadis\\\/#primaryimage\"},\"thumbnailUrl\":\"https:\\\/\\\/delgadozuleta.com\\\/wp-content\\\/uploads\\\/quovadis1-white-bg.jpg\",\"datePublished\":\"2015-12-04T11:22:49+00:00\",\"dateModified\":\"2025-11-14T13:24:25+00:00\",\"description\":\"Vino VORS muy viejo, variedad palomino 100%, con m\u00e1s de 40 a\u00f1os de crianza en botas de roble americano, mediante el sistema de soleras y criaderas.\",\"breadcrumb\":{\"@id\":\"https:\\\/\\\/delgadozuleta.com\\\/tienda\\\/quo-vadis\\\/#breadcrumb\"},\"inLanguage\":\"en-US\",\"potentialAction\":[{\"@type\":\"ReadAction\",\"target\":[\"https:\\\/\\\/delgadozuleta.com\\\/tienda\\\/quo-vadis\\\/\"]}]},{\"@type\":\"ImageObject\",\"inLanguage\":\"en-US\",\"@id\":\"https:\\\/\\\/delgadozuleta.com\\\/tienda\\\/quo-vadis\\\/#primaryimage\",\"url\":\"https:\\\/\\\/delgadozuleta.com\\\/wp-content\\\/uploads\\\/quovadis1-white-bg.jpg\",\"contentUrl\":\"https:\\\/\\\/delgadozuleta.com\\\/wp-content\\\/uploads\\\/quovadis1-white-bg.jpg\",\"width\":700,\"height\":935},{\"@type\":\"BreadcrumbList\",\"@id\":\"https:\\\/\\\/delgadozuleta.com\\\/tienda\\\/quo-vadis\\\/#breadcrumb\",\"itemListElement\":[{\"@type\":\"ListItem\",\"position\":1,\"name\":\"Portada\",\"item\":\"https:\\\/\\\/delgadozuleta.com\\\/\"},{\"@type\":\"ListItem\",\"position\":2,\"name\":\"Tienda Online\",\"item\":\"https:\\\/\\\/delgadozuleta.com\\\/en\\\/tienda\\\/\"},{\"@type\":\"ListItem\",\"position\":3,\"name\":\"Quo Vadis &#8211; VORS\"}]},{\"@type\":\"WebSite\",\"@id\":\"https:\\\/\\\/delgadozuleta.com\\\/#website\",\"url\":\"https:\\\/\\\/delgadozuleta.com\\\/\",\"name\":\"Bodega Delgado Zuleta\",\"description\":\"Hist\u00f3rica bodega del Marco de Jerez especialista en la elaboraci\u00f3n de vinos generosos.\",\"publisher\":{\"@id\":\"https:\\\/\\\/delgadozuleta.com\\\/#organization\"},\"potentialAction\":[{\"@type\":\"SearchAction\",\"target\":{\"@type\":\"EntryPoint\",\"urlTemplate\":\"https:\\\/\\\/delgadozuleta.com\\\/?s={search_term_string}\"},\"query-input\":{\"@type\":\"PropertyValueSpecification\",\"valueRequired\":true,\"valueName\":\"search_term_string\"}}],\"inLanguage\":\"en-US\"},{\"@type\":\"Organization\",\"@id\":\"https:\\\/\\\/delgadozuleta.com\\\/#organization\",\"name\":\"Bodega Delgado Zuleta\",\"url\":\"https:\\\/\\\/delgadozuleta.com\\\/\",\"logo\":{\"@type\":\"ImageObject\",\"inLanguage\":\"en-US\",\"@id\":\"https:\\\/\\\/delgadozuleta.com\\\/#\\\/schema\\\/logo\\\/image\\\/\",\"url\":\"https:\\\/\\\/delgadozuleta.com\\\/wp-content\\\/uploads\\\/logo-transparente-300x133-1.png\",\"contentUrl\":\"https:\\\/\\\/delgadozuleta.com\\\/wp-content\\\/uploads\\\/logo-transparente-300x133-1.png\",\"width\":900,\"height\":400,\"caption\":\"Bodega Delgado Zuleta\"},\"image\":{\"@id\":\"https:\\\/\\\/delgadozuleta.com\\\/#\\\/schema\\\/logo\\\/image\\\/\"}}]}<\/script>\n<!-- \/ Yoast SEO plugin. -->","yoast_head_json":{"title":"Quo Vadis - VORS - Bodega Delgado Zuleta %","description":"Vino VORS muy viejo, variedad palomino 100%, con m\u00e1s de 40 a\u00f1os de crianza en botas de roble americano, mediante el sistema de soleras y criaderas.","robots":{"index":"index","follow":"follow","max-snippet":"max-snippet:-1","max-image-preview":"max-image-preview:large","max-video-preview":"max-video-preview:-1"},"canonical":"https:\/\/delgadozuleta.com\/en\/tienda\/quo-vadis\/","og_locale":"en_US","og_type":"article","og_title":"Quo Vadis - VORS - Bodega Delgado Zuleta %","og_description":"Vino VORS muy viejo, variedad palomino 100%, con m\u00e1s de 40 a\u00f1os de crianza en botas de roble americano, mediante el sistema de soleras y criaderas.","og_url":"https:\/\/delgadozuleta.com\/en\/tienda\/quo-vadis\/","og_site_name":"Bodega Delgado Zuleta","article_modified_time":"2025-11-14T13:24:25+00:00","og_image":[{"width":700,"height":935,"url":"https:\/\/delgadozuleta.com\/wp-content\/uploads\/quovadis1-white-bg.jpg","type":"image\/jpeg"}],"twitter_card":"summary_large_image","twitter_misc":{"Est. reading time":"2 minutes"},"schema":{"@context":"https:\/\/schema.org","@graph":[{"@type":"WebPage","@id":"https:\/\/delgadozuleta.com\/tienda\/quo-vadis\/","url":"https:\/\/delgadozuleta.com\/tienda\/quo-vadis\/","name":"Quo Vadis - VORS - Bodega Delgado Zuleta %","isPartOf":{"@id":"https:\/\/delgadozuleta.com\/#website"},"primaryImageOfPage":{"@id":"https:\/\/delgadozuleta.com\/tienda\/quo-vadis\/#primaryimage"},"image":{"@id":"https:\/\/delgadozuleta.com\/tienda\/quo-vadis\/#primaryimage"},"thumbnailUrl":"https:\/\/delgadozuleta.com\/wp-content\/uploads\/quovadis1-white-bg.jpg","datePublished":"2015-12-04T11:22:49+00:00","dateModified":"2025-11-14T13:24:25+00:00","description":"Vino VORS muy viejo, variedad palomino 100%, con m\u00e1s de 40 a\u00f1os de crianza en botas de roble americano, mediante el sistema de soleras y criaderas.","breadcrumb":{"@id":"https:\/\/delgadozuleta.com\/tienda\/quo-vadis\/#breadcrumb"},"inLanguage":"en-US","potentialAction":[{"@type":"ReadAction","target":["https:\/\/delgadozuleta.com\/tienda\/quo-vadis\/"]}]},{"@type":"ImageObject","inLanguage":"en-US","@id":"https:\/\/delgadozuleta.com\/tienda\/quo-vadis\/#primaryimage","url":"https:\/\/delgadozuleta.com\/wp-content\/uploads\/quovadis1-white-bg.jpg","contentUrl":"https:\/\/delgadozuleta.com\/wp-content\/uploads\/quovadis1-white-bg.jpg","width":700,"height":935},{"@type":"BreadcrumbList","@id":"https:\/\/delgadozuleta.com\/tienda\/quo-vadis\/#breadcrumb","itemListElement":[{"@type":"ListItem","position":1,"name":"Portada","item":"https:\/\/delgadozuleta.com\/"},{"@type":"ListItem","position":2,"name":"Tienda Online","item":"https:\/\/delgadozuleta.com\/en\/tienda\/"},{"@type":"ListItem","position":3,"name":"Quo Vadis &#8211; VORS"}]},{"@type":"WebSite","@id":"https:\/\/delgadozuleta.com\/#website","url":"https:\/\/delgadozuleta.com\/","name":"Bodega Delgado Zuleta","description":"Hist\u00f3rica bodega del Marco de Jerez especialista en la elaboraci\u00f3n de vinos generosos.","publisher":{"@id":"https:\/\/delgadozuleta.com\/#organization"},"potentialAction":[{"@type":"SearchAction","target":{"@type":"EntryPoint","urlTemplate":"https:\/\/delgadozuleta.com\/?s={search_term_string}"},"query-input":{"@type":"PropertyValueSpecification","valueRequired":true,"valueName":"search_term_string"}}],"inLanguage":"en-US"},{"@type":"Organization","@id":"https:\/\/delgadozuleta.com\/#organization","name":"Bodega Delgado Zuleta","url":"https:\/\/delgadozuleta.com\/","logo":{"@type":"ImageObject","inLanguage":"en-US","@id":"https:\/\/delgadozuleta.com\/#\/schema\/logo\/image\/","url":"https:\/\/delgadozuleta.com\/wp-content\/uploads\/logo-transparente-300x133-1.png","contentUrl":"https:\/\/delgadozuleta.com\/wp-content\/uploads\/logo-transparente-300x133-1.png","width":900,"height":400,"caption":"Bodega Delgado Zuleta"},"image":{"@id":"https:\/\/delgadozuleta.com\/#\/schema\/logo\/image\/"}}]}},"uagb_featured_image_src":{"full":["https:\/\/delgadozuleta.com\/wp-content\/uploads\/quovadis1-white-bg.jpg",700,935,false],"thumbnail":["https:\/\/delgadozuleta.com\/wp-content\/uploads\/quovadis1-white-bg-150x150.jpg",150,150,true],"medium":["https:\/\/delgadozuleta.com\/wp-content\/uploads\/quovadis1-white-bg-262x350.jpg",262,350,true],"medium_large":["https:\/\/delgadozuleta.com\/wp-content\/uploads\/quovadis1-white-bg.jpg",700,935,false],"large":["https:\/\/delgadozuleta.com\/wp-content\/uploads\/quovadis1-white-bg.jpg",700,935,false],"1536x1536":["https:\/\/delgadozuleta.com\/wp-content\/uploads\/quovadis1-white-bg.jpg",700,935,false],"2048x2048":["https:\/\/delgadozuleta.com\/wp-content\/uploads\/quovadis1-white-bg.jpg",700,935,false],"trp-custom-language-flag":["https:\/\/delgadozuleta.com\/wp-content\/uploads\/quovadis1-white-bg-9x12.jpg",9,12,true],"woocommerce_thumbnail":["https:\/\/delgadozuleta.com\/wp-content\/uploads\/quovadis1-white-bg-400x600.jpg",400,600,true],"woocommerce_single":["https:\/\/delgadozuleta.com\/wp-content\/uploads\/quovadis1-white-bg-510x681.jpg",510,681,true],"woocommerce_gallery_thumbnail":["https:\/\/delgadozuleta.com\/wp-content\/uploads\/quovadis1-white-bg-100x100.jpg",100,100,true]},"uagb_author_info":{"display_name":"BSINFOR EDUARDO","author_link":"https:\/\/delgadozuleta.com\/en\/blog\/author\/"},"uagb_comment_info":0,"uagb_excerpt":"Vino VORS muy viejo, de m\u00e1s de 40 a\u00f1os de crianza, que tiene su origen en las soleras de la casa Rodr\u00edguez La-Cave. De los llamados \u2018vino de pa\u00f1uelo\u2019 por su espectacular riqueza, elegancia y profundidad arom\u00e1tica. Una muestra viva de arqueolog\u00eda enol\u00f3gica, que por s\u00ed mismo encierra los m\u00e1s de 270 a\u00f1os de historia&hellip;","_links":{"self":[{"href":"https:\/\/delgadozuleta.com\/en\/wp-json\/wp\/v2\/product\/923","targetHints":{"allow":["GET"]}}],"collection":[{"href":"https:\/\/delgadozuleta.com\/en\/wp-json\/wp\/v2\/product"}],"about":[{"href":"https:\/\/delgadozuleta.com\/en\/wp-json\/wp\/v2\/types\/product"}],"wp:featuredmedia":[{"embeddable":true,"href":"https:\/\/delgadozuleta.com\/en\/wp-json\/wp\/v2\/media\/15235"}],"wp:attachment":[{"href":"https:\/\/delgadozuleta.com\/en\/wp-json\/wp\/v2\/media?parent=923"}],"wp:term":[{"taxonomy":"product_brand","embeddable":true,"href":"https:\/\/delgadozuleta.com\/en\/wp-json\/wp\/v2\/product_brand?post=923"},{"taxonomy":"product_cat","embeddable":true,"href":"https:\/\/delgadozuleta.com\/en\/wp-json\/wp\/v2\/product_cat?post=923"},{"taxonomy":"product_tag","embeddable":true,"href":"https:\/\/delgadozuleta.com\/en\/wp-json\/wp\/v2\/product_tag?post=923"}],"curies":[{"name":"wp","href":"https:\/\/api.w.org\/{rel}","templated":true}]}}