{"id":912,"date":"2016-01-20T14:51:27","date_gmt":"2016-01-20T13:51:27","guid":{"rendered":"https:\/\/delgadozuleta.bgoapps.es\/en\/tienda\/oloroso-zuleta\/"},"modified":"2025-12-30T09:34:46","modified_gmt":"2025-12-30T08:34:46","slug":"oloroso-zuleta","status":"publish","type":"product","link":"https:\/\/delgadozuleta.com\/en\/tienda\/oloroso-zuleta\/","title":{"rendered":"Oloroso Zuleta"},"content":{"rendered":"<p>TECHNICAL SHEET<br \/>\nVino de crianza oxidativa desde sus inicios, de la variedad palomino 100%, con unos 5 a\u00f1os de crianza mediante el sistema de soleras y criaderas en botas de roble americano. Su graduaci\u00f3n alcoh\u00f3lica es de 17,5 % vol., y se presenta en botellas de 75 cl.<\/p>\n<p>TASTING NOTES<br \/>\nDe color \u00e1mbar, limpio y cristalino, presenta aromas complejos y notas a frutos secos, como la nuez y la avellana, con matices propios de la madera. En boca es seco, suave y redondo al paladar, con un postgusto largo y persistente.<\/p>\n<p>PAIRING<br \/>\nEl vino perfecto para completar una comida solo con vinos generosos, ya que el oloroso es un vino ideal para los platos principales, siendo un gran acompa\u00f1ante para todo tipo de guisos de carne.<\/p>","protected":false},"excerpt":{"rendered":"<p class=\"prod-short-desc\">Seleccionado de nuestros mostos de partida, con m\u00e1s cuerpo, sometidos \u00fanicamente a crianza oxidativa tras su fortificaci\u00f3n, lo que lo diferencia del amontillado.<\/p>","protected":false},"featured_media":9549,"template":"","meta":{"inline_featured_image":false,"_uag_custom_page_level_css":"","site-sidebar-layout":"default","site-content-layout":"","ast-site-content-layout":"default","site-content-style":"default","site-sidebar-style":"default","ast-global-header-display":"","ast-banner-title-visibility":"","ast-main-header-display":"","ast-hfb-above-header-display":"","ast-hfb-below-header-display":"","ast-hfb-mobile-header-display":"","site-post-title":"","ast-breadcrumbs-content":"","ast-featured-img":"","footer-sml-layout":"","theme-transparent-header-meta":"","adv-header-id-meta":"","stick-header-meta":"","header-above-stick-meta":"","header-main-stick-meta":"","header-below-stick-meta":"","astra-migrate-meta-layouts":"default","ast-page-background-enabled":"default","ast-page-background-meta":{"desktop":{"background-color":"var(--ast-global-color-5)","background-image":"","background-repeat":"repeat","background-position":"center center","background-size":"auto","background-attachment":"scroll","background-type":"","background-media":"","overlay-type":"","overlay-color":"","overlay-opacity":"","overlay-gradient":""},"tablet":{"background-color":"","background-image":"","background-repeat":"repeat","background-position":"center center","background-size":"auto","background-attachment":"scroll","background-type":"","background-media":"","overlay-type":"","overlay-color":"","overlay-opacity":"","overlay-gradient":""},"mobile":{"background-color":"","background-image":"","background-repeat":"repeat","background-position":"center center","background-size":"auto","background-attachment":"scroll","background-type":"","background-media":"","overlay-type":"","overlay-color":"","overlay-opacity":"","overlay-gradient":""}},"ast-content-background-meta":{"desktop":{"background-color":"var(--ast-global-color-4)","background-image":"","background-repeat":"repeat","background-position":"center center","background-size":"auto","background-attachment":"scroll","background-type":"","background-media":"","overlay-type":"","overlay-color":"","overlay-opacity":"","overlay-gradient":""},"tablet":{"background-color":"var(--ast-global-color-4)","background-image":"","background-repeat":"repeat","background-position":"center center","background-size":"auto","background-attachment":"scroll","background-type":"","background-media":"","overlay-type":"","overlay-color":"","overlay-opacity":"","overlay-gradient":""},"mobile":{"background-color":"var(--ast-global-color-4)","background-image":"","background-repeat":"repeat","background-position":"center center","background-size":"auto","background-attachment":"scroll","background-type":"","background-media":"","overlay-type":"","overlay-color":"","overlay-opacity":"","overlay-gradient":""}}},"product_brand":[],"product_cat":[9,169],"product_tag":[],"class_list":{"0":"post-912","1":"product","2":"type-product","3":"status-publish","4":"has-post-thumbnail","6":"product_cat-gama-zuleta","7":"product_cat-oloroso","8":"desktop-align-center","9":"tablet-align-left","10":"mobile-align-left","12":"first","13":"instock","14":"taxable","15":"shipping-taxable","16":"purchasable","17":"product-type-simple"},"yoast_head":"<!-- This site is optimized with the Yoast SEO plugin v27.0 - https:\/\/yoast.com\/product\/yoast-seo-wordpress\/ -->\n<title>Oloroso Zuleta - Bodega Delgado Zuleta<\/title>\n<meta name=\"robots\" content=\"index, follow, max-snippet:-1, max-image-preview:large, max-video-preview:-1\" \/>\n<link rel=\"canonical\" href=\"https:\/\/delgadozuleta.com\/en\/tienda\/oloroso-zuleta\/\" \/>\n<meta property=\"og:locale\" content=\"en_US\" \/>\n<meta property=\"og:type\" content=\"article\" \/>\n<meta property=\"og:title\" content=\"Oloroso Zuleta - Bodega Delgado Zuleta\" \/>\n<meta property=\"og:description\" content=\"Seleccionado de nuestros mostos de partida, con m\u00e1s cuerpo, sometidos \u00fanicamente a crianza oxidativa tras su fortificaci\u00f3n, lo que lo diferencia del amontillado.\" \/>\n<meta property=\"og:url\" content=\"https:\/\/delgadozuleta.com\/en\/tienda\/oloroso-zuleta\/\" \/>\n<meta property=\"og:site_name\" content=\"Bodega Delgado Zuleta\" \/>\n<meta property=\"article:modified_time\" content=\"2025-12-30T08:34:46+00:00\" \/>\n<meta property=\"og:image\" content=\"https:\/\/delgadozuleta.com\/wp-content\/uploads\/12.png\" \/>\n\t<meta property=\"og:image:width\" content=\"700\" \/>\n\t<meta property=\"og:image:height\" content=\"1000\" \/>\n\t<meta property=\"og:image:type\" content=\"image\/png\" \/>\n<meta name=\"twitter:card\" content=\"summary_large_image\" \/>\n<meta name=\"twitter:label1\" content=\"Est. reading time\" \/>\n\t<meta name=\"twitter:data1\" content=\"1 minute\" \/>\n<script type=\"application\/ld+json\" class=\"yoast-schema-graph\">{\"@context\":\"https:\/\/schema.org\",\"@graph\":[{\"@type\":\"WebPage\",\"@id\":\"https:\/\/delgadozuleta.com\/tienda\/oloroso-zuleta\/\",\"url\":\"https:\/\/delgadozuleta.com\/tienda\/oloroso-zuleta\/\",\"name\":\"Oloroso Zuleta - Bodega Delgado Zuleta\",\"isPartOf\":{\"@id\":\"https:\/\/delgadozuleta.com\/#website\"},\"primaryImageOfPage\":{\"@id\":\"https:\/\/delgadozuleta.com\/tienda\/oloroso-zuleta\/#primaryimage\"},\"image\":{\"@id\":\"https:\/\/delgadozuleta.com\/tienda\/oloroso-zuleta\/#primaryimage\"},\"thumbnailUrl\":\"https:\/\/delgadozuleta.com\/wp-content\/uploads\/12.png\",\"datePublished\":\"2016-01-20T13:51:27+00:00\",\"dateModified\":\"2025-12-30T08:34:46+00:00\",\"breadcrumb\":{\"@id\":\"https:\/\/delgadozuleta.com\/tienda\/oloroso-zuleta\/#breadcrumb\"},\"inLanguage\":\"en-US\",\"potentialAction\":[{\"@type\":\"ReadAction\",\"target\":[\"https:\/\/delgadozuleta.com\/tienda\/oloroso-zuleta\/\"]}]},{\"@type\":\"ImageObject\",\"inLanguage\":\"en-US\",\"@id\":\"https:\/\/delgadozuleta.com\/tienda\/oloroso-zuleta\/#primaryimage\",\"url\":\"https:\/\/delgadozuleta.com\/wp-content\/uploads\/12.png\",\"contentUrl\":\"https:\/\/delgadozuleta.com\/wp-content\/uploads\/12.png\",\"width\":700,\"height\":1000},{\"@type\":\"BreadcrumbList\",\"@id\":\"https:\/\/delgadozuleta.com\/tienda\/oloroso-zuleta\/#breadcrumb\",\"itemListElement\":[{\"@type\":\"ListItem\",\"position\":1,\"name\":\"Portada\",\"item\":\"https:\/\/delgadozuleta.com\/\"},{\"@type\":\"ListItem\",\"position\":2,\"name\":\"Tienda Online\",\"item\":\"https:\/\/delgadozuleta.com\/en\/tienda\/\"},{\"@type\":\"ListItem\",\"position\":3,\"name\":\"Oloroso Zuleta\"}]},{\"@type\":\"WebSite\",\"@id\":\"https:\/\/delgadozuleta.com\/#website\",\"url\":\"https:\/\/delgadozuleta.com\/\",\"name\":\"Bodega Delgado Zuleta\",\"description\":\"Hist\u00f3rica bodega del Marco de Jerez especialista en la elaboraci\u00f3n de vinos generosos.\",\"publisher\":{\"@id\":\"https:\/\/delgadozuleta.com\/#organization\"},\"potentialAction\":[{\"@type\":\"SearchAction\",\"target\":{\"@type\":\"EntryPoint\",\"urlTemplate\":\"https:\/\/delgadozuleta.com\/?s={search_term_string}\"},\"query-input\":{\"@type\":\"PropertyValueSpecification\",\"valueRequired\":true,\"valueName\":\"search_term_string\"}}],\"inLanguage\":\"en-US\"},{\"@type\":\"Organization\",\"@id\":\"https:\/\/delgadozuleta.com\/#organization\",\"name\":\"Bodega Delgado Zuleta\",\"url\":\"https:\/\/delgadozuleta.com\/\",\"logo\":{\"@type\":\"ImageObject\",\"inLanguage\":\"en-US\",\"@id\":\"https:\/\/delgadozuleta.com\/#\/schema\/logo\/image\/\",\"url\":\"https:\/\/delgadozuleta.com\/wp-content\/uploads\/logo-transparente-300x133-1.png\",\"contentUrl\":\"https:\/\/delgadozuleta.com\/wp-content\/uploads\/logo-transparente-300x133-1.png\",\"width\":900,\"height\":400,\"caption\":\"Bodega Delgado Zuleta\"},\"image\":{\"@id\":\"https:\/\/delgadozuleta.com\/#\/schema\/logo\/image\/\"}}]}<\/script>\n<!-- \/ Yoast SEO plugin. -->","yoast_head_json":{"title":"Oloroso Zuleta - Bodega Delgado Zuleta","robots":{"index":"index","follow":"follow","max-snippet":"max-snippet:-1","max-image-preview":"max-image-preview:large","max-video-preview":"max-video-preview:-1"},"canonical":"https:\/\/delgadozuleta.com\/en\/tienda\/oloroso-zuleta\/","og_locale":"en_US","og_type":"article","og_title":"Oloroso Zuleta - Bodega Delgado Zuleta","og_description":"Seleccionado de nuestros mostos de partida, con m\u00e1s cuerpo, sometidos \u00fanicamente a crianza oxidativa tras su fortificaci\u00f3n, lo que lo diferencia del amontillado.","og_url":"https:\/\/delgadozuleta.com\/en\/tienda\/oloroso-zuleta\/","og_site_name":"Bodega Delgado Zuleta","article_modified_time":"2025-12-30T08:34:46+00:00","og_image":[{"width":700,"height":1000,"url":"https:\/\/delgadozuleta.com\/wp-content\/uploads\/12.png","type":"image\/png"}],"twitter_card":"summary_large_image","twitter_misc":{"Est. reading time":"1 minute"},"schema":{"@context":"https:\/\/schema.org","@graph":[{"@type":"WebPage","@id":"https:\/\/delgadozuleta.com\/tienda\/oloroso-zuleta\/","url":"https:\/\/delgadozuleta.com\/tienda\/oloroso-zuleta\/","name":"Oloroso Zuleta - Bodega Delgado Zuleta","isPartOf":{"@id":"https:\/\/delgadozuleta.com\/#website"},"primaryImageOfPage":{"@id":"https:\/\/delgadozuleta.com\/tienda\/oloroso-zuleta\/#primaryimage"},"image":{"@id":"https:\/\/delgadozuleta.com\/tienda\/oloroso-zuleta\/#primaryimage"},"thumbnailUrl":"https:\/\/delgadozuleta.com\/wp-content\/uploads\/12.png","datePublished":"2016-01-20T13:51:27+00:00","dateModified":"2025-12-30T08:34:46+00:00","breadcrumb":{"@id":"https:\/\/delgadozuleta.com\/tienda\/oloroso-zuleta\/#breadcrumb"},"inLanguage":"en-US","potentialAction":[{"@type":"ReadAction","target":["https:\/\/delgadozuleta.com\/tienda\/oloroso-zuleta\/"]}]},{"@type":"ImageObject","inLanguage":"en-US","@id":"https:\/\/delgadozuleta.com\/tienda\/oloroso-zuleta\/#primaryimage","url":"https:\/\/delgadozuleta.com\/wp-content\/uploads\/12.png","contentUrl":"https:\/\/delgadozuleta.com\/wp-content\/uploads\/12.png","width":700,"height":1000},{"@type":"BreadcrumbList","@id":"https:\/\/delgadozuleta.com\/tienda\/oloroso-zuleta\/#breadcrumb","itemListElement":[{"@type":"ListItem","position":1,"name":"Portada","item":"https:\/\/delgadozuleta.com\/"},{"@type":"ListItem","position":2,"name":"Tienda Online","item":"https:\/\/delgadozuleta.com\/en\/tienda\/"},{"@type":"ListItem","position":3,"name":"Oloroso Zuleta"}]},{"@type":"WebSite","@id":"https:\/\/delgadozuleta.com\/#website","url":"https:\/\/delgadozuleta.com\/","name":"Bodega Delgado Zuleta","description":"Hist\u00f3rica bodega del Marco de Jerez especialista en la elaboraci\u00f3n de vinos generosos.","publisher":{"@id":"https:\/\/delgadozuleta.com\/#organization"},"potentialAction":[{"@type":"SearchAction","target":{"@type":"EntryPoint","urlTemplate":"https:\/\/delgadozuleta.com\/?s={search_term_string}"},"query-input":{"@type":"PropertyValueSpecification","valueRequired":true,"valueName":"search_term_string"}}],"inLanguage":"en-US"},{"@type":"Organization","@id":"https:\/\/delgadozuleta.com\/#organization","name":"Bodega Delgado Zuleta","url":"https:\/\/delgadozuleta.com\/","logo":{"@type":"ImageObject","inLanguage":"en-US","@id":"https:\/\/delgadozuleta.com\/#\/schema\/logo\/image\/","url":"https:\/\/delgadozuleta.com\/wp-content\/uploads\/logo-transparente-300x133-1.png","contentUrl":"https:\/\/delgadozuleta.com\/wp-content\/uploads\/logo-transparente-300x133-1.png","width":900,"height":400,"caption":"Bodega Delgado Zuleta"},"image":{"@id":"https:\/\/delgadozuleta.com\/#\/schema\/logo\/image\/"}}]}},"uagb_featured_image_src":{"full":["https:\/\/delgadozuleta.com\/wp-content\/uploads\/12.png",700,1000,false],"thumbnail":["https:\/\/delgadozuleta.com\/wp-content\/uploads\/12-150x150.png",150,150,true],"medium":["https:\/\/delgadozuleta.com\/wp-content\/uploads\/12-245x350.png",245,350,true],"medium_large":["https:\/\/delgadozuleta.com\/wp-content\/uploads\/12.png",700,1000,false],"large":["https:\/\/delgadozuleta.com\/wp-content\/uploads\/12.png",700,1000,false],"1536x1536":["https:\/\/delgadozuleta.com\/wp-content\/uploads\/12.png",700,1000,false],"2048x2048":["https:\/\/delgadozuleta.com\/wp-content\/uploads\/12.png",700,1000,false],"trp-custom-language-flag":["https:\/\/delgadozuleta.com\/wp-content\/uploads\/12-8x12.png",8,12,true],"woocommerce_thumbnail":["https:\/\/delgadozuleta.com\/wp-content\/uploads\/12-400x600.png",400,600,true],"woocommerce_single":["https:\/\/delgadozuleta.com\/wp-content\/uploads\/12-510x729.png",510,729,true],"woocommerce_gallery_thumbnail":["https:\/\/delgadozuleta.com\/wp-content\/uploads\/12-100x100.png",100,100,true]},"uagb_author_info":{"display_name":"BSINFOR EDUARDO","author_link":"https:\/\/delgadozuleta.com\/en\/blog\/author\/"},"uagb_comment_info":0,"uagb_excerpt":"Seleccionado de nuestros mostos de partida, con m\u00e1s cuerpo, sometidos \u00fanicamente a crianza oxidativa tras su fortificaci\u00f3n, lo que lo diferencia del amontillado.","_links":{"self":[{"href":"https:\/\/delgadozuleta.com\/en\/wp-json\/wp\/v2\/product\/912","targetHints":{"allow":["GET"]}}],"collection":[{"href":"https:\/\/delgadozuleta.com\/en\/wp-json\/wp\/v2\/product"}],"about":[{"href":"https:\/\/delgadozuleta.com\/en\/wp-json\/wp\/v2\/types\/product"}],"wp:featuredmedia":[{"embeddable":true,"href":"https:\/\/delgadozuleta.com\/en\/wp-json\/wp\/v2\/media\/9549"}],"wp:attachment":[{"href":"https:\/\/delgadozuleta.com\/en\/wp-json\/wp\/v2\/media?parent=912"}],"wp:term":[{"taxonomy":"product_brand","embeddable":true,"href":"https:\/\/delgadozuleta.com\/en\/wp-json\/wp\/v2\/product_brand?post=912"},{"taxonomy":"product_cat","embeddable":true,"href":"https:\/\/delgadozuleta.com\/en\/wp-json\/wp\/v2\/product_cat?post=912"},{"taxonomy":"product_tag","embeddable":true,"href":"https:\/\/delgadozuleta.com\/en\/wp-json\/wp\/v2\/product_tag?post=912"}],"curies":[{"name":"wp","href":"https:\/\/api.w.org\/{rel}","templated":true}]}}