{"id":8972,"date":"2023-12-11T18:23:32","date_gmt":"2023-12-11T17:23:32","guid":{"rendered":"https:\/\/delgadozuleta.bgoapps.es\/tienda\/pack-monteagudo-3\/"},"modified":"2025-07-24T10:34:44","modified_gmt":"2025-07-24T09:34:44","slug":"pack-monteagudo-3","status":"publish","type":"product","link":"https:\/\/delgadozuleta.com\/en\/tienda\/pack-monteagudo-3\/","title":{"rendered":"Pack Monteagudo"},"content":{"rendered":"<p>Delgado Zuleta lanza el Pack Monteagudo, una selecci\u00f3n de tres de las referencias m\u00e1s representativas de la gama de jereces con una imagen recientemente renovada. Amontillado, la quintaesencia de la crianza biol\u00f3gica y resumen de los casi 3 siglos de historia de esta bodega; oloroso, un vino altamente gastron\u00f3mico nacido a partir de la selecci\u00f3n de nuestros mostos de partida; y pedro xim\u00e9nez, un verdadero postre procedente de\u00a0dicha variedad de de uvas previamente pasificadas al sol.<\/p>\n<p>El Pack Monteagudo incluye:<\/p>\n<p>\u2022 1 botella de amontillado Monteagudo de 0,75 l<br \/>\n\u2022 1 botella de oloroso Monteagudo de 0,75 l<br \/>\n\u2022 1 botella de pedro xim\u00e9nez Monteagudo de 0,75 l<\/p>\n<p>ENV\u00cdO GRATIS<\/p>\n<p>&nbsp;<\/p>\n<p>&nbsp;<\/p>","protected":false},"excerpt":{"rendered":"<p>El Pack Monteagudo incluye:<\/p>\n<ul>\n<ul>\u2022 1 botella de amontillado Monteagudo de 0,75 l<\/ul>\n<\/ul>\n<p>&nbsp;<\/p>\n<ul>\n<ul>\u2022 1 botella de oloroso Monteagudo de 0,75 l<\/ul>\n<\/ul>\n<p>&nbsp;<\/p>\n<ul>\u2022 1 botella de pedro xim\u00e9nez Monteagudo de 0,75 l<\/ul>\n<p>ENV\u00cdO GRATIS<\/p>","protected":false},"featured_media":8973,"template":"","meta":{"inline_featured_image":false,"_uag_custom_page_level_css":"","site-sidebar-layout":"default","site-content-layout":"","ast-site-content-layout":"default","site-content-style":"default","site-sidebar-style":"default","ast-global-header-display":"","ast-banner-title-visibility":"","ast-main-header-display":"","ast-hfb-above-header-display":"","ast-hfb-below-header-display":"","ast-hfb-mobile-header-display":"","site-post-title":"","ast-breadcrumbs-content":"","ast-featured-img":"","footer-sml-layout":"","ast-disable-related-posts":"","theme-transparent-header-meta":"","adv-header-id-meta":"","stick-header-meta":"","header-above-stick-meta":"","header-main-stick-meta":"","header-below-stick-meta":"","astra-migrate-meta-layouts":"default","ast-page-background-enabled":"default","ast-page-background-meta":{"desktop":{"background-color":"var(--ast-global-color-5)","background-image":"","background-repeat":"repeat","background-position":"center center","background-size":"auto","background-attachment":"scroll","background-type":"","background-media":"","overlay-type":"","overlay-color":"","overlay-opacity":"","overlay-gradient":""},"tablet":{"background-color":"","background-image":"","background-repeat":"repeat","background-position":"center center","background-size":"auto","background-attachment":"scroll","background-type":"","background-media":"","overlay-type":"","overlay-color":"","overlay-opacity":"","overlay-gradient":""},"mobile":{"background-color":"","background-image":"","background-repeat":"repeat","background-position":"center center","background-size":"auto","background-attachment":"scroll","background-type":"","background-media":"","overlay-type":"","overlay-color":"","overlay-opacity":"","overlay-gradient":""}},"ast-content-background-meta":{"desktop":{"background-color":"var(--ast-global-color-4)","background-image":"","background-repeat":"repeat","background-position":"center center","background-size":"auto","background-attachment":"scroll","background-type":"","background-media":"","overlay-type":"","overlay-color":"","overlay-opacity":"","overlay-gradient":""},"tablet":{"background-color":"var(--ast-global-color-4)","background-image":"","background-repeat":"repeat","background-position":"center center","background-size":"auto","background-attachment":"scroll","background-type":"","background-media":"","overlay-type":"","overlay-color":"","overlay-opacity":"","overlay-gradient":""},"mobile":{"background-color":"var(--ast-global-color-4)","background-image":"","background-repeat":"repeat","background-position":"center center","background-size":"auto","background-attachment":"scroll","background-type":"","background-media":"","overlay-type":"","overlay-color":"","overlay-opacity":"","overlay-gradient":""}}},"product_brand":[],"product_cat":[26],"product_tag":[],"class_list":{"0":"post-8972","1":"product","2":"type-product","3":"status-publish","4":"has-post-thumbnail","6":"product_cat-ofertas-y-promociones","7":"product_shipping_class-envio-gratuito","8":"desktop-align-center","9":"tablet-align-left","10":"mobile-align-left","12":"first","13":"outofstock","14":"taxable","15":"shipping-taxable","16":"purchasable","17":"product-type-simple"},"yoast_head":"<!-- This site is optimized with the Yoast SEO plugin v27.3 - https:\/\/yoast.com\/product\/yoast-seo-wordpress\/ -->\n<title>Pack Monteagudo - Bodega Delgado Zuleta<\/title>\n<meta name=\"robots\" content=\"index, follow, max-snippet:-1, max-image-preview:large, max-video-preview:-1\" \/>\n<link rel=\"canonical\" href=\"https:\/\/delgadozuleta.com\/en\/tienda\/pack-monteagudo-3\/\" \/>\n<meta property=\"og:locale\" content=\"en_US\" \/>\n<meta property=\"og:type\" content=\"article\" \/>\n<meta property=\"og:title\" content=\"Pack Monteagudo - Bodega Delgado Zuleta\" \/>\n<meta property=\"og:description\" content=\"El Pack Monteagudo incluye: \u2022 1 botella de amontillado Monteagudo de 0,75 l &nbsp; \u2022 1 botella de oloroso Monteagudo de 0,75 l &nbsp; \u2022 1 botella de pedro xim\u00e9nez Monteagudo de 0,75 l ENV\u00cdO GRATIS\" \/>\n<meta property=\"og:url\" content=\"https:\/\/delgadozuleta.com\/en\/tienda\/pack-monteagudo-3\/\" \/>\n<meta property=\"og:site_name\" content=\"Bodega Delgado Zuleta\" \/>\n<meta property=\"article:modified_time\" content=\"2025-07-24T09:34:44+00:00\" \/>\n<meta property=\"og:image\" content=\"https:\/\/delgadozuleta.com\/wp-content\/uploads\/PACK-MONTEAGUDO-DELGADO-ZULETA2-2.jpg\" \/>\n\t<meta property=\"og:image:width\" content=\"700\" \/>\n\t<meta property=\"og:image:height\" content=\"935\" \/>\n\t<meta property=\"og:image:type\" content=\"image\/jpeg\" \/>\n<meta name=\"twitter:card\" content=\"summary_large_image\" \/>\n<meta name=\"twitter:label1\" content=\"Est. reading time\" \/>\n\t<meta name=\"twitter:data1\" content=\"1 minute\" \/>\n<script type=\"application\/ld+json\" class=\"yoast-schema-graph\">{\"@context\":\"https:\\\/\\\/schema.org\",\"@graph\":[{\"@type\":\"WebPage\",\"@id\":\"https:\\\/\\\/delgadozuleta.com\\\/tienda\\\/pack-monteagudo-3\\\/\",\"url\":\"https:\\\/\\\/delgadozuleta.com\\\/tienda\\\/pack-monteagudo-3\\\/\",\"name\":\"Pack Monteagudo - Bodega Delgado Zuleta\",\"isPartOf\":{\"@id\":\"https:\\\/\\\/delgadozuleta.com\\\/#website\"},\"primaryImageOfPage\":{\"@id\":\"https:\\\/\\\/delgadozuleta.com\\\/tienda\\\/pack-monteagudo-3\\\/#primaryimage\"},\"image\":{\"@id\":\"https:\\\/\\\/delgadozuleta.com\\\/tienda\\\/pack-monteagudo-3\\\/#primaryimage\"},\"thumbnailUrl\":\"https:\\\/\\\/delgadozuleta.com\\\/wp-content\\\/uploads\\\/PACK-MONTEAGUDO-DELGADO-ZULETA2-2.jpg\",\"datePublished\":\"2023-12-11T17:23:32+00:00\",\"dateModified\":\"2025-07-24T09:34:44+00:00\",\"breadcrumb\":{\"@id\":\"https:\\\/\\\/delgadozuleta.com\\\/tienda\\\/pack-monteagudo-3\\\/#breadcrumb\"},\"inLanguage\":\"en-US\",\"potentialAction\":[{\"@type\":\"ReadAction\",\"target\":[\"https:\\\/\\\/delgadozuleta.com\\\/tienda\\\/pack-monteagudo-3\\\/\"]}]},{\"@type\":\"ImageObject\",\"inLanguage\":\"en-US\",\"@id\":\"https:\\\/\\\/delgadozuleta.com\\\/tienda\\\/pack-monteagudo-3\\\/#primaryimage\",\"url\":\"https:\\\/\\\/delgadozuleta.com\\\/wp-content\\\/uploads\\\/PACK-MONTEAGUDO-DELGADO-ZULETA2-2.jpg\",\"contentUrl\":\"https:\\\/\\\/delgadozuleta.com\\\/wp-content\\\/uploads\\\/PACK-MONTEAGUDO-DELGADO-ZULETA2-2.jpg\",\"width\":700,\"height\":935},{\"@type\":\"BreadcrumbList\",\"@id\":\"https:\\\/\\\/delgadozuleta.com\\\/tienda\\\/pack-monteagudo-3\\\/#breadcrumb\",\"itemListElement\":[{\"@type\":\"ListItem\",\"position\":1,\"name\":\"Portada\",\"item\":\"https:\\\/\\\/delgadozuleta.com\\\/\"},{\"@type\":\"ListItem\",\"position\":2,\"name\":\"Tienda Online\",\"item\":\"https:\\\/\\\/delgadozuleta.com\\\/en\\\/tienda\\\/\"},{\"@type\":\"ListItem\",\"position\":3,\"name\":\"Pack Monteagudo\"}]},{\"@type\":\"WebSite\",\"@id\":\"https:\\\/\\\/delgadozuleta.com\\\/#website\",\"url\":\"https:\\\/\\\/delgadozuleta.com\\\/\",\"name\":\"Bodega Delgado Zuleta\",\"description\":\"Hist\u00f3rica bodega del Marco de Jerez especialista en la elaboraci\u00f3n de vinos generosos.\",\"publisher\":{\"@id\":\"https:\\\/\\\/delgadozuleta.com\\\/#organization\"},\"potentialAction\":[{\"@type\":\"SearchAction\",\"target\":{\"@type\":\"EntryPoint\",\"urlTemplate\":\"https:\\\/\\\/delgadozuleta.com\\\/?s={search_term_string}\"},\"query-input\":{\"@type\":\"PropertyValueSpecification\",\"valueRequired\":true,\"valueName\":\"search_term_string\"}}],\"inLanguage\":\"en-US\"},{\"@type\":\"Organization\",\"@id\":\"https:\\\/\\\/delgadozuleta.com\\\/#organization\",\"name\":\"Bodega Delgado Zuleta\",\"url\":\"https:\\\/\\\/delgadozuleta.com\\\/\",\"logo\":{\"@type\":\"ImageObject\",\"inLanguage\":\"en-US\",\"@id\":\"https:\\\/\\\/delgadozuleta.com\\\/#\\\/schema\\\/logo\\\/image\\\/\",\"url\":\"https:\\\/\\\/delgadozuleta.com\\\/wp-content\\\/uploads\\\/logo-transparente-300x133-1.png\",\"contentUrl\":\"https:\\\/\\\/delgadozuleta.com\\\/wp-content\\\/uploads\\\/logo-transparente-300x133-1.png\",\"width\":900,\"height\":400,\"caption\":\"Bodega Delgado Zuleta\"},\"image\":{\"@id\":\"https:\\\/\\\/delgadozuleta.com\\\/#\\\/schema\\\/logo\\\/image\\\/\"}}]}<\/script>\n<!-- \/ Yoast SEO plugin. -->","yoast_head_json":{"title":"Pack Monteagudo - Bodega Delgado Zuleta","robots":{"index":"index","follow":"follow","max-snippet":"max-snippet:-1","max-image-preview":"max-image-preview:large","max-video-preview":"max-video-preview:-1"},"canonical":"https:\/\/delgadozuleta.com\/en\/tienda\/pack-monteagudo-3\/","og_locale":"en_US","og_type":"article","og_title":"Pack Monteagudo - Bodega Delgado Zuleta","og_description":"El Pack Monteagudo incluye: \u2022 1 botella de amontillado Monteagudo de 0,75 l &nbsp; \u2022 1 botella de oloroso Monteagudo de 0,75 l &nbsp; \u2022 1 botella de pedro xim\u00e9nez Monteagudo de 0,75 l ENV\u00cdO GRATIS","og_url":"https:\/\/delgadozuleta.com\/en\/tienda\/pack-monteagudo-3\/","og_site_name":"Bodega Delgado Zuleta","article_modified_time":"2025-07-24T09:34:44+00:00","og_image":[{"width":700,"height":935,"url":"https:\/\/delgadozuleta.com\/wp-content\/uploads\/PACK-MONTEAGUDO-DELGADO-ZULETA2-2.jpg","type":"image\/jpeg"}],"twitter_card":"summary_large_image","twitter_misc":{"Est. reading time":"1 minute"},"schema":{"@context":"https:\/\/schema.org","@graph":[{"@type":"WebPage","@id":"https:\/\/delgadozuleta.com\/tienda\/pack-monteagudo-3\/","url":"https:\/\/delgadozuleta.com\/tienda\/pack-monteagudo-3\/","name":"Pack Monteagudo - Bodega Delgado Zuleta","isPartOf":{"@id":"https:\/\/delgadozuleta.com\/#website"},"primaryImageOfPage":{"@id":"https:\/\/delgadozuleta.com\/tienda\/pack-monteagudo-3\/#primaryimage"},"image":{"@id":"https:\/\/delgadozuleta.com\/tienda\/pack-monteagudo-3\/#primaryimage"},"thumbnailUrl":"https:\/\/delgadozuleta.com\/wp-content\/uploads\/PACK-MONTEAGUDO-DELGADO-ZULETA2-2.jpg","datePublished":"2023-12-11T17:23:32+00:00","dateModified":"2025-07-24T09:34:44+00:00","breadcrumb":{"@id":"https:\/\/delgadozuleta.com\/tienda\/pack-monteagudo-3\/#breadcrumb"},"inLanguage":"en-US","potentialAction":[{"@type":"ReadAction","target":["https:\/\/delgadozuleta.com\/tienda\/pack-monteagudo-3\/"]}]},{"@type":"ImageObject","inLanguage":"en-US","@id":"https:\/\/delgadozuleta.com\/tienda\/pack-monteagudo-3\/#primaryimage","url":"https:\/\/delgadozuleta.com\/wp-content\/uploads\/PACK-MONTEAGUDO-DELGADO-ZULETA2-2.jpg","contentUrl":"https:\/\/delgadozuleta.com\/wp-content\/uploads\/PACK-MONTEAGUDO-DELGADO-ZULETA2-2.jpg","width":700,"height":935},{"@type":"BreadcrumbList","@id":"https:\/\/delgadozuleta.com\/tienda\/pack-monteagudo-3\/#breadcrumb","itemListElement":[{"@type":"ListItem","position":1,"name":"Portada","item":"https:\/\/delgadozuleta.com\/"},{"@type":"ListItem","position":2,"name":"Tienda Online","item":"https:\/\/delgadozuleta.com\/en\/tienda\/"},{"@type":"ListItem","position":3,"name":"Pack Monteagudo"}]},{"@type":"WebSite","@id":"https:\/\/delgadozuleta.com\/#website","url":"https:\/\/delgadozuleta.com\/","name":"Bodega Delgado Zuleta","description":"Hist\u00f3rica bodega del Marco de Jerez especialista en la elaboraci\u00f3n de vinos generosos.","publisher":{"@id":"https:\/\/delgadozuleta.com\/#organization"},"potentialAction":[{"@type":"SearchAction","target":{"@type":"EntryPoint","urlTemplate":"https:\/\/delgadozuleta.com\/?s={search_term_string}"},"query-input":{"@type":"PropertyValueSpecification","valueRequired":true,"valueName":"search_term_string"}}],"inLanguage":"en-US"},{"@type":"Organization","@id":"https:\/\/delgadozuleta.com\/#organization","name":"Bodega Delgado Zuleta","url":"https:\/\/delgadozuleta.com\/","logo":{"@type":"ImageObject","inLanguage":"en-US","@id":"https:\/\/delgadozuleta.com\/#\/schema\/logo\/image\/","url":"https:\/\/delgadozuleta.com\/wp-content\/uploads\/logo-transparente-300x133-1.png","contentUrl":"https:\/\/delgadozuleta.com\/wp-content\/uploads\/logo-transparente-300x133-1.png","width":900,"height":400,"caption":"Bodega Delgado Zuleta"},"image":{"@id":"https:\/\/delgadozuleta.com\/#\/schema\/logo\/image\/"}}]}},"uagb_featured_image_src":{"full":["https:\/\/delgadozuleta.com\/wp-content\/uploads\/PACK-MONTEAGUDO-DELGADO-ZULETA2-2.jpg",700,935,false],"thumbnail":["https:\/\/delgadozuleta.com\/wp-content\/uploads\/PACK-MONTEAGUDO-DELGADO-ZULETA2-2-150x150.jpg",150,150,true],"medium":["https:\/\/delgadozuleta.com\/wp-content\/uploads\/PACK-MONTEAGUDO-DELGADO-ZULETA2-2-262x350.jpg",262,350,true],"medium_large":["https:\/\/delgadozuleta.com\/wp-content\/uploads\/PACK-MONTEAGUDO-DELGADO-ZULETA2-2.jpg",700,935,false],"large":["https:\/\/delgadozuleta.com\/wp-content\/uploads\/PACK-MONTEAGUDO-DELGADO-ZULETA2-2.jpg",700,935,false],"1536x1536":["https:\/\/delgadozuleta.com\/wp-content\/uploads\/PACK-MONTEAGUDO-DELGADO-ZULETA2-2.jpg",700,935,false],"2048x2048":["https:\/\/delgadozuleta.com\/wp-content\/uploads\/PACK-MONTEAGUDO-DELGADO-ZULETA2-2.jpg",700,935,false],"trp-custom-language-flag":["https:\/\/delgadozuleta.com\/wp-content\/uploads\/PACK-MONTEAGUDO-DELGADO-ZULETA2-2-9x12.jpg",9,12,true],"woocommerce_thumbnail":["https:\/\/delgadozuleta.com\/wp-content\/uploads\/PACK-MONTEAGUDO-DELGADO-ZULETA2-2-400x600.jpg",400,600,true],"woocommerce_single":["https:\/\/delgadozuleta.com\/wp-content\/uploads\/PACK-MONTEAGUDO-DELGADO-ZULETA2-2-510x681.jpg",510,681,true],"woocommerce_gallery_thumbnail":["https:\/\/delgadozuleta.com\/wp-content\/uploads\/PACK-MONTEAGUDO-DELGADO-ZULETA2-2-100x100.jpg",100,100,true]},"uagb_author_info":{"display_name":"BSINFOR EDUARDO","author_link":"https:\/\/delgadozuleta.com\/en\/blog\/author\/"},"uagb_comment_info":0,"uagb_excerpt":"El Pack Monteagudo incluye: \u2022 1 botella de amontillado Monteagudo de 0,75 l &nbsp; \u2022 1 botella de oloroso Monteagudo de 0,75 l &nbsp; \u2022 1 botella de pedro xim\u00e9nez Monteagudo de 0,75 l ENV\u00cdO GRATIS","_links":{"self":[{"href":"https:\/\/delgadozuleta.com\/en\/wp-json\/wp\/v2\/product\/8972","targetHints":{"allow":["GET"]}}],"collection":[{"href":"https:\/\/delgadozuleta.com\/en\/wp-json\/wp\/v2\/product"}],"about":[{"href":"https:\/\/delgadozuleta.com\/en\/wp-json\/wp\/v2\/types\/product"}],"wp:featuredmedia":[{"embeddable":true,"href":"https:\/\/delgadozuleta.com\/en\/wp-json\/wp\/v2\/media\/8973"}],"wp:attachment":[{"href":"https:\/\/delgadozuleta.com\/en\/wp-json\/wp\/v2\/media?parent=8972"}],"wp:term":[{"taxonomy":"product_brand","embeddable":true,"href":"https:\/\/delgadozuleta.com\/en\/wp-json\/wp\/v2\/product_brand?post=8972"},{"taxonomy":"product_cat","embeddable":true,"href":"https:\/\/delgadozuleta.com\/en\/wp-json\/wp\/v2\/product_cat?post=8972"},{"taxonomy":"product_tag","embeddable":true,"href":"https:\/\/delgadozuleta.com\/en\/wp-json\/wp\/v2\/product_tag?post=8972"}],"curies":[{"name":"wp","href":"https:\/\/api.w.org\/{rel}","templated":true}]}}