{"id":8885,"date":"2023-12-11T15:48:58","date_gmt":"2023-12-11T14:48:58","guid":{"rendered":"https:\/\/delgadozuleta.bgoapps.es\/?post_type=product&#038;p=8885"},"modified":"2025-09-26T12:14:54","modified_gmt":"2025-09-26T11:14:54","slug":"lagoyamagnum","status":"publish","type":"product","link":"https:\/\/delgadozuleta.com\/en\/tienda\/lagoyamagnum\/","title":{"rendered":"La Goya en rama edici\u00f3n especial m\u00e1gnum"},"content":{"rendered":"<h2 class=\"info-title\">DESCRIPCI\u00d3N<\/h2>\n<p>Our most universal Manzanilla, in its raw state and in magnum format. The emblem of\nthe house and one of the most recognized Manzanillas worldwide.<\/p>\n<h2 class=\"info-title\">TECHNICAL SHEET<\/h2>\n<p>Wine in biological aging under a veil of flor. Made\nfrom 100% Palomino grapes, this Manzanilla has\nundergone approximately 8 years of aging through\nthe solera and criaderas system. It matures in\nAmerican oak casks reclaimed along the journey of this centuries-old winery. With an alcohol content of 15% vol., it is presented in 150 cl bottles.<\/p>\n<h2 class=\"info-title\">TASTING NOTES<\/h2>\n<p>Golden, bright, and luminous in color. On the nose, it presents a complex and highly intense aromatic profile, with aromas typical of prolonged biological aging, where nuts, cereals, citrus fruits, and aromatic herbs stand out. On the palate, it is dry, flavorful, and unctuous, making it very smooth on the palate, in addition to having great volume and persistence.<\/p>\n<h2 class=\"info-title\">PAIRING<\/h2>\n<p>A perfect wine for both appetizers and to accompany the entire meal, especially well-suited for seafood and fish-based dishes. Ideal for enhancing the essence of maritime cuisine.<\/p>\n<h2 class=\"info-title\">AWARDS<\/h2>\n<ul>\n<li>93 puntos Gu\u00eda Pe\u00f1\u00edn 2023<\/li>\n<li>98 puntos Gu\u00eda Proensa 2020<\/li>\n<li>96 puntos Gu\u00eda Proensa 2018<\/li>\n<li>93 puntos Gu\u00eda Intervinos 2020<\/li>\n<li>93 puntos Gu\u00eda Pe\u00f1\u00edn 2022<\/li>\n<li>92 puntos Gu\u00eda Wine Up 2018<\/li>\n<li>91 puntos Gu\u00eda Pe\u00f1\u00edn 2017<\/li>\n<li>Medalla de Plata International Wine Challenge 2019<\/li>\n<li>Medalla Gran Oro CIVAS 2017<\/li>\n<li>Medalla de Oro International Wine Challenge 2015<\/li>\n<\/ul>","protected":false},"excerpt":{"rendered":"<p>Our most universal Manzanilla, in its raw state and in magnum format. The emblem of\nthe house and one of the most recognized Manzanillas worldwide.<\/p>","protected":false},"featured_media":14677,"template":"","meta":{"inline_featured_image":false,"_uag_custom_page_level_css":"","site-sidebar-layout":"default","site-content-layout":"","ast-site-content-layout":"default","site-content-style":"default","site-sidebar-style":"default","ast-global-header-display":"","ast-banner-title-visibility":"","ast-main-header-display":"","ast-hfb-above-header-display":"","ast-hfb-below-header-display":"","ast-hfb-mobile-header-display":"","site-post-title":"","ast-breadcrumbs-content":"","ast-featured-img":"","footer-sml-layout":"","ast-disable-related-posts":"","theme-transparent-header-meta":"default","adv-header-id-meta":"","stick-header-meta":"","header-above-stick-meta":"","header-main-stick-meta":"","header-below-stick-meta":"","astra-migrate-meta-layouts":"set","ast-page-background-enabled":"default","ast-page-background-meta":{"desktop":{"background-color":"var(--ast-global-color-5)","background-image":"","background-repeat":"repeat","background-position":"center center","background-size":"auto","background-attachment":"scroll","background-type":"","background-media":"","overlay-type":"","overlay-color":"","overlay-opacity":"","overlay-gradient":""},"tablet":{"background-color":"","background-image":"","background-repeat":"repeat","background-position":"center center","background-size":"auto","background-attachment":"scroll","background-type":"","background-media":"","overlay-type":"","overlay-color":"","overlay-opacity":"","overlay-gradient":""},"mobile":{"background-color":"","background-image":"","background-repeat":"repeat","background-position":"center center","background-size":"auto","background-attachment":"scroll","background-type":"","background-media":"","overlay-type":"","overlay-color":"","overlay-opacity":"","overlay-gradient":""}},"ast-content-background-meta":{"desktop":{"background-color":"var(--ast-global-color-4)","background-image":"","background-repeat":"repeat","background-position":"center center","background-size":"auto","background-attachment":"scroll","background-type":"","background-media":"","overlay-type":"","overlay-color":"","overlay-opacity":"","overlay-gradient":""},"tablet":{"background-color":"var(--ast-global-color-4)","background-image":"","background-repeat":"repeat","background-position":"center center","background-size":"auto","background-attachment":"scroll","background-type":"","background-media":"","overlay-type":"","overlay-color":"","overlay-opacity":"","overlay-gradient":""},"mobile":{"background-color":"var(--ast-global-color-4)","background-image":"","background-repeat":"repeat","background-position":"center center","background-size":"auto","background-attachment":"scroll","background-type":"","background-media":"","overlay-type":"","overlay-color":"","overlay-opacity":"","overlay-gradient":""}}},"product_brand":[],"product_cat":[177,165,8],"product_tag":[],"class_list":{"0":"post-8885","1":"product","2":"type-product","3":"status-publish","4":"has-post-thumbnail","6":"product_cat-la-goya","7":"product_cat-magnum","8":"product_cat-manzanillas","9":"desktop-align-center","10":"tablet-align-left","11":"mobile-align-left","13":"first","14":"instock","15":"taxable","16":"shipping-taxable","17":"purchasable","18":"product-type-simple"},"yoast_head":"<!-- This site is optimized with the Yoast SEO plugin v27.3 - https:\/\/yoast.com\/product\/yoast-seo-wordpress\/ -->\n<title>La Goya en rama edici\u00f3n especial m\u00e1gnum - Bodega Delgado Zuleta<\/title>\n<meta name=\"robots\" content=\"index, follow, max-snippet:-1, max-image-preview:large, max-video-preview:-1\" \/>\n<link rel=\"canonical\" href=\"https:\/\/delgadozuleta.com\/en\/tienda\/lagoyamagnum\/\" \/>\n<meta property=\"og:locale\" content=\"en_US\" \/>\n<meta property=\"og:type\" content=\"article\" \/>\n<meta property=\"og:title\" content=\"La Goya en rama edici\u00f3n especial m\u00e1gnum - Bodega Delgado Zuleta\" \/>\n<meta property=\"og:description\" content=\"Nuestra manzanilla m\u00e1s universal, en rama y en formato m\u00e1gnum. El emblema de la casa y una de las manzanillas m\u00e1s reconocidas del mundo.\" \/>\n<meta property=\"og:url\" content=\"https:\/\/delgadozuleta.com\/en\/tienda\/lagoyamagnum\/\" \/>\n<meta property=\"og:site_name\" content=\"Bodega Delgado Zuleta\" \/>\n<meta property=\"article:modified_time\" content=\"2025-09-26T11:14:54+00:00\" \/>\n<meta property=\"og:image\" content=\"https:\/\/delgadozuleta.com\/wp-content\/uploads\/descarga.png\" \/>\n\t<meta property=\"og:image:width\" content=\"600\" \/>\n\t<meta property=\"og:image:height\" content=\"1000\" \/>\n\t<meta property=\"og:image:type\" content=\"image\/png\" \/>\n<meta name=\"twitter:card\" content=\"summary_large_image\" \/>\n<meta name=\"twitter:label1\" content=\"Est. reading time\" \/>\n\t<meta name=\"twitter:data1\" content=\"2 minutes\" \/>\n<script type=\"application\/ld+json\" class=\"yoast-schema-graph\">{\"@context\":\"https:\\\/\\\/schema.org\",\"@graph\":[{\"@type\":\"WebPage\",\"@id\":\"https:\\\/\\\/delgadozuleta.com\\\/tienda\\\/lagoyamagnum\\\/\",\"url\":\"https:\\\/\\\/delgadozuleta.com\\\/tienda\\\/lagoyamagnum\\\/\",\"name\":\"La Goya en rama edici\u00f3n especial m\u00e1gnum - Bodega Delgado Zuleta\",\"isPartOf\":{\"@id\":\"https:\\\/\\\/delgadozuleta.com\\\/#website\"},\"primaryImageOfPage\":{\"@id\":\"https:\\\/\\\/delgadozuleta.com\\\/tienda\\\/lagoyamagnum\\\/#primaryimage\"},\"image\":{\"@id\":\"https:\\\/\\\/delgadozuleta.com\\\/tienda\\\/lagoyamagnum\\\/#primaryimage\"},\"thumbnailUrl\":\"https:\\\/\\\/delgadozuleta.com\\\/wp-content\\\/uploads\\\/descarga.png\",\"datePublished\":\"2023-12-11T14:48:58+00:00\",\"dateModified\":\"2025-09-26T11:14:54+00:00\",\"breadcrumb\":{\"@id\":\"https:\\\/\\\/delgadozuleta.com\\\/tienda\\\/lagoyamagnum\\\/#breadcrumb\"},\"inLanguage\":\"en-US\",\"potentialAction\":[{\"@type\":\"ReadAction\",\"target\":[\"https:\\\/\\\/delgadozuleta.com\\\/tienda\\\/lagoyamagnum\\\/\"]}]},{\"@type\":\"ImageObject\",\"inLanguage\":\"en-US\",\"@id\":\"https:\\\/\\\/delgadozuleta.com\\\/tienda\\\/lagoyamagnum\\\/#primaryimage\",\"url\":\"https:\\\/\\\/delgadozuleta.com\\\/wp-content\\\/uploads\\\/descarga.png\",\"contentUrl\":\"https:\\\/\\\/delgadozuleta.com\\\/wp-content\\\/uploads\\\/descarga.png\",\"width\":600,\"height\":1000},{\"@type\":\"BreadcrumbList\",\"@id\":\"https:\\\/\\\/delgadozuleta.com\\\/tienda\\\/lagoyamagnum\\\/#breadcrumb\",\"itemListElement\":[{\"@type\":\"ListItem\",\"position\":1,\"name\":\"Portada\",\"item\":\"https:\\\/\\\/delgadozuleta.com\\\/\"},{\"@type\":\"ListItem\",\"position\":2,\"name\":\"Tienda Online\",\"item\":\"https:\\\/\\\/delgadozuleta.com\\\/en\\\/tienda\\\/\"},{\"@type\":\"ListItem\",\"position\":3,\"name\":\"La Goya en rama edici\u00f3n especial m\u00e1gnum\"}]},{\"@type\":\"WebSite\",\"@id\":\"https:\\\/\\\/delgadozuleta.com\\\/#website\",\"url\":\"https:\\\/\\\/delgadozuleta.com\\\/\",\"name\":\"Bodega Delgado Zuleta\",\"description\":\"Hist\u00f3rica bodega del Marco de Jerez especialista en la elaboraci\u00f3n de vinos generosos.\",\"publisher\":{\"@id\":\"https:\\\/\\\/delgadozuleta.com\\\/#organization\"},\"potentialAction\":[{\"@type\":\"SearchAction\",\"target\":{\"@type\":\"EntryPoint\",\"urlTemplate\":\"https:\\\/\\\/delgadozuleta.com\\\/?s={search_term_string}\"},\"query-input\":{\"@type\":\"PropertyValueSpecification\",\"valueRequired\":true,\"valueName\":\"search_term_string\"}}],\"inLanguage\":\"en-US\"},{\"@type\":\"Organization\",\"@id\":\"https:\\\/\\\/delgadozuleta.com\\\/#organization\",\"name\":\"Bodega Delgado Zuleta\",\"url\":\"https:\\\/\\\/delgadozuleta.com\\\/\",\"logo\":{\"@type\":\"ImageObject\",\"inLanguage\":\"en-US\",\"@id\":\"https:\\\/\\\/delgadozuleta.com\\\/#\\\/schema\\\/logo\\\/image\\\/\",\"url\":\"https:\\\/\\\/delgadozuleta.com\\\/wp-content\\\/uploads\\\/logo-transparente-300x133-1.png\",\"contentUrl\":\"https:\\\/\\\/delgadozuleta.com\\\/wp-content\\\/uploads\\\/logo-transparente-300x133-1.png\",\"width\":900,\"height\":400,\"caption\":\"Bodega Delgado Zuleta\"},\"image\":{\"@id\":\"https:\\\/\\\/delgadozuleta.com\\\/#\\\/schema\\\/logo\\\/image\\\/\"}}]}<\/script>\n<!-- \/ Yoast SEO plugin. -->","yoast_head_json":{"title":"La Goya en rama edici\u00f3n especial m\u00e1gnum - Bodega Delgado Zuleta","robots":{"index":"index","follow":"follow","max-snippet":"max-snippet:-1","max-image-preview":"max-image-preview:large","max-video-preview":"max-video-preview:-1"},"canonical":"https:\/\/delgadozuleta.com\/en\/tienda\/lagoyamagnum\/","og_locale":"en_US","og_type":"article","og_title":"La Goya en rama edici\u00f3n especial m\u00e1gnum - Bodega Delgado Zuleta","og_description":"Nuestra manzanilla m\u00e1s universal, en rama y en formato m\u00e1gnum. El emblema de la casa y una de las manzanillas m\u00e1s reconocidas del mundo.","og_url":"https:\/\/delgadozuleta.com\/en\/tienda\/lagoyamagnum\/","og_site_name":"Bodega Delgado Zuleta","article_modified_time":"2025-09-26T11:14:54+00:00","og_image":[{"width":600,"height":1000,"url":"https:\/\/delgadozuleta.com\/wp-content\/uploads\/descarga.png","type":"image\/png"}],"twitter_card":"summary_large_image","twitter_misc":{"Est. reading time":"2 minutes"},"schema":{"@context":"https:\/\/schema.org","@graph":[{"@type":"WebPage","@id":"https:\/\/delgadozuleta.com\/tienda\/lagoyamagnum\/","url":"https:\/\/delgadozuleta.com\/tienda\/lagoyamagnum\/","name":"La Goya en rama edici\u00f3n especial m\u00e1gnum - Bodega Delgado Zuleta","isPartOf":{"@id":"https:\/\/delgadozuleta.com\/#website"},"primaryImageOfPage":{"@id":"https:\/\/delgadozuleta.com\/tienda\/lagoyamagnum\/#primaryimage"},"image":{"@id":"https:\/\/delgadozuleta.com\/tienda\/lagoyamagnum\/#primaryimage"},"thumbnailUrl":"https:\/\/delgadozuleta.com\/wp-content\/uploads\/descarga.png","datePublished":"2023-12-11T14:48:58+00:00","dateModified":"2025-09-26T11:14:54+00:00","breadcrumb":{"@id":"https:\/\/delgadozuleta.com\/tienda\/lagoyamagnum\/#breadcrumb"},"inLanguage":"en-US","potentialAction":[{"@type":"ReadAction","target":["https:\/\/delgadozuleta.com\/tienda\/lagoyamagnum\/"]}]},{"@type":"ImageObject","inLanguage":"en-US","@id":"https:\/\/delgadozuleta.com\/tienda\/lagoyamagnum\/#primaryimage","url":"https:\/\/delgadozuleta.com\/wp-content\/uploads\/descarga.png","contentUrl":"https:\/\/delgadozuleta.com\/wp-content\/uploads\/descarga.png","width":600,"height":1000},{"@type":"BreadcrumbList","@id":"https:\/\/delgadozuleta.com\/tienda\/lagoyamagnum\/#breadcrumb","itemListElement":[{"@type":"ListItem","position":1,"name":"Portada","item":"https:\/\/delgadozuleta.com\/"},{"@type":"ListItem","position":2,"name":"Tienda Online","item":"https:\/\/delgadozuleta.com\/en\/tienda\/"},{"@type":"ListItem","position":3,"name":"La Goya en rama edici\u00f3n especial m\u00e1gnum"}]},{"@type":"WebSite","@id":"https:\/\/delgadozuleta.com\/#website","url":"https:\/\/delgadozuleta.com\/","name":"Bodega Delgado Zuleta","description":"Hist\u00f3rica bodega del Marco de Jerez especialista en la elaboraci\u00f3n de vinos generosos.","publisher":{"@id":"https:\/\/delgadozuleta.com\/#organization"},"potentialAction":[{"@type":"SearchAction","target":{"@type":"EntryPoint","urlTemplate":"https:\/\/delgadozuleta.com\/?s={search_term_string}"},"query-input":{"@type":"PropertyValueSpecification","valueRequired":true,"valueName":"search_term_string"}}],"inLanguage":"en-US"},{"@type":"Organization","@id":"https:\/\/delgadozuleta.com\/#organization","name":"Bodega Delgado Zuleta","url":"https:\/\/delgadozuleta.com\/","logo":{"@type":"ImageObject","inLanguage":"en-US","@id":"https:\/\/delgadozuleta.com\/#\/schema\/logo\/image\/","url":"https:\/\/delgadozuleta.com\/wp-content\/uploads\/logo-transparente-300x133-1.png","contentUrl":"https:\/\/delgadozuleta.com\/wp-content\/uploads\/logo-transparente-300x133-1.png","width":900,"height":400,"caption":"Bodega Delgado Zuleta"},"image":{"@id":"https:\/\/delgadozuleta.com\/#\/schema\/logo\/image\/"}}]}},"uagb_featured_image_src":{"full":["https:\/\/delgadozuleta.com\/wp-content\/uploads\/descarga.png",600,1000,false],"thumbnail":["https:\/\/delgadozuleta.com\/wp-content\/uploads\/descarga-150x150.png",150,150,true],"medium":["https:\/\/delgadozuleta.com\/wp-content\/uploads\/descarga-210x350.png",210,350,true],"medium_large":["https:\/\/delgadozuleta.com\/wp-content\/uploads\/descarga.png",600,1000,false],"large":["https:\/\/delgadozuleta.com\/wp-content\/uploads\/descarga.png",600,1000,false],"1536x1536":["https:\/\/delgadozuleta.com\/wp-content\/uploads\/descarga.png",600,1000,false],"2048x2048":["https:\/\/delgadozuleta.com\/wp-content\/uploads\/descarga.png",600,1000,false],"trp-custom-language-flag":["https:\/\/delgadozuleta.com\/wp-content\/uploads\/descarga-7x12.png",7,12,true],"woocommerce_thumbnail":["https:\/\/delgadozuleta.com\/wp-content\/uploads\/descarga-400x600.png",400,600,true],"woocommerce_single":["https:\/\/delgadozuleta.com\/wp-content\/uploads\/descarga-510x850.png",510,850,true],"woocommerce_gallery_thumbnail":["https:\/\/delgadozuleta.com\/wp-content\/uploads\/descarga-100x100.png",100,100,true]},"uagb_author_info":{"display_name":"Delgado Zuleta","author_link":"https:\/\/delgadozuleta.com\/en\/blog\/author\/"},"uagb_comment_info":0,"uagb_excerpt":"Nuestra manzanilla m\u00e1s universal, en rama y en formato m\u00e1gnum. El emblema de la casa y una de las manzanillas m\u00e1s reconocidas del mundo.","_links":{"self":[{"href":"https:\/\/delgadozuleta.com\/en\/wp-json\/wp\/v2\/product\/8885","targetHints":{"allow":["GET"]}}],"collection":[{"href":"https:\/\/delgadozuleta.com\/en\/wp-json\/wp\/v2\/product"}],"about":[{"href":"https:\/\/delgadozuleta.com\/en\/wp-json\/wp\/v2\/types\/product"}],"wp:featuredmedia":[{"embeddable":true,"href":"https:\/\/delgadozuleta.com\/en\/wp-json\/wp\/v2\/media\/14677"}],"wp:attachment":[{"href":"https:\/\/delgadozuleta.com\/en\/wp-json\/wp\/v2\/media?parent=8885"}],"wp:term":[{"taxonomy":"product_brand","embeddable":true,"href":"https:\/\/delgadozuleta.com\/en\/wp-json\/wp\/v2\/product_brand?post=8885"},{"taxonomy":"product_cat","embeddable":true,"href":"https:\/\/delgadozuleta.com\/en\/wp-json\/wp\/v2\/product_cat?post=8885"},{"taxonomy":"product_tag","embeddable":true,"href":"https:\/\/delgadozuleta.com\/en\/wp-json\/wp\/v2\/product_tag?post=8885"}],"curies":[{"name":"wp","href":"https:\/\/api.w.org\/{rel}","templated":true}]}}