{"id":8877,"date":"2023-12-11T15:24:32","date_gmt":"2023-12-11T14:24:32","guid":{"rendered":"https:\/\/delgadozuleta.bgoapps.es\/?post_type=product&#038;p=8877"},"modified":"2025-07-24T10:34:32","modified_gmt":"2025-07-24T09:34:32","slug":"cuestecilla","status":"publish","type":"product","link":"https:\/\/delgadozuleta.com\/en\/tienda\/cuestecilla\/","title":{"rendered":"Manzanilla Cuestecilla"},"content":{"rendered":"<h2 class=\"info-title\">Technical sheet<\/h2>\n<p>Vino de crianza biol\u00f3gica bajo velo de flor, de la variedad palomino 100%. M\u00e1s de 6 a\u00f1os de crianza mediante el sistema de soleras y criaderas en botas de roble americano. Su graduaci\u00f3n alcoh\u00f3lica es de 15% vol. y se presenta en botellas de 75 cl. numeradas a mano con estuche de madera.<\/p>\n<h2 class=\"info-title\">Tasting note<\/h2>\n<p>Manzanilla que estimula los sentidos. Muy en el tipo de la casa, pero elevada hasta el infinito. Dorada, brillante y con un lagrimeo denso marcado por su estructura. Punzante e intensa en nariz, con notas frescas y salinas, gracias a esa intensa crianza bajo velo de flor que la caracteriza. En boca es explosiva, untuosa, redonda y de infinita persistencia.<\/p>\n<h2 class=\"info-title\">Pairing<\/h2>\n<p>Gracias a su estructura y complejidad, va a armonizar a la perfecci\u00f3n no s\u00f3lo con ib\u00e9ricos y mariscos, sino que tambi\u00e9n va a ser una compa\u00f1\u00eda extraordinaria para guisos o carnes. De todos modos, sugerimos que debido a su singularidad y nivel como extraordinario vino que es, sea degustada sola o acompa\u00f1ada con unos frutos secos o una buena rega\u00f1\u00e1 tradicional andaluza.<\/p>\n<h2 class=\"info-title\">Reconocimientos<\/h2>\n<ul>\n<li>95 puntos Gu\u00eda Pe\u00f1\u00edn 2022<\/li>\n<\/ul>","protected":false},"excerpt":{"rendered":"<p class=\"prod-short-desc\">NO DISPONIBLE<\/p>\n<p class=\"prod-short-desc\">Emocionante manzanilla, \u00fanica en la historia de Delgado Zuleta. Estamos ante una bota vaciada, una \u00fanica vasija seleccionada por el en\u00f3logo de una pierna de la solera de La Goya proveniente de la antigua bodega Cuestecilla. Este casco bodeguero estaba ubicado estrat\u00e9gicamente en el Barrio Alto de Sanl\u00facar, y se caracterizaba por una elevada humedad y aireaci\u00f3n que provocaba una intensa crianza del velo de flor, otorgando una extraordinaria complejidad arom\u00e1tica y una sedosa suavidad en boca, inequ\u00edvoca se\u00f1a de identidad del alma, la esencia y el estilo de Delgado Zuleta. S\u00f3lo 600 botellas numeradas con una presentaci\u00f3n Premium.<\/p>","protected":false},"featured_media":9278,"template":"","meta":{"inline_featured_image":false,"_uag_custom_page_level_css":"","site-sidebar-layout":"default","site-content-layout":"","ast-site-content-layout":"default","site-content-style":"default","site-sidebar-style":"default","ast-global-header-display":"","ast-banner-title-visibility":"","ast-main-header-display":"","ast-hfb-above-header-display":"","ast-hfb-below-header-display":"","ast-hfb-mobile-header-display":"","site-post-title":"","ast-breadcrumbs-content":"","ast-featured-img":"","footer-sml-layout":"","ast-disable-related-posts":"","theme-transparent-header-meta":"","adv-header-id-meta":"","stick-header-meta":"","header-above-stick-meta":"","header-main-stick-meta":"","header-below-stick-meta":"","astra-migrate-meta-layouts":"default","ast-page-background-enabled":"default","ast-page-background-meta":{"desktop":{"background-color":"var(--ast-global-color-5)","background-image":"","background-repeat":"repeat","background-position":"center center","background-size":"auto","background-attachment":"scroll","background-type":"","background-media":"","overlay-type":"","overlay-color":"","overlay-opacity":"","overlay-gradient":""},"tablet":{"background-color":"","background-image":"","background-repeat":"repeat","background-position":"center center","background-size":"auto","background-attachment":"scroll","background-type":"","background-media":"","overlay-type":"","overlay-color":"","overlay-opacity":"","overlay-gradient":""},"mobile":{"background-color":"","background-image":"","background-repeat":"repeat","background-position":"center center","background-size":"auto","background-attachment":"scroll","background-type":"","background-media":"","overlay-type":"","overlay-color":"","overlay-opacity":"","overlay-gradient":""}},"ast-content-background-meta":{"desktop":{"background-color":"var(--ast-global-color-4)","background-image":"","background-repeat":"repeat","background-position":"center center","background-size":"auto","background-attachment":"scroll","background-type":"","background-media":"","overlay-type":"","overlay-color":"","overlay-opacity":"","overlay-gradient":""},"tablet":{"background-color":"var(--ast-global-color-4)","background-image":"","background-repeat":"repeat","background-position":"center center","background-size":"auto","background-attachment":"scroll","background-type":"","background-media":"","overlay-type":"","overlay-color":"","overlay-opacity":"","overlay-gradient":""},"mobile":{"background-color":"var(--ast-global-color-4)","background-image":"","background-repeat":"repeat","background-position":"center center","background-size":"auto","background-attachment":"scroll","background-type":"","background-media":"","overlay-type":"","overlay-color":"","overlay-opacity":"","overlay-gradient":""}}},"product_brand":[],"product_cat":[177,8],"product_tag":[],"class_list":{"0":"post-8877","1":"product","2":"type-product","3":"status-publish","4":"has-post-thumbnail","6":"product_cat-la-goya","7":"product_cat-manzanillas","8":"desktop-align-center","9":"tablet-align-left","10":"mobile-align-left","12":"first","13":"outofstock","14":"taxable","15":"shipping-taxable","16":"purchasable","17":"product-type-simple"},"yoast_head":"<!-- This site is optimized with the Yoast SEO plugin v27.3 - https:\/\/yoast.com\/product\/yoast-seo-wordpress\/ -->\n<title>Manzanilla Cuestecilla - Bodega Delgado Zuleta<\/title>\n<meta name=\"robots\" content=\"index, follow, max-snippet:-1, max-image-preview:large, max-video-preview:-1\" \/>\n<link rel=\"canonical\" href=\"https:\/\/delgadozuleta.com\/en\/tienda\/cuestecilla\/\" \/>\n<meta property=\"og:locale\" content=\"en_US\" \/>\n<meta property=\"og:type\" content=\"article\" \/>\n<meta property=\"og:title\" content=\"Manzanilla Cuestecilla - Bodega Delgado Zuleta\" \/>\n<meta property=\"og:description\" content=\"NO DISPONIBLE Emocionante manzanilla, \u00fanica en la historia de Delgado Zuleta. Estamos ante una bota vaciada, una \u00fanica vasija seleccionada por el en\u00f3logo de una pierna de la solera de La Goya proveniente de la antigua bodega Cuestecilla. Este casco bodeguero estaba ubicado estrat\u00e9gicamente en el Barrio Alto de Sanl\u00facar, y se caracterizaba por una elevada humedad y aireaci\u00f3n que provocaba una intensa crianza del velo de flor, otorgando una extraordinaria complejidad arom\u00e1tica y una sedosa suavidad en boca, inequ\u00edvoca se\u00f1a de identidad del alma, la esencia y el estilo de Delgado Zuleta. S\u00f3lo 600 botellas numeradas con una presentaci\u00f3n Premium.\" \/>\n<meta property=\"og:url\" content=\"https:\/\/delgadozuleta.com\/en\/tienda\/cuestecilla\/\" \/>\n<meta property=\"og:site_name\" content=\"Bodega Delgado Zuleta\" \/>\n<meta property=\"article:modified_time\" content=\"2025-07-24T09:34:32+00:00\" \/>\n<meta property=\"og:image\" content=\"https:\/\/delgadozuleta.com\/wp-content\/uploads\/Manzanilla-Cuestecilla-Delgado-Zuleta-1-1-scaled.jpg\" \/>\n\t<meta property=\"og:image:width\" content=\"2560\" \/>\n\t<meta property=\"og:image:height\" content=\"1707\" \/>\n\t<meta property=\"og:image:type\" content=\"image\/jpeg\" \/>\n<meta name=\"twitter:card\" content=\"summary_large_image\" \/>\n<meta name=\"twitter:label1\" content=\"Est. reading time\" \/>\n\t<meta name=\"twitter:data1\" content=\"2 minutes\" \/>\n<script type=\"application\/ld+json\" class=\"yoast-schema-graph\">{\"@context\":\"https:\\\/\\\/schema.org\",\"@graph\":[{\"@type\":\"WebPage\",\"@id\":\"https:\\\/\\\/delgadozuleta.com\\\/tienda\\\/cuestecilla\\\/\",\"url\":\"https:\\\/\\\/delgadozuleta.com\\\/tienda\\\/cuestecilla\\\/\",\"name\":\"Manzanilla Cuestecilla - Bodega Delgado Zuleta\",\"isPartOf\":{\"@id\":\"https:\\\/\\\/delgadozuleta.com\\\/#website\"},\"primaryImageOfPage\":{\"@id\":\"https:\\\/\\\/delgadozuleta.com\\\/tienda\\\/cuestecilla\\\/#primaryimage\"},\"image\":{\"@id\":\"https:\\\/\\\/delgadozuleta.com\\\/tienda\\\/cuestecilla\\\/#primaryimage\"},\"thumbnailUrl\":\"https:\\\/\\\/delgadozuleta.com\\\/wp-content\\\/uploads\\\/Manzanilla-Cuestecilla-Delgado-Zuleta-1-1-scaled.jpg\",\"datePublished\":\"2023-12-11T14:24:32+00:00\",\"dateModified\":\"2025-07-24T09:34:32+00:00\",\"breadcrumb\":{\"@id\":\"https:\\\/\\\/delgadozuleta.com\\\/tienda\\\/cuestecilla\\\/#breadcrumb\"},\"inLanguage\":\"en-US\",\"potentialAction\":[{\"@type\":\"ReadAction\",\"target\":[\"https:\\\/\\\/delgadozuleta.com\\\/tienda\\\/cuestecilla\\\/\"]}]},{\"@type\":\"ImageObject\",\"inLanguage\":\"en-US\",\"@id\":\"https:\\\/\\\/delgadozuleta.com\\\/tienda\\\/cuestecilla\\\/#primaryimage\",\"url\":\"https:\\\/\\\/delgadozuleta.com\\\/wp-content\\\/uploads\\\/Manzanilla-Cuestecilla-Delgado-Zuleta-1-1-scaled.jpg\",\"contentUrl\":\"https:\\\/\\\/delgadozuleta.com\\\/wp-content\\\/uploads\\\/Manzanilla-Cuestecilla-Delgado-Zuleta-1-1-scaled.jpg\",\"width\":2560,\"height\":1707},{\"@type\":\"BreadcrumbList\",\"@id\":\"https:\\\/\\\/delgadozuleta.com\\\/tienda\\\/cuestecilla\\\/#breadcrumb\",\"itemListElement\":[{\"@type\":\"ListItem\",\"position\":1,\"name\":\"Portada\",\"item\":\"https:\\\/\\\/delgadozuleta.com\\\/\"},{\"@type\":\"ListItem\",\"position\":2,\"name\":\"Tienda Online\",\"item\":\"https:\\\/\\\/delgadozuleta.com\\\/en\\\/tienda\\\/\"},{\"@type\":\"ListItem\",\"position\":3,\"name\":\"Manzanilla Cuestecilla\"}]},{\"@type\":\"WebSite\",\"@id\":\"https:\\\/\\\/delgadozuleta.com\\\/#website\",\"url\":\"https:\\\/\\\/delgadozuleta.com\\\/\",\"name\":\"Bodega Delgado Zuleta\",\"description\":\"Hist\u00f3rica bodega del Marco de Jerez especialista en la elaboraci\u00f3n de vinos generosos.\",\"publisher\":{\"@id\":\"https:\\\/\\\/delgadozuleta.com\\\/#organization\"},\"potentialAction\":[{\"@type\":\"SearchAction\",\"target\":{\"@type\":\"EntryPoint\",\"urlTemplate\":\"https:\\\/\\\/delgadozuleta.com\\\/?s={search_term_string}\"},\"query-input\":{\"@type\":\"PropertyValueSpecification\",\"valueRequired\":true,\"valueName\":\"search_term_string\"}}],\"inLanguage\":\"en-US\"},{\"@type\":\"Organization\",\"@id\":\"https:\\\/\\\/delgadozuleta.com\\\/#organization\",\"name\":\"Bodega Delgado Zuleta\",\"url\":\"https:\\\/\\\/delgadozuleta.com\\\/\",\"logo\":{\"@type\":\"ImageObject\",\"inLanguage\":\"en-US\",\"@id\":\"https:\\\/\\\/delgadozuleta.com\\\/#\\\/schema\\\/logo\\\/image\\\/\",\"url\":\"https:\\\/\\\/delgadozuleta.com\\\/wp-content\\\/uploads\\\/logo-transparente-300x133-1.png\",\"contentUrl\":\"https:\\\/\\\/delgadozuleta.com\\\/wp-content\\\/uploads\\\/logo-transparente-300x133-1.png\",\"width\":900,\"height\":400,\"caption\":\"Bodega Delgado Zuleta\"},\"image\":{\"@id\":\"https:\\\/\\\/delgadozuleta.com\\\/#\\\/schema\\\/logo\\\/image\\\/\"}}]}<\/script>\n<!-- \/ Yoast SEO plugin. -->","yoast_head_json":{"title":"Manzanilla Cuestecilla - Bodega Delgado Zuleta","robots":{"index":"index","follow":"follow","max-snippet":"max-snippet:-1","max-image-preview":"max-image-preview:large","max-video-preview":"max-video-preview:-1"},"canonical":"https:\/\/delgadozuleta.com\/en\/tienda\/cuestecilla\/","og_locale":"en_US","og_type":"article","og_title":"Manzanilla Cuestecilla - Bodega Delgado Zuleta","og_description":"NO DISPONIBLE Emocionante manzanilla, \u00fanica en la historia de Delgado Zuleta. Estamos ante una bota vaciada, una \u00fanica vasija seleccionada por el en\u00f3logo de una pierna de la solera de La Goya proveniente de la antigua bodega Cuestecilla. Este casco bodeguero estaba ubicado estrat\u00e9gicamente en el Barrio Alto de Sanl\u00facar, y se caracterizaba por una elevada humedad y aireaci\u00f3n que provocaba una intensa crianza del velo de flor, otorgando una extraordinaria complejidad arom\u00e1tica y una sedosa suavidad en boca, inequ\u00edvoca se\u00f1a de identidad del alma, la esencia y el estilo de Delgado Zuleta. S\u00f3lo 600 botellas numeradas con una presentaci\u00f3n Premium.","og_url":"https:\/\/delgadozuleta.com\/en\/tienda\/cuestecilla\/","og_site_name":"Bodega Delgado Zuleta","article_modified_time":"2025-07-24T09:34:32+00:00","og_image":[{"width":2560,"height":1707,"url":"https:\/\/delgadozuleta.com\/wp-content\/uploads\/Manzanilla-Cuestecilla-Delgado-Zuleta-1-1-scaled.jpg","type":"image\/jpeg"}],"twitter_card":"summary_large_image","twitter_misc":{"Est. reading time":"2 minutes"},"schema":{"@context":"https:\/\/schema.org","@graph":[{"@type":"WebPage","@id":"https:\/\/delgadozuleta.com\/tienda\/cuestecilla\/","url":"https:\/\/delgadozuleta.com\/tienda\/cuestecilla\/","name":"Manzanilla Cuestecilla - Bodega Delgado Zuleta","isPartOf":{"@id":"https:\/\/delgadozuleta.com\/#website"},"primaryImageOfPage":{"@id":"https:\/\/delgadozuleta.com\/tienda\/cuestecilla\/#primaryimage"},"image":{"@id":"https:\/\/delgadozuleta.com\/tienda\/cuestecilla\/#primaryimage"},"thumbnailUrl":"https:\/\/delgadozuleta.com\/wp-content\/uploads\/Manzanilla-Cuestecilla-Delgado-Zuleta-1-1-scaled.jpg","datePublished":"2023-12-11T14:24:32+00:00","dateModified":"2025-07-24T09:34:32+00:00","breadcrumb":{"@id":"https:\/\/delgadozuleta.com\/tienda\/cuestecilla\/#breadcrumb"},"inLanguage":"en-US","potentialAction":[{"@type":"ReadAction","target":["https:\/\/delgadozuleta.com\/tienda\/cuestecilla\/"]}]},{"@type":"ImageObject","inLanguage":"en-US","@id":"https:\/\/delgadozuleta.com\/tienda\/cuestecilla\/#primaryimage","url":"https:\/\/delgadozuleta.com\/wp-content\/uploads\/Manzanilla-Cuestecilla-Delgado-Zuleta-1-1-scaled.jpg","contentUrl":"https:\/\/delgadozuleta.com\/wp-content\/uploads\/Manzanilla-Cuestecilla-Delgado-Zuleta-1-1-scaled.jpg","width":2560,"height":1707},{"@type":"BreadcrumbList","@id":"https:\/\/delgadozuleta.com\/tienda\/cuestecilla\/#breadcrumb","itemListElement":[{"@type":"ListItem","position":1,"name":"Portada","item":"https:\/\/delgadozuleta.com\/"},{"@type":"ListItem","position":2,"name":"Tienda Online","item":"https:\/\/delgadozuleta.com\/en\/tienda\/"},{"@type":"ListItem","position":3,"name":"Manzanilla Cuestecilla"}]},{"@type":"WebSite","@id":"https:\/\/delgadozuleta.com\/#website","url":"https:\/\/delgadozuleta.com\/","name":"Bodega Delgado Zuleta","description":"Hist\u00f3rica bodega del Marco de Jerez especialista en la elaboraci\u00f3n de vinos generosos.","publisher":{"@id":"https:\/\/delgadozuleta.com\/#organization"},"potentialAction":[{"@type":"SearchAction","target":{"@type":"EntryPoint","urlTemplate":"https:\/\/delgadozuleta.com\/?s={search_term_string}"},"query-input":{"@type":"PropertyValueSpecification","valueRequired":true,"valueName":"search_term_string"}}],"inLanguage":"en-US"},{"@type":"Organization","@id":"https:\/\/delgadozuleta.com\/#organization","name":"Bodega Delgado Zuleta","url":"https:\/\/delgadozuleta.com\/","logo":{"@type":"ImageObject","inLanguage":"en-US","@id":"https:\/\/delgadozuleta.com\/#\/schema\/logo\/image\/","url":"https:\/\/delgadozuleta.com\/wp-content\/uploads\/logo-transparente-300x133-1.png","contentUrl":"https:\/\/delgadozuleta.com\/wp-content\/uploads\/logo-transparente-300x133-1.png","width":900,"height":400,"caption":"Bodega Delgado Zuleta"},"image":{"@id":"https:\/\/delgadozuleta.com\/#\/schema\/logo\/image\/"}}]}},"uagb_featured_image_src":{"full":["https:\/\/delgadozuleta.com\/wp-content\/uploads\/Manzanilla-Cuestecilla-Delgado-Zuleta-1-1-scaled.jpg",2560,1707,false],"thumbnail":["https:\/\/delgadozuleta.com\/wp-content\/uploads\/Manzanilla-Cuestecilla-Delgado-Zuleta-1-1-150x150.jpg",150,150,true],"medium":["https:\/\/delgadozuleta.com\/wp-content\/uploads\/Manzanilla-Cuestecilla-Delgado-Zuleta-1-1-350x233.jpg",350,233,true],"medium_large":["https:\/\/delgadozuleta.com\/wp-content\/uploads\/Manzanilla-Cuestecilla-Delgado-Zuleta-1-1-768x512.jpg",768,512,true],"large":["https:\/\/delgadozuleta.com\/wp-content\/uploads\/Manzanilla-Cuestecilla-Delgado-Zuleta-1-1-1024x683.jpg",1024,683,true],"1536x1536":["https:\/\/delgadozuleta.com\/wp-content\/uploads\/Manzanilla-Cuestecilla-Delgado-Zuleta-1-1-1536x1024.jpg",1536,1024,true],"2048x2048":["https:\/\/delgadozuleta.com\/wp-content\/uploads\/Manzanilla-Cuestecilla-Delgado-Zuleta-1-1-2048x1365.jpg",2048,1365,true],"trp-custom-language-flag":["https:\/\/delgadozuleta.com\/wp-content\/uploads\/Manzanilla-Cuestecilla-Delgado-Zuleta-1-1-18x12.jpg",18,12,true],"woocommerce_thumbnail":["https:\/\/delgadozuleta.com\/wp-content\/uploads\/Manzanilla-Cuestecilla-Delgado-Zuleta-1-1-400x600.jpg",400,600,true],"woocommerce_single":["https:\/\/delgadozuleta.com\/wp-content\/uploads\/Manzanilla-Cuestecilla-Delgado-Zuleta-1-1-510x340.jpg",510,340,true],"woocommerce_gallery_thumbnail":["https:\/\/delgadozuleta.com\/wp-content\/uploads\/Manzanilla-Cuestecilla-Delgado-Zuleta-1-1-100x100.jpg",100,100,true]},"uagb_author_info":{"display_name":"Delgado Zuleta","author_link":"https:\/\/delgadozuleta.com\/en\/blog\/author\/"},"uagb_comment_info":0,"uagb_excerpt":"NO DISPONIBLE Emocionante manzanilla, \u00fanica en la historia de Delgado Zuleta. Estamos ante una bota vaciada, una \u00fanica vasija seleccionada por el en\u00f3logo de una pierna de la solera de La Goya proveniente de la antigua bodega Cuestecilla. Este casco bodeguero estaba ubicado estrat\u00e9gicamente en el Barrio Alto de Sanl\u00facar, y se caracterizaba por una&hellip;","_links":{"self":[{"href":"https:\/\/delgadozuleta.com\/en\/wp-json\/wp\/v2\/product\/8877","targetHints":{"allow":["GET"]}}],"collection":[{"href":"https:\/\/delgadozuleta.com\/en\/wp-json\/wp\/v2\/product"}],"about":[{"href":"https:\/\/delgadozuleta.com\/en\/wp-json\/wp\/v2\/types\/product"}],"wp:featuredmedia":[{"embeddable":true,"href":"https:\/\/delgadozuleta.com\/en\/wp-json\/wp\/v2\/media\/9278"}],"wp:attachment":[{"href":"https:\/\/delgadozuleta.com\/en\/wp-json\/wp\/v2\/media?parent=8877"}],"wp:term":[{"taxonomy":"product_brand","embeddable":true,"href":"https:\/\/delgadozuleta.com\/en\/wp-json\/wp\/v2\/product_brand?post=8877"},{"taxonomy":"product_cat","embeddable":true,"href":"https:\/\/delgadozuleta.com\/en\/wp-json\/wp\/v2\/product_cat?post=8877"},{"taxonomy":"product_tag","embeddable":true,"href":"https:\/\/delgadozuleta.com\/en\/wp-json\/wp\/v2\/product_tag?post=8877"}],"curies":[{"name":"wp","href":"https:\/\/api.w.org\/{rel}","templated":true}]}}