{"id":877,"date":"2016-01-20T12:35:16","date_gmt":"2016-01-20T11:35:16","guid":{"rendered":"https:\/\/delgadozuleta.bgoapps.es\/en\/tienda\/manzanilla-goya-xl\/"},"modified":"2026-04-01T10:10:21","modified_gmt":"2026-04-01T09:10:21","slug":"manzanilla-goya-xl","status":"publish","type":"product","link":"https:\/\/delgadozuleta.com\/en\/tienda\/manzanilla-goya-xl\/","title":{"rendered":"Manzanilla Goya XL"},"content":{"rendered":"<h3><span style=\"color: #333333; font-size: 26px;\">TECHNICAL SHEET<\/span><\/h3>\n<div id=\"content_tab_description\" class=\"tab-content tab-description\">\n<div class=\"tab-content-inner\">\n<p class=\"prod-long-desc\">This wine is biologically aged under layer of flor, 100% Palomino variety. Aged 10 years in the Spanish \u201cCriaderas &amp; Solera\u201d system using American oak casks. It is available in 50 cl bottles and is 15% alcohol by volume.<\/p>\n<h3 class=\"info-title\">TASTING NOTES<\/h3>\n<p class=\"prod-long-desc\">Settled, long, lingering and matured Manzanilla representing the purest traditional sanluque\u00f1o style. Its intense gold color is clean and bright. A balance of sharp aromas of toasted cereal, citrus peel and balsam come through on the nose. On the palate it is dry, fresh, soft, creamy, very persistent, and flavorful with sea notes, a touch of olives, lactic notes and toasted nuts.<\/p>\n<p class=\"prod-long-desc\">94 puntos Gu\u00eda Pe\u00f1\u00edn. 93 puntos Parker. Medalla de Oro en la International Wine Challenge.<\/p>\n<h3 class=\"info-title\">PAIRING<\/h3>\n<p class=\"prod-long-desc\">We recommend sampling our best Manzanilla with matching gastronomic pleasures. For example, Iberian ham, Sanl\u00facar prawns or crispy shrimp fritters. Although tasting it alone, perhaps with a handful of almonds, is how you can best enjoy all of its virtues.<\/p>\n<h3 class=\"info-title\">AWARDS<\/h3>\n<ul>\n<li class=\"firstItem\">97 puntos Gu\u00eda Proensa 2018<\/li>\n<li>95 puntos Revista Gourmets 2018<\/li>\n<li>94 puntos Gu\u00eda ABC 2020<\/li>\n<li>94 puntos Gu\u00eda Intervinos 2020<\/li>\n<li>94 puntos Gu\u00eda Pe\u00f1\u00edn 2022<\/li>\n<li>94 puntos Gu\u00eda Proensa 2015<\/li>\n<li>93 puntos Gu\u00eda Wine Up 2019<\/li>\n<li>93 puntos Gu\u00eda ABC 2016<\/li>\n<li>93 puntos Gu\u00eda Xtreme 2016<\/li>\n<li>93 puntos Parker (WineAdvocate)<\/li>\n<li>Medalla Oro CIVAS 2019<\/li>\n<li>Mejor manzanilla International Wine Challenge 2016<\/li>\n<li>Medalla de Oro International Wine Challenge 2016<\/li>\n<li>Medalla Gran Oro CIVAS 2016<\/li>\n<li class=\"lastItem\">Medalla de Oro International Wine Challenge 2014<\/li>\n<\/ul>\n<\/div>\n<\/div>","protected":false},"excerpt":{"rendered":"<p class=\"prod-short-desc\">The top of the line, a formidable Manzanilla. A sip of our wines\u2019 living history. Aged, extracted from the exclusive Solera reserved for La Goya, whose roots come from an old underground wine cellar beside Bajo de Guia, where the best pressings are sent for care and long-term aging, intended for the owners. An exclusive wine and not always available, as such, it is bottled only in exceptional circumstances.<\/p>","protected":false},"featured_media":12749,"template":"","meta":{"inline_featured_image":false,"_uag_custom_page_level_css":"","site-sidebar-layout":"default","site-content-layout":"","ast-site-content-layout":"default","site-content-style":"default","site-sidebar-style":"default","ast-global-header-display":"","ast-banner-title-visibility":"","ast-main-header-display":"","ast-hfb-above-header-display":"","ast-hfb-below-header-display":"","ast-hfb-mobile-header-display":"","site-post-title":"","ast-breadcrumbs-content":"","ast-featured-img":"","footer-sml-layout":"","ast-disable-related-posts":"","theme-transparent-header-meta":"default","adv-header-id-meta":"","stick-header-meta":"","header-above-stick-meta":"","header-main-stick-meta":"","header-below-stick-meta":"","astra-migrate-meta-layouts":"set","ast-page-background-enabled":"default","ast-page-background-meta":{"desktop":{"background-color":"var(--ast-global-color-5)","background-image":"","background-repeat":"repeat","background-position":"center center","background-size":"auto","background-attachment":"scroll","background-type":"","background-media":"","overlay-type":"","overlay-color":"","overlay-opacity":"","overlay-gradient":""},"tablet":{"background-color":"","background-image":"","background-repeat":"repeat","background-position":"center center","background-size":"auto","background-attachment":"scroll","background-type":"","background-media":"","overlay-type":"","overlay-color":"","overlay-opacity":"","overlay-gradient":""},"mobile":{"background-color":"","background-image":"","background-repeat":"repeat","background-position":"center center","background-size":"auto","background-attachment":"scroll","background-type":"","background-media":"","overlay-type":"","overlay-color":"","overlay-opacity":"","overlay-gradient":""}},"ast-content-background-meta":{"desktop":{"background-color":"var(--ast-global-color-4)","background-image":"","background-repeat":"repeat","background-position":"center center","background-size":"auto","background-attachment":"scroll","background-type":"","background-media":"","overlay-type":"","overlay-color":"","overlay-opacity":"","overlay-gradient":""},"tablet":{"background-color":"var(--ast-global-color-4)","background-image":"","background-repeat":"repeat","background-position":"center center","background-size":"auto","background-attachment":"scroll","background-type":"","background-media":"","overlay-type":"","overlay-color":"","overlay-opacity":"","overlay-gradient":""},"mobile":{"background-color":"var(--ast-global-color-4)","background-image":"","background-repeat":"repeat","background-position":"center center","background-size":"auto","background-attachment":"scroll","background-type":"","background-media":"","overlay-type":"","overlay-color":"","overlay-opacity":"","overlay-gradient":""}}},"product_brand":[],"product_cat":[177,8],"product_tag":[],"class_list":{"0":"post-877","1":"product","2":"type-product","3":"status-publish","4":"has-post-thumbnail","6":"product_cat-la-goya","7":"product_cat-manzanillas","8":"desktop-align-center","9":"tablet-align-left","10":"mobile-align-left","12":"first","13":"instock","14":"taxable","15":"shipping-taxable","16":"purchasable","17":"product-type-simple"},"yoast_head":"<!-- This site is optimized with the Yoast SEO plugin v27.3 - https:\/\/yoast.com\/product\/yoast-seo-wordpress\/ -->\n<title>Manzanilla Goya XL - Bodega Delgado Zuleta<\/title>\n<meta name=\"robots\" content=\"index, follow, max-snippet:-1, max-image-preview:large, max-video-preview:-1\" \/>\n<link rel=\"canonical\" href=\"https:\/\/delgadozuleta.com\/en\/tienda\/manzanilla-goya-xl\/\" \/>\n<meta property=\"og:locale\" content=\"en_US\" \/>\n<meta property=\"og:type\" content=\"article\" \/>\n<meta property=\"og:title\" content=\"Manzanilla Goya XL - Bodega Delgado Zuleta\" \/>\n<meta property=\"og:description\" content=\"La m\u00e1s alta de la gama, una manzanilla monumental. Un sorbo de historia viva de\u00a0nuestros vinos. Reposada, extra\u00edda de la exclusiva solera reservada de La Goya, cuyas ra\u00edces proceden de un antiguo casco de bodega subterr\u00e1neo situado junto a Bajo de Gu\u00eda, al que iban a parar los mejores mostos para su cuidado y prolongado envejecimiento, destinados a la reserva privada de los propietarios. Vino muy exclusivo, no disponible en todo momento, ya que solo se embotella, de manera limitada, cuando se dan una serie de circunstancias excepcionales.\" \/>\n<meta property=\"og:url\" content=\"https:\/\/delgadozuleta.com\/en\/tienda\/manzanilla-goya-xl\/\" \/>\n<meta property=\"og:site_name\" content=\"Bodega Delgado Zuleta\" \/>\n<meta property=\"article:modified_time\" content=\"2026-04-01T09:10:21+00:00\" \/>\n<meta property=\"og:image\" content=\"https:\/\/delgadozuleta.com\/wp-content\/uploads\/goyaxlnew.png\" \/>\n\t<meta property=\"og:image:width\" content=\"700\" \/>\n\t<meta property=\"og:image:height\" content=\"1000\" \/>\n\t<meta property=\"og:image:type\" content=\"image\/png\" \/>\n<meta name=\"twitter:card\" content=\"summary_large_image\" \/>\n<meta name=\"twitter:label1\" content=\"Est. reading time\" \/>\n\t<meta name=\"twitter:data1\" content=\"2 minutes\" \/>\n<script type=\"application\/ld+json\" class=\"yoast-schema-graph\">{\"@context\":\"https:\\\/\\\/schema.org\",\"@graph\":[{\"@type\":\"WebPage\",\"@id\":\"https:\\\/\\\/delgadozuleta.com\\\/tienda\\\/manzanilla-goya-xl\\\/\",\"url\":\"https:\\\/\\\/delgadozuleta.com\\\/tienda\\\/manzanilla-goya-xl\\\/\",\"name\":\"Manzanilla Goya XL - Bodega Delgado Zuleta\",\"isPartOf\":{\"@id\":\"https:\\\/\\\/delgadozuleta.com\\\/#website\"},\"primaryImageOfPage\":{\"@id\":\"https:\\\/\\\/delgadozuleta.com\\\/tienda\\\/manzanilla-goya-xl\\\/#primaryimage\"},\"image\":{\"@id\":\"https:\\\/\\\/delgadozuleta.com\\\/tienda\\\/manzanilla-goya-xl\\\/#primaryimage\"},\"thumbnailUrl\":\"https:\\\/\\\/delgadozuleta.com\\\/wp-content\\\/uploads\\\/goyaxlnew.png\",\"datePublished\":\"2016-01-20T11:35:16+00:00\",\"dateModified\":\"2026-04-01T09:10:21+00:00\",\"breadcrumb\":{\"@id\":\"https:\\\/\\\/delgadozuleta.com\\\/tienda\\\/manzanilla-goya-xl\\\/#breadcrumb\"},\"inLanguage\":\"en-US\",\"potentialAction\":[{\"@type\":\"ReadAction\",\"target\":[\"https:\\\/\\\/delgadozuleta.com\\\/tienda\\\/manzanilla-goya-xl\\\/\"]}]},{\"@type\":\"ImageObject\",\"inLanguage\":\"en-US\",\"@id\":\"https:\\\/\\\/delgadozuleta.com\\\/tienda\\\/manzanilla-goya-xl\\\/#primaryimage\",\"url\":\"https:\\\/\\\/delgadozuleta.com\\\/wp-content\\\/uploads\\\/goyaxlnew.png\",\"contentUrl\":\"https:\\\/\\\/delgadozuleta.com\\\/wp-content\\\/uploads\\\/goyaxlnew.png\",\"width\":700,\"height\":1000},{\"@type\":\"BreadcrumbList\",\"@id\":\"https:\\\/\\\/delgadozuleta.com\\\/tienda\\\/manzanilla-goya-xl\\\/#breadcrumb\",\"itemListElement\":[{\"@type\":\"ListItem\",\"position\":1,\"name\":\"Portada\",\"item\":\"https:\\\/\\\/delgadozuleta.com\\\/\"},{\"@type\":\"ListItem\",\"position\":2,\"name\":\"Tienda Online\",\"item\":\"https:\\\/\\\/delgadozuleta.com\\\/en\\\/tienda\\\/\"},{\"@type\":\"ListItem\",\"position\":3,\"name\":\"Manzanilla Goya XL\"}]},{\"@type\":\"WebSite\",\"@id\":\"https:\\\/\\\/delgadozuleta.com\\\/#website\",\"url\":\"https:\\\/\\\/delgadozuleta.com\\\/\",\"name\":\"Bodega Delgado Zuleta\",\"description\":\"Hist\u00f3rica bodega del Marco de Jerez especialista en la elaboraci\u00f3n de vinos generosos.\",\"publisher\":{\"@id\":\"https:\\\/\\\/delgadozuleta.com\\\/#organization\"},\"potentialAction\":[{\"@type\":\"SearchAction\",\"target\":{\"@type\":\"EntryPoint\",\"urlTemplate\":\"https:\\\/\\\/delgadozuleta.com\\\/?s={search_term_string}\"},\"query-input\":{\"@type\":\"PropertyValueSpecification\",\"valueRequired\":true,\"valueName\":\"search_term_string\"}}],\"inLanguage\":\"en-US\"},{\"@type\":\"Organization\",\"@id\":\"https:\\\/\\\/delgadozuleta.com\\\/#organization\",\"name\":\"Bodega Delgado Zuleta\",\"url\":\"https:\\\/\\\/delgadozuleta.com\\\/\",\"logo\":{\"@type\":\"ImageObject\",\"inLanguage\":\"en-US\",\"@id\":\"https:\\\/\\\/delgadozuleta.com\\\/#\\\/schema\\\/logo\\\/image\\\/\",\"url\":\"https:\\\/\\\/delgadozuleta.com\\\/wp-content\\\/uploads\\\/logo-transparente-300x133-1.png\",\"contentUrl\":\"https:\\\/\\\/delgadozuleta.com\\\/wp-content\\\/uploads\\\/logo-transparente-300x133-1.png\",\"width\":900,\"height\":400,\"caption\":\"Bodega Delgado Zuleta\"},\"image\":{\"@id\":\"https:\\\/\\\/delgadozuleta.com\\\/#\\\/schema\\\/logo\\\/image\\\/\"}}]}<\/script>\n<!-- \/ Yoast SEO plugin. -->","yoast_head_json":{"title":"Manzanilla Goya XL - Bodega Delgado Zuleta","robots":{"index":"index","follow":"follow","max-snippet":"max-snippet:-1","max-image-preview":"max-image-preview:large","max-video-preview":"max-video-preview:-1"},"canonical":"https:\/\/delgadozuleta.com\/en\/tienda\/manzanilla-goya-xl\/","og_locale":"en_US","og_type":"article","og_title":"Manzanilla Goya XL - Bodega Delgado Zuleta","og_description":"La m\u00e1s alta de la gama, una manzanilla monumental. Un sorbo de historia viva de\u00a0nuestros vinos. Reposada, extra\u00edda de la exclusiva solera reservada de La Goya, cuyas ra\u00edces proceden de un antiguo casco de bodega subterr\u00e1neo situado junto a Bajo de Gu\u00eda, al que iban a parar los mejores mostos para su cuidado y prolongado envejecimiento, destinados a la reserva privada de los propietarios. Vino muy exclusivo, no disponible en todo momento, ya que solo se embotella, de manera limitada, cuando se dan una serie de circunstancias excepcionales.","og_url":"https:\/\/delgadozuleta.com\/en\/tienda\/manzanilla-goya-xl\/","og_site_name":"Bodega Delgado Zuleta","article_modified_time":"2026-04-01T09:10:21+00:00","og_image":[{"width":700,"height":1000,"url":"https:\/\/delgadozuleta.com\/wp-content\/uploads\/goyaxlnew.png","type":"image\/png"}],"twitter_card":"summary_large_image","twitter_misc":{"Est. reading time":"2 minutes"},"schema":{"@context":"https:\/\/schema.org","@graph":[{"@type":"WebPage","@id":"https:\/\/delgadozuleta.com\/tienda\/manzanilla-goya-xl\/","url":"https:\/\/delgadozuleta.com\/tienda\/manzanilla-goya-xl\/","name":"Manzanilla Goya XL - Bodega Delgado Zuleta","isPartOf":{"@id":"https:\/\/delgadozuleta.com\/#website"},"primaryImageOfPage":{"@id":"https:\/\/delgadozuleta.com\/tienda\/manzanilla-goya-xl\/#primaryimage"},"image":{"@id":"https:\/\/delgadozuleta.com\/tienda\/manzanilla-goya-xl\/#primaryimage"},"thumbnailUrl":"https:\/\/delgadozuleta.com\/wp-content\/uploads\/goyaxlnew.png","datePublished":"2016-01-20T11:35:16+00:00","dateModified":"2026-04-01T09:10:21+00:00","breadcrumb":{"@id":"https:\/\/delgadozuleta.com\/tienda\/manzanilla-goya-xl\/#breadcrumb"},"inLanguage":"en-US","potentialAction":[{"@type":"ReadAction","target":["https:\/\/delgadozuleta.com\/tienda\/manzanilla-goya-xl\/"]}]},{"@type":"ImageObject","inLanguage":"en-US","@id":"https:\/\/delgadozuleta.com\/tienda\/manzanilla-goya-xl\/#primaryimage","url":"https:\/\/delgadozuleta.com\/wp-content\/uploads\/goyaxlnew.png","contentUrl":"https:\/\/delgadozuleta.com\/wp-content\/uploads\/goyaxlnew.png","width":700,"height":1000},{"@type":"BreadcrumbList","@id":"https:\/\/delgadozuleta.com\/tienda\/manzanilla-goya-xl\/#breadcrumb","itemListElement":[{"@type":"ListItem","position":1,"name":"Portada","item":"https:\/\/delgadozuleta.com\/"},{"@type":"ListItem","position":2,"name":"Tienda Online","item":"https:\/\/delgadozuleta.com\/en\/tienda\/"},{"@type":"ListItem","position":3,"name":"Manzanilla Goya XL"}]},{"@type":"WebSite","@id":"https:\/\/delgadozuleta.com\/#website","url":"https:\/\/delgadozuleta.com\/","name":"Bodega Delgado Zuleta","description":"Hist\u00f3rica bodega del Marco de Jerez especialista en la elaboraci\u00f3n de vinos generosos.","publisher":{"@id":"https:\/\/delgadozuleta.com\/#organization"},"potentialAction":[{"@type":"SearchAction","target":{"@type":"EntryPoint","urlTemplate":"https:\/\/delgadozuleta.com\/?s={search_term_string}"},"query-input":{"@type":"PropertyValueSpecification","valueRequired":true,"valueName":"search_term_string"}}],"inLanguage":"en-US"},{"@type":"Organization","@id":"https:\/\/delgadozuleta.com\/#organization","name":"Bodega Delgado Zuleta","url":"https:\/\/delgadozuleta.com\/","logo":{"@type":"ImageObject","inLanguage":"en-US","@id":"https:\/\/delgadozuleta.com\/#\/schema\/logo\/image\/","url":"https:\/\/delgadozuleta.com\/wp-content\/uploads\/logo-transparente-300x133-1.png","contentUrl":"https:\/\/delgadozuleta.com\/wp-content\/uploads\/logo-transparente-300x133-1.png","width":900,"height":400,"caption":"Bodega Delgado Zuleta"},"image":{"@id":"https:\/\/delgadozuleta.com\/#\/schema\/logo\/image\/"}}]}},"uagb_featured_image_src":{"full":["https:\/\/delgadozuleta.com\/wp-content\/uploads\/goyaxlnew.png",700,1000,false],"thumbnail":["https:\/\/delgadozuleta.com\/wp-content\/uploads\/goyaxlnew-150x150.png",150,150,true],"medium":["https:\/\/delgadozuleta.com\/wp-content\/uploads\/goyaxlnew-245x350.png",245,350,true],"medium_large":["https:\/\/delgadozuleta.com\/wp-content\/uploads\/goyaxlnew.png",700,1000,false],"large":["https:\/\/delgadozuleta.com\/wp-content\/uploads\/goyaxlnew.png",700,1000,false],"1536x1536":["https:\/\/delgadozuleta.com\/wp-content\/uploads\/goyaxlnew.png",700,1000,false],"2048x2048":["https:\/\/delgadozuleta.com\/wp-content\/uploads\/goyaxlnew.png",700,1000,false],"trp-custom-language-flag":["https:\/\/delgadozuleta.com\/wp-content\/uploads\/goyaxlnew-8x12.png",8,12,true],"woocommerce_thumbnail":["https:\/\/delgadozuleta.com\/wp-content\/uploads\/goyaxlnew-400x600.png",400,600,true],"woocommerce_single":["https:\/\/delgadozuleta.com\/wp-content\/uploads\/goyaxlnew-510x729.png",510,729,true],"woocommerce_gallery_thumbnail":["https:\/\/delgadozuleta.com\/wp-content\/uploads\/goyaxlnew-100x100.png",100,100,true]},"uagb_author_info":{"display_name":"BSINFOR EDUARDO","author_link":"https:\/\/delgadozuleta.com\/en\/blog\/author\/"},"uagb_comment_info":0,"uagb_excerpt":"La m\u00e1s alta de la gama, una manzanilla monumental. Un sorbo de historia viva de\u00a0nuestros vinos. Reposada, extra\u00edda de la exclusiva solera reservada de La Goya, cuyas ra\u00edces proceden de un antiguo casco de bodega subterr\u00e1neo situado junto a Bajo de Gu\u00eda, al que iban a parar los mejores mostos para su cuidado y prolongado&hellip;","_links":{"self":[{"href":"https:\/\/delgadozuleta.com\/en\/wp-json\/wp\/v2\/product\/877","targetHints":{"allow":["GET"]}}],"collection":[{"href":"https:\/\/delgadozuleta.com\/en\/wp-json\/wp\/v2\/product"}],"about":[{"href":"https:\/\/delgadozuleta.com\/en\/wp-json\/wp\/v2\/types\/product"}],"wp:featuredmedia":[{"embeddable":true,"href":"https:\/\/delgadozuleta.com\/en\/wp-json\/wp\/v2\/media\/12749"}],"wp:attachment":[{"href":"https:\/\/delgadozuleta.com\/en\/wp-json\/wp\/v2\/media?parent=877"}],"wp:term":[{"taxonomy":"product_brand","embeddable":true,"href":"https:\/\/delgadozuleta.com\/en\/wp-json\/wp\/v2\/product_brand?post=877"},{"taxonomy":"product_cat","embeddable":true,"href":"https:\/\/delgadozuleta.com\/en\/wp-json\/wp\/v2\/product_cat?post=877"},{"taxonomy":"product_tag","embeddable":true,"href":"https:\/\/delgadozuleta.com\/en\/wp-json\/wp\/v2\/product_tag?post=877"}],"curies":[{"name":"wp","href":"https:\/\/api.w.org\/{rel}","templated":true}]}}