{"id":873,"date":"2016-01-20T11:38:01","date_gmt":"2016-01-20T11:38:01","guid":{"rendered":"https:\/\/delgadozuleta.bgoapps.es\/en\/tienda\/manzanilla-barbiana\/"},"modified":"2025-12-09T12:40:29","modified_gmt":"2025-12-09T11:40:29","slug":"manzanilla-barbiana","status":"publish","type":"product","link":"https:\/\/delgadozuleta.com\/en\/tienda\/manzanilla-barbiana\/","title":{"rendered":"Manzanilla Barbiana"},"content":{"rendered":"<h2 class=\"info-title\">Technical sheet<\/h2>\n<p class=\"prod-long-desc\">Wine biologically aged under a layer of flor, 100% Palomino grape variety, is aged about 5 years by the traditional \u201cCriaderas &amp; Solera\u201d system in American oak casks. It is available in bottles of 37.5 and 75 cl. and is 15% alcohol by volume.<\/p>\n<h2 class=\"info-title\">Nota de Cata<\/h2>\n<p class=\"prod-long-desc\">Golden yellow, clean and bright. On the nose has an intense profile, with aromas of biological aging such as almonds and citrus, plus some Amontillado notes. It is is dry on the palate, flavorful and very smooth.<\/p>\n<p class=\"prod-long-desc\">90 puntos Parker. Medalla de Oro en la International Wine Challenge<\/p>\n<h2 class=\"info-title\">Pairing<\/h2>\n<p class=\"prod-long-desc\">Gran manzanilla para acompa\u00f1ar la cocina marinera, como arroces o guisos de pescado y marisco. Junto a un buen jam\u00f3n ib\u00e9rico puede ser el aperitivo perfecto.<\/p>\n<h2 class=\"info-title\">Reconocimientos<\/h2>\n<ul>\n<li>93 puntos Revista Gourmets 2015<\/li>\n<li>92 puntos Gu\u00eda Pe\u00f1\u00edn 2019<\/li>\n<li>90 puntos Parker (WineAdvocate)<\/li>\n<li>Medalla de Oro International Wine Awards 2019<\/li>\n<li>Medalla de Oro Sommelier Wine Awards 2018<\/li>\n<li>Medalla de Oro International Wine Challenge<\/li>\n<\/ul>","protected":false},"excerpt":{"rendered":"<p class=\"prod-short-desc\">Manzanilla Pasada, a Manzanilla that has undergone extended aging, from selected Soleras of Rodriguez La-Cave, a legendary traditional winery, which merged with Delgado Zuleta in 1978. The purest Manzanilla of Sanlucar, made with the utmost honesty and respect for ancestral methods. Authenticity, territory, identity.<\/p>","protected":false},"featured_media":12125,"template":"","meta":{"inline_featured_image":false,"_uag_custom_page_level_css":"","site-sidebar-layout":"default","site-content-layout":"","ast-site-content-layout":"default","site-content-style":"default","site-sidebar-style":"default","ast-global-header-display":"","ast-banner-title-visibility":"","ast-main-header-display":"","ast-hfb-above-header-display":"","ast-hfb-below-header-display":"","ast-hfb-mobile-header-display":"","site-post-title":"","ast-breadcrumbs-content":"","ast-featured-img":"","footer-sml-layout":"","ast-disable-related-posts":"","theme-transparent-header-meta":"default","adv-header-id-meta":"","stick-header-meta":"","header-above-stick-meta":"","header-main-stick-meta":"","header-below-stick-meta":"","astra-migrate-meta-layouts":"set","ast-page-background-enabled":"default","ast-page-background-meta":{"desktop":{"background-color":"var(--ast-global-color-5)","background-image":"","background-repeat":"repeat","background-position":"center center","background-size":"auto","background-attachment":"scroll","background-type":"","background-media":"","overlay-type":"","overlay-color":"","overlay-opacity":"","overlay-gradient":""},"tablet":{"background-color":"","background-image":"","background-repeat":"repeat","background-position":"center center","background-size":"auto","background-attachment":"scroll","background-type":"","background-media":"","overlay-type":"","overlay-color":"","overlay-opacity":"","overlay-gradient":""},"mobile":{"background-color":"","background-image":"","background-repeat":"repeat","background-position":"center center","background-size":"auto","background-attachment":"scroll","background-type":"","background-media":"","overlay-type":"","overlay-color":"","overlay-opacity":"","overlay-gradient":""}},"ast-content-background-meta":{"desktop":{"background-color":"var(--ast-global-color-4)","background-image":"","background-repeat":"repeat","background-position":"center center","background-size":"auto","background-attachment":"scroll","background-type":"","background-media":"","overlay-type":"","overlay-color":"","overlay-opacity":"","overlay-gradient":""},"tablet":{"background-color":"var(--ast-global-color-4)","background-image":"","background-repeat":"repeat","background-position":"center center","background-size":"auto","background-attachment":"scroll","background-type":"","background-media":"","overlay-type":"","overlay-color":"","overlay-opacity":"","overlay-gradient":""},"mobile":{"background-color":"var(--ast-global-color-4)","background-image":"","background-repeat":"repeat","background-position":"center center","background-size":"auto","background-attachment":"scroll","background-type":"","background-media":"","overlay-type":"","overlay-color":"","overlay-opacity":"","overlay-gradient":""}}},"product_brand":[],"product_cat":[179,8],"product_tag":[],"class_list":{"0":"post-873","1":"product","2":"type-product","3":"status-publish","4":"has-post-thumbnail","6":"product_cat-barbiana","7":"product_cat-manzanillas","8":"desktop-align-center","9":"tablet-align-left","10":"mobile-align-left","12":"first","13":"instock","14":"taxable","15":"shipping-taxable","16":"purchasable","17":"product-type-variable","18":"has-default-attributes"},"yoast_head":"<!-- This site is optimized with the Yoast SEO plugin v27.3 - https:\/\/yoast.com\/product\/yoast-seo-wordpress\/ -->\n<title>Manzanilla Barbiana - Bodega Delgado Zuleta<\/title>\n<meta name=\"robots\" content=\"index, follow, max-snippet:-1, max-image-preview:large, max-video-preview:-1\" \/>\n<link rel=\"canonical\" href=\"https:\/\/delgadozuleta.com\/en\/tienda\/manzanilla-barbiana\/\" \/>\n<meta property=\"og:locale\" content=\"en_US\" \/>\n<meta property=\"og:type\" content=\"article\" \/>\n<meta property=\"og:title\" content=\"Manzanilla Barbiana - Bodega Delgado Zuleta\" \/>\n<meta property=\"og:description\" content=\"Barbiana es una manzanilla pasada, procedente de soleras seleccionadas de la casa\u00a0Rodr\u00edguez La-Cave, bodega tradicional, de leyenda, con la que se fusiona Delgado Zuleta en el a\u00f1o 1978. La m\u00e1s pura manzanilla sanluque\u00f1a, elaborada con la m\u00e1xima franqueza y respetando m\u00e9todos ancestrales. Autenticidad, territorio, identidad.\" \/>\n<meta property=\"og:url\" content=\"https:\/\/delgadozuleta.com\/en\/tienda\/manzanilla-barbiana\/\" \/>\n<meta property=\"og:site_name\" content=\"Bodega Delgado Zuleta\" \/>\n<meta property=\"article:modified_time\" content=\"2025-12-09T11:40:29+00:00\" \/>\n<meta property=\"og:image\" content=\"https:\/\/delgadozuleta.com\/wp-content\/uploads\/BARBIANA2-245x350-1.png\" \/>\n\t<meta property=\"og:image:width\" content=\"245\" \/>\n\t<meta property=\"og:image:height\" content=\"350\" \/>\n\t<meta property=\"og:image:type\" content=\"image\/png\" \/>\n<meta name=\"twitter:card\" content=\"summary_large_image\" \/>\n<meta name=\"twitter:label1\" content=\"Est. reading time\" \/>\n\t<meta name=\"twitter:data1\" content=\"1 minute\" \/>\n<script type=\"application\/ld+json\" class=\"yoast-schema-graph\">{\"@context\":\"https:\\\/\\\/schema.org\",\"@graph\":[{\"@type\":\"WebPage\",\"@id\":\"https:\\\/\\\/delgadozuleta.com\\\/tienda\\\/manzanilla-barbiana\\\/\",\"url\":\"https:\\\/\\\/delgadozuleta.com\\\/tienda\\\/manzanilla-barbiana\\\/\",\"name\":\"Manzanilla Barbiana - Bodega Delgado Zuleta\",\"isPartOf\":{\"@id\":\"https:\\\/\\\/delgadozuleta.com\\\/#website\"},\"primaryImageOfPage\":{\"@id\":\"https:\\\/\\\/delgadozuleta.com\\\/tienda\\\/manzanilla-barbiana\\\/#primaryimage\"},\"image\":{\"@id\":\"https:\\\/\\\/delgadozuleta.com\\\/tienda\\\/manzanilla-barbiana\\\/#primaryimage\"},\"thumbnailUrl\":\"https:\\\/\\\/delgadozuleta.com\\\/wp-content\\\/uploads\\\/BARBIANA2-245x350-1.png\",\"datePublished\":\"2016-01-20T11:38:01+00:00\",\"dateModified\":\"2025-12-09T11:40:29+00:00\",\"breadcrumb\":{\"@id\":\"https:\\\/\\\/delgadozuleta.com\\\/tienda\\\/manzanilla-barbiana\\\/#breadcrumb\"},\"inLanguage\":\"en-US\",\"potentialAction\":[{\"@type\":\"ReadAction\",\"target\":[\"https:\\\/\\\/delgadozuleta.com\\\/tienda\\\/manzanilla-barbiana\\\/\"]}]},{\"@type\":\"ImageObject\",\"inLanguage\":\"en-US\",\"@id\":\"https:\\\/\\\/delgadozuleta.com\\\/tienda\\\/manzanilla-barbiana\\\/#primaryimage\",\"url\":\"https:\\\/\\\/delgadozuleta.com\\\/wp-content\\\/uploads\\\/BARBIANA2-245x350-1.png\",\"contentUrl\":\"https:\\\/\\\/delgadozuleta.com\\\/wp-content\\\/uploads\\\/BARBIANA2-245x350-1.png\",\"width\":245,\"height\":350},{\"@type\":\"BreadcrumbList\",\"@id\":\"https:\\\/\\\/delgadozuleta.com\\\/tienda\\\/manzanilla-barbiana\\\/#breadcrumb\",\"itemListElement\":[{\"@type\":\"ListItem\",\"position\":1,\"name\":\"Portada\",\"item\":\"https:\\\/\\\/delgadozuleta.com\\\/\"},{\"@type\":\"ListItem\",\"position\":2,\"name\":\"Tienda Online\",\"item\":\"https:\\\/\\\/delgadozuleta.com\\\/en\\\/tienda\\\/\"},{\"@type\":\"ListItem\",\"position\":3,\"name\":\"Manzanilla Barbiana\"}]},{\"@type\":\"WebSite\",\"@id\":\"https:\\\/\\\/delgadozuleta.com\\\/#website\",\"url\":\"https:\\\/\\\/delgadozuleta.com\\\/\",\"name\":\"Bodega Delgado Zuleta\",\"description\":\"Hist\u00f3rica bodega del Marco de Jerez especialista en la elaboraci\u00f3n de vinos generosos.\",\"publisher\":{\"@id\":\"https:\\\/\\\/delgadozuleta.com\\\/#organization\"},\"potentialAction\":[{\"@type\":\"SearchAction\",\"target\":{\"@type\":\"EntryPoint\",\"urlTemplate\":\"https:\\\/\\\/delgadozuleta.com\\\/?s={search_term_string}\"},\"query-input\":{\"@type\":\"PropertyValueSpecification\",\"valueRequired\":true,\"valueName\":\"search_term_string\"}}],\"inLanguage\":\"en-US\"},{\"@type\":\"Organization\",\"@id\":\"https:\\\/\\\/delgadozuleta.com\\\/#organization\",\"name\":\"Bodega Delgado Zuleta\",\"url\":\"https:\\\/\\\/delgadozuleta.com\\\/\",\"logo\":{\"@type\":\"ImageObject\",\"inLanguage\":\"en-US\",\"@id\":\"https:\\\/\\\/delgadozuleta.com\\\/#\\\/schema\\\/logo\\\/image\\\/\",\"url\":\"https:\\\/\\\/delgadozuleta.com\\\/wp-content\\\/uploads\\\/logo-transparente-300x133-1.png\",\"contentUrl\":\"https:\\\/\\\/delgadozuleta.com\\\/wp-content\\\/uploads\\\/logo-transparente-300x133-1.png\",\"width\":900,\"height\":400,\"caption\":\"Bodega Delgado Zuleta\"},\"image\":{\"@id\":\"https:\\\/\\\/delgadozuleta.com\\\/#\\\/schema\\\/logo\\\/image\\\/\"}}]}<\/script>\n<!-- \/ Yoast SEO plugin. -->","yoast_head_json":{"title":"Manzanilla Barbiana - Bodega Delgado Zuleta","robots":{"index":"index","follow":"follow","max-snippet":"max-snippet:-1","max-image-preview":"max-image-preview:large","max-video-preview":"max-video-preview:-1"},"canonical":"https:\/\/delgadozuleta.com\/en\/tienda\/manzanilla-barbiana\/","og_locale":"en_US","og_type":"article","og_title":"Manzanilla Barbiana - Bodega Delgado Zuleta","og_description":"Barbiana es una manzanilla pasada, procedente de soleras seleccionadas de la casa\u00a0Rodr\u00edguez La-Cave, bodega tradicional, de leyenda, con la que se fusiona Delgado Zuleta en el a\u00f1o 1978. La m\u00e1s pura manzanilla sanluque\u00f1a, elaborada con la m\u00e1xima franqueza y respetando m\u00e9todos ancestrales. Autenticidad, territorio, identidad.","og_url":"https:\/\/delgadozuleta.com\/en\/tienda\/manzanilla-barbiana\/","og_site_name":"Bodega Delgado Zuleta","article_modified_time":"2025-12-09T11:40:29+00:00","og_image":[{"width":245,"height":350,"url":"https:\/\/delgadozuleta.com\/wp-content\/uploads\/BARBIANA2-245x350-1.png","type":"image\/png"}],"twitter_card":"summary_large_image","twitter_misc":{"Est. reading time":"1 minute"},"schema":{"@context":"https:\/\/schema.org","@graph":[{"@type":"WebPage","@id":"https:\/\/delgadozuleta.com\/tienda\/manzanilla-barbiana\/","url":"https:\/\/delgadozuleta.com\/tienda\/manzanilla-barbiana\/","name":"Manzanilla Barbiana - Bodega Delgado Zuleta","isPartOf":{"@id":"https:\/\/delgadozuleta.com\/#website"},"primaryImageOfPage":{"@id":"https:\/\/delgadozuleta.com\/tienda\/manzanilla-barbiana\/#primaryimage"},"image":{"@id":"https:\/\/delgadozuleta.com\/tienda\/manzanilla-barbiana\/#primaryimage"},"thumbnailUrl":"https:\/\/delgadozuleta.com\/wp-content\/uploads\/BARBIANA2-245x350-1.png","datePublished":"2016-01-20T11:38:01+00:00","dateModified":"2025-12-09T11:40:29+00:00","breadcrumb":{"@id":"https:\/\/delgadozuleta.com\/tienda\/manzanilla-barbiana\/#breadcrumb"},"inLanguage":"en-US","potentialAction":[{"@type":"ReadAction","target":["https:\/\/delgadozuleta.com\/tienda\/manzanilla-barbiana\/"]}]},{"@type":"ImageObject","inLanguage":"en-US","@id":"https:\/\/delgadozuleta.com\/tienda\/manzanilla-barbiana\/#primaryimage","url":"https:\/\/delgadozuleta.com\/wp-content\/uploads\/BARBIANA2-245x350-1.png","contentUrl":"https:\/\/delgadozuleta.com\/wp-content\/uploads\/BARBIANA2-245x350-1.png","width":245,"height":350},{"@type":"BreadcrumbList","@id":"https:\/\/delgadozuleta.com\/tienda\/manzanilla-barbiana\/#breadcrumb","itemListElement":[{"@type":"ListItem","position":1,"name":"Portada","item":"https:\/\/delgadozuleta.com\/"},{"@type":"ListItem","position":2,"name":"Tienda Online","item":"https:\/\/delgadozuleta.com\/en\/tienda\/"},{"@type":"ListItem","position":3,"name":"Manzanilla Barbiana"}]},{"@type":"WebSite","@id":"https:\/\/delgadozuleta.com\/#website","url":"https:\/\/delgadozuleta.com\/","name":"Bodega Delgado Zuleta","description":"Hist\u00f3rica bodega del Marco de Jerez especialista en la elaboraci\u00f3n de vinos generosos.","publisher":{"@id":"https:\/\/delgadozuleta.com\/#organization"},"potentialAction":[{"@type":"SearchAction","target":{"@type":"EntryPoint","urlTemplate":"https:\/\/delgadozuleta.com\/?s={search_term_string}"},"query-input":{"@type":"PropertyValueSpecification","valueRequired":true,"valueName":"search_term_string"}}],"inLanguage":"en-US"},{"@type":"Organization","@id":"https:\/\/delgadozuleta.com\/#organization","name":"Bodega Delgado Zuleta","url":"https:\/\/delgadozuleta.com\/","logo":{"@type":"ImageObject","inLanguage":"en-US","@id":"https:\/\/delgadozuleta.com\/#\/schema\/logo\/image\/","url":"https:\/\/delgadozuleta.com\/wp-content\/uploads\/logo-transparente-300x133-1.png","contentUrl":"https:\/\/delgadozuleta.com\/wp-content\/uploads\/logo-transparente-300x133-1.png","width":900,"height":400,"caption":"Bodega Delgado Zuleta"},"image":{"@id":"https:\/\/delgadozuleta.com\/#\/schema\/logo\/image\/"}}]}},"uagb_featured_image_src":{"full":["https:\/\/delgadozuleta.com\/wp-content\/uploads\/BARBIANA2-245x350-1.png",245,350,false],"thumbnail":["https:\/\/delgadozuleta.com\/wp-content\/uploads\/BARBIANA2-245x350-1.png",105,150,false],"medium":["https:\/\/delgadozuleta.com\/wp-content\/uploads\/BARBIANA2-245x350-1.png",245,350,false],"medium_large":["https:\/\/delgadozuleta.com\/wp-content\/uploads\/BARBIANA2-245x350-1.png",245,350,false],"large":["https:\/\/delgadozuleta.com\/wp-content\/uploads\/BARBIANA2-245x350-1.png",245,350,false],"1536x1536":["https:\/\/delgadozuleta.com\/wp-content\/uploads\/BARBIANA2-245x350-1.png",245,350,false],"2048x2048":["https:\/\/delgadozuleta.com\/wp-content\/uploads\/BARBIANA2-245x350-1.png",245,350,false],"trp-custom-language-flag":["https:\/\/delgadozuleta.com\/wp-content\/uploads\/BARBIANA2-245x350-1.png",8,12,false],"woocommerce_thumbnail":["https:\/\/delgadozuleta.com\/wp-content\/uploads\/BARBIANA2-245x350-1.png",245,350,false],"woocommerce_single":["https:\/\/delgadozuleta.com\/wp-content\/uploads\/BARBIANA2-245x350-1.png",245,350,false],"woocommerce_gallery_thumbnail":["https:\/\/delgadozuleta.com\/wp-content\/uploads\/BARBIANA2-245x350-1-100x100.png",100,100,true]},"uagb_author_info":{"display_name":"BSINFOR EDUARDO","author_link":"https:\/\/delgadozuleta.com\/en\/blog\/author\/"},"uagb_comment_info":0,"uagb_excerpt":"Barbiana es una manzanilla pasada, procedente de soleras seleccionadas de la casa\u00a0Rodr\u00edguez La-Cave, bodega tradicional, de leyenda, con la que se fusiona Delgado Zuleta en el a\u00f1o 1978. La m\u00e1s pura manzanilla sanluque\u00f1a, elaborada con la m\u00e1xima franqueza y respetando m\u00e9todos ancestrales. Autenticidad, territorio, identidad.","_links":{"self":[{"href":"https:\/\/delgadozuleta.com\/en\/wp-json\/wp\/v2\/product\/873","targetHints":{"allow":["GET"]}}],"collection":[{"href":"https:\/\/delgadozuleta.com\/en\/wp-json\/wp\/v2\/product"}],"about":[{"href":"https:\/\/delgadozuleta.com\/en\/wp-json\/wp\/v2\/types\/product"}],"wp:featuredmedia":[{"embeddable":true,"href":"https:\/\/delgadozuleta.com\/en\/wp-json\/wp\/v2\/media\/12125"}],"wp:attachment":[{"href":"https:\/\/delgadozuleta.com\/en\/wp-json\/wp\/v2\/media?parent=873"}],"wp:term":[{"taxonomy":"product_brand","embeddable":true,"href":"https:\/\/delgadozuleta.com\/en\/wp-json\/wp\/v2\/product_brand?post=873"},{"taxonomy":"product_cat","embeddable":true,"href":"https:\/\/delgadozuleta.com\/en\/wp-json\/wp\/v2\/product_cat?post=873"},{"taxonomy":"product_tag","embeddable":true,"href":"https:\/\/delgadozuleta.com\/en\/wp-json\/wp\/v2\/product_tag?post=873"}],"curies":[{"name":"wp","href":"https:\/\/api.w.org\/{rel}","templated":true}]}}