{"id":866,"date":"2016-02-10T10:51:51","date_gmt":"2016-02-10T09:51:51","guid":{"rendered":"https:\/\/delgadozuleta.bgoapps.es\/en\/tienda\/pedro-ximenez-zuleta\/"},"modified":"2025-12-30T09:35:10","modified_gmt":"2025-12-30T08:35:10","slug":"pedro-ximenez-zuleta","status":"publish","type":"product","link":"https:\/\/delgadozuleta.com\/en\/tienda\/pedro-ximenez-zuleta\/","title":{"rendered":"Pedro Xim\u00e9nez Zuleta"},"content":{"rendered":"<p><strong>TECHNICAL SHEET<\/strong><br \/>\nVino de crianza oxidativa, obtenido por la fermentaci\u00f3n parcial de mostos de uvas de la variedad Pedro Xim\u00e9nez previamente pasificadas, con unos 2-3 a\u00f1os de crianza mediante el sistema tradicional de soleras y criaderas en botas de roble americano. Es muy dulce, su graduaci\u00f3n alcoh\u00f3lica es de 15 % vol. y se presenta en botellas de 75 cl.<\/p>\n<p><strong>TASTING NOTES<\/strong><br \/>\nDe color caoba oscuro, denso y untuoso, presenta una notas potentes a pasas frescas y otras notas de pasificaci\u00f3n. En boca es intenso, goloso y sabroso, con un excelente equilibrio \u00e1cido-dulce que lo hace fresco y arm\u00f3nico y que le confiere un gran volumen y persistencia.<\/p>\n<p><strong>PAIRING<\/strong><br \/>\nUn pedro xim\u00e9nez de corte moderno como \u00e9ste, invita a ser creativo en el maridaje y no limitarlo exclusivamente a los postres. Aperitivos, quesos, foie o carnes rellenas armonizar\u00e1n a la perfecci\u00f3n con este vino.<\/p>\n<p><strong>AWARDS<\/strong><\/p>\n<ul>\n<li>90 puntos Wine Spectator 2019<\/li>\n<li>90 puntos Wine Spectator 2016<\/li>\n<\/ul>","protected":false},"excerpt":{"rendered":"<p class=\"prod-short-desc\">Vino dulce natural que toma su nombre de la variedad de uva con el que se elabora, aunque tambi\u00e9n es conocido como vino de pasas. Es el vino m\u00e1s dulce de la gama.<\/p>\n<h2 class=\"prod-short-desc\"><\/h2>","protected":false},"featured_media":12751,"template":"","meta":{"inline_featured_image":false,"_uag_custom_page_level_css":"","site-sidebar-layout":"default","site-content-layout":"","ast-site-content-layout":"default","site-content-style":"default","site-sidebar-style":"default","ast-global-header-display":"","ast-banner-title-visibility":"","ast-main-header-display":"","ast-hfb-above-header-display":"","ast-hfb-below-header-display":"","ast-hfb-mobile-header-display":"","site-post-title":"","ast-breadcrumbs-content":"","ast-featured-img":"","footer-sml-layout":"","ast-disable-related-posts":"","theme-transparent-header-meta":"default","adv-header-id-meta":"","stick-header-meta":"","header-above-stick-meta":"","header-main-stick-meta":"","header-below-stick-meta":"","astra-migrate-meta-layouts":"set","ast-page-background-enabled":"default","ast-page-background-meta":{"desktop":{"background-color":"var(--ast-global-color-5)","background-image":"","background-repeat":"repeat","background-position":"center center","background-size":"auto","background-attachment":"scroll","background-type":"","background-media":"","overlay-type":"","overlay-color":"","overlay-opacity":"","overlay-gradient":""},"tablet":{"background-color":"","background-image":"","background-repeat":"repeat","background-position":"center center","background-size":"auto","background-attachment":"scroll","background-type":"","background-media":"","overlay-type":"","overlay-color":"","overlay-opacity":"","overlay-gradient":""},"mobile":{"background-color":"","background-image":"","background-repeat":"repeat","background-position":"center center","background-size":"auto","background-attachment":"scroll","background-type":"","background-media":"","overlay-type":"","overlay-color":"","overlay-opacity":"","overlay-gradient":""}},"ast-content-background-meta":{"desktop":{"background-color":"var(--ast-global-color-4)","background-image":"","background-repeat":"repeat","background-position":"center center","background-size":"auto","background-attachment":"scroll","background-type":"","background-media":"","overlay-type":"","overlay-color":"","overlay-opacity":"","overlay-gradient":""},"tablet":{"background-color":"var(--ast-global-color-4)","background-image":"","background-repeat":"repeat","background-position":"center center","background-size":"auto","background-attachment":"scroll","background-type":"","background-media":"","overlay-type":"","overlay-color":"","overlay-opacity":"","overlay-gradient":""},"mobile":{"background-color":"var(--ast-global-color-4)","background-image":"","background-repeat":"repeat","background-position":"center center","background-size":"auto","background-attachment":"scroll","background-type":"","background-media":"","overlay-type":"","overlay-color":"","overlay-opacity":"","overlay-gradient":""}}},"product_brand":[],"product_cat":[9,170],"product_tag":[],"class_list":{"0":"post-866","1":"product","2":"type-product","3":"status-publish","4":"has-post-thumbnail","6":"product_cat-gama-zuleta","7":"product_cat-vinos-dulces","8":"pa_capacidad-capacidad-75cl","9":"desktop-align-center","10":"tablet-align-left","11":"mobile-align-left","13":"first","14":"instock","15":"taxable","16":"shipping-taxable","17":"purchasable","18":"product-type-simple"},"yoast_head":"<!-- This site is optimized with the Yoast SEO plugin v27.3 - https:\/\/yoast.com\/product\/yoast-seo-wordpress\/ -->\n<title>Pedro Xim\u00e9nez Zuleta - Bodega Delgado Zuleta<\/title>\n<meta name=\"robots\" content=\"index, follow, max-snippet:-1, max-image-preview:large, max-video-preview:-1\" \/>\n<link rel=\"canonical\" href=\"https:\/\/delgadozuleta.com\/en\/tienda\/pedro-ximenez-zuleta\/\" \/>\n<meta property=\"og:locale\" content=\"en_US\" \/>\n<meta property=\"og:type\" content=\"article\" \/>\n<meta property=\"og:title\" content=\"Pedro Xim\u00e9nez Zuleta - Bodega Delgado Zuleta\" \/>\n<meta property=\"og:description\" content=\"Vino dulce natural que toma su nombre de la variedad de uva con el que se elabora, aunque tambi\u00e9n es conocido como vino de pasas. Es el vino m\u00e1s dulce de la gama.\" \/>\n<meta property=\"og:url\" content=\"https:\/\/delgadozuleta.com\/en\/tienda\/pedro-ximenez-zuleta\/\" \/>\n<meta property=\"og:site_name\" content=\"Bodega Delgado Zuleta\" \/>\n<meta property=\"article:modified_time\" content=\"2025-12-30T08:35:10+00:00\" \/>\n<meta property=\"og:image\" content=\"https:\/\/delgadozuleta.com\/wp-content\/uploads\/16-1-new.png\" \/>\n\t<meta property=\"og:image:width\" content=\"700\" \/>\n\t<meta property=\"og:image:height\" content=\"1000\" \/>\n\t<meta property=\"og:image:type\" content=\"image\/png\" \/>\n<meta name=\"twitter:card\" content=\"summary_large_image\" \/>\n<meta name=\"twitter:label1\" content=\"Est. reading time\" \/>\n\t<meta name=\"twitter:data1\" content=\"1 minute\" \/>\n<script type=\"application\/ld+json\" class=\"yoast-schema-graph\">{\"@context\":\"https:\\\/\\\/schema.org\",\"@graph\":[{\"@type\":\"WebPage\",\"@id\":\"https:\\\/\\\/delgadozuleta.com\\\/tienda\\\/pedro-ximenez-zuleta\\\/\",\"url\":\"https:\\\/\\\/delgadozuleta.com\\\/tienda\\\/pedro-ximenez-zuleta\\\/\",\"name\":\"Pedro Xim\u00e9nez Zuleta - Bodega Delgado Zuleta\",\"isPartOf\":{\"@id\":\"https:\\\/\\\/delgadozuleta.com\\\/#website\"},\"primaryImageOfPage\":{\"@id\":\"https:\\\/\\\/delgadozuleta.com\\\/tienda\\\/pedro-ximenez-zuleta\\\/#primaryimage\"},\"image\":{\"@id\":\"https:\\\/\\\/delgadozuleta.com\\\/tienda\\\/pedro-ximenez-zuleta\\\/#primaryimage\"},\"thumbnailUrl\":\"https:\\\/\\\/delgadozuleta.com\\\/wp-content\\\/uploads\\\/16-1-new.png\",\"datePublished\":\"2016-02-10T09:51:51+00:00\",\"dateModified\":\"2025-12-30T08:35:10+00:00\",\"breadcrumb\":{\"@id\":\"https:\\\/\\\/delgadozuleta.com\\\/tienda\\\/pedro-ximenez-zuleta\\\/#breadcrumb\"},\"inLanguage\":\"en-US\",\"potentialAction\":[{\"@type\":\"ReadAction\",\"target\":[\"https:\\\/\\\/delgadozuleta.com\\\/tienda\\\/pedro-ximenez-zuleta\\\/\"]}]},{\"@type\":\"ImageObject\",\"inLanguage\":\"en-US\",\"@id\":\"https:\\\/\\\/delgadozuleta.com\\\/tienda\\\/pedro-ximenez-zuleta\\\/#primaryimage\",\"url\":\"https:\\\/\\\/delgadozuleta.com\\\/wp-content\\\/uploads\\\/16-1-new.png\",\"contentUrl\":\"https:\\\/\\\/delgadozuleta.com\\\/wp-content\\\/uploads\\\/16-1-new.png\",\"width\":700,\"height\":1000},{\"@type\":\"BreadcrumbList\",\"@id\":\"https:\\\/\\\/delgadozuleta.com\\\/tienda\\\/pedro-ximenez-zuleta\\\/#breadcrumb\",\"itemListElement\":[{\"@type\":\"ListItem\",\"position\":1,\"name\":\"Portada\",\"item\":\"https:\\\/\\\/delgadozuleta.com\\\/\"},{\"@type\":\"ListItem\",\"position\":2,\"name\":\"Tienda Online\",\"item\":\"https:\\\/\\\/delgadozuleta.com\\\/en\\\/tienda\\\/\"},{\"@type\":\"ListItem\",\"position\":3,\"name\":\"Pedro Xim\u00e9nez Zuleta\"}]},{\"@type\":\"WebSite\",\"@id\":\"https:\\\/\\\/delgadozuleta.com\\\/#website\",\"url\":\"https:\\\/\\\/delgadozuleta.com\\\/\",\"name\":\"Bodega Delgado Zuleta\",\"description\":\"Hist\u00f3rica bodega del Marco de Jerez especialista en la elaboraci\u00f3n de vinos generosos.\",\"publisher\":{\"@id\":\"https:\\\/\\\/delgadozuleta.com\\\/#organization\"},\"potentialAction\":[{\"@type\":\"SearchAction\",\"target\":{\"@type\":\"EntryPoint\",\"urlTemplate\":\"https:\\\/\\\/delgadozuleta.com\\\/?s={search_term_string}\"},\"query-input\":{\"@type\":\"PropertyValueSpecification\",\"valueRequired\":true,\"valueName\":\"search_term_string\"}}],\"inLanguage\":\"en-US\"},{\"@type\":\"Organization\",\"@id\":\"https:\\\/\\\/delgadozuleta.com\\\/#organization\",\"name\":\"Bodega Delgado Zuleta\",\"url\":\"https:\\\/\\\/delgadozuleta.com\\\/\",\"logo\":{\"@type\":\"ImageObject\",\"inLanguage\":\"en-US\",\"@id\":\"https:\\\/\\\/delgadozuleta.com\\\/#\\\/schema\\\/logo\\\/image\\\/\",\"url\":\"https:\\\/\\\/delgadozuleta.com\\\/wp-content\\\/uploads\\\/logo-transparente-300x133-1.png\",\"contentUrl\":\"https:\\\/\\\/delgadozuleta.com\\\/wp-content\\\/uploads\\\/logo-transparente-300x133-1.png\",\"width\":900,\"height\":400,\"caption\":\"Bodega Delgado Zuleta\"},\"image\":{\"@id\":\"https:\\\/\\\/delgadozuleta.com\\\/#\\\/schema\\\/logo\\\/image\\\/\"}}]}<\/script>\n<!-- \/ Yoast SEO plugin. -->","yoast_head_json":{"title":"Pedro Xim\u00e9nez Zuleta - Bodega Delgado Zuleta","robots":{"index":"index","follow":"follow","max-snippet":"max-snippet:-1","max-image-preview":"max-image-preview:large","max-video-preview":"max-video-preview:-1"},"canonical":"https:\/\/delgadozuleta.com\/en\/tienda\/pedro-ximenez-zuleta\/","og_locale":"en_US","og_type":"article","og_title":"Pedro Xim\u00e9nez Zuleta - Bodega Delgado Zuleta","og_description":"Vino dulce natural que toma su nombre de la variedad de uva con el que se elabora, aunque tambi\u00e9n es conocido como vino de pasas. Es el vino m\u00e1s dulce de la gama.","og_url":"https:\/\/delgadozuleta.com\/en\/tienda\/pedro-ximenez-zuleta\/","og_site_name":"Bodega Delgado Zuleta","article_modified_time":"2025-12-30T08:35:10+00:00","og_image":[{"width":700,"height":1000,"url":"https:\/\/delgadozuleta.com\/wp-content\/uploads\/16-1-new.png","type":"image\/png"}],"twitter_card":"summary_large_image","twitter_misc":{"Est. reading time":"1 minute"},"schema":{"@context":"https:\/\/schema.org","@graph":[{"@type":"WebPage","@id":"https:\/\/delgadozuleta.com\/tienda\/pedro-ximenez-zuleta\/","url":"https:\/\/delgadozuleta.com\/tienda\/pedro-ximenez-zuleta\/","name":"Pedro Xim\u00e9nez Zuleta - Bodega Delgado Zuleta","isPartOf":{"@id":"https:\/\/delgadozuleta.com\/#website"},"primaryImageOfPage":{"@id":"https:\/\/delgadozuleta.com\/tienda\/pedro-ximenez-zuleta\/#primaryimage"},"image":{"@id":"https:\/\/delgadozuleta.com\/tienda\/pedro-ximenez-zuleta\/#primaryimage"},"thumbnailUrl":"https:\/\/delgadozuleta.com\/wp-content\/uploads\/16-1-new.png","datePublished":"2016-02-10T09:51:51+00:00","dateModified":"2025-12-30T08:35:10+00:00","breadcrumb":{"@id":"https:\/\/delgadozuleta.com\/tienda\/pedro-ximenez-zuleta\/#breadcrumb"},"inLanguage":"en-US","potentialAction":[{"@type":"ReadAction","target":["https:\/\/delgadozuleta.com\/tienda\/pedro-ximenez-zuleta\/"]}]},{"@type":"ImageObject","inLanguage":"en-US","@id":"https:\/\/delgadozuleta.com\/tienda\/pedro-ximenez-zuleta\/#primaryimage","url":"https:\/\/delgadozuleta.com\/wp-content\/uploads\/16-1-new.png","contentUrl":"https:\/\/delgadozuleta.com\/wp-content\/uploads\/16-1-new.png","width":700,"height":1000},{"@type":"BreadcrumbList","@id":"https:\/\/delgadozuleta.com\/tienda\/pedro-ximenez-zuleta\/#breadcrumb","itemListElement":[{"@type":"ListItem","position":1,"name":"Portada","item":"https:\/\/delgadozuleta.com\/"},{"@type":"ListItem","position":2,"name":"Tienda Online","item":"https:\/\/delgadozuleta.com\/en\/tienda\/"},{"@type":"ListItem","position":3,"name":"Pedro Xim\u00e9nez Zuleta"}]},{"@type":"WebSite","@id":"https:\/\/delgadozuleta.com\/#website","url":"https:\/\/delgadozuleta.com\/","name":"Bodega Delgado Zuleta","description":"Hist\u00f3rica bodega del Marco de Jerez especialista en la elaboraci\u00f3n de vinos generosos.","publisher":{"@id":"https:\/\/delgadozuleta.com\/#organization"},"potentialAction":[{"@type":"SearchAction","target":{"@type":"EntryPoint","urlTemplate":"https:\/\/delgadozuleta.com\/?s={search_term_string}"},"query-input":{"@type":"PropertyValueSpecification","valueRequired":true,"valueName":"search_term_string"}}],"inLanguage":"en-US"},{"@type":"Organization","@id":"https:\/\/delgadozuleta.com\/#organization","name":"Bodega Delgado Zuleta","url":"https:\/\/delgadozuleta.com\/","logo":{"@type":"ImageObject","inLanguage":"en-US","@id":"https:\/\/delgadozuleta.com\/#\/schema\/logo\/image\/","url":"https:\/\/delgadozuleta.com\/wp-content\/uploads\/logo-transparente-300x133-1.png","contentUrl":"https:\/\/delgadozuleta.com\/wp-content\/uploads\/logo-transparente-300x133-1.png","width":900,"height":400,"caption":"Bodega Delgado Zuleta"},"image":{"@id":"https:\/\/delgadozuleta.com\/#\/schema\/logo\/image\/"}}]}},"uagb_featured_image_src":{"full":["https:\/\/delgadozuleta.com\/wp-content\/uploads\/16-1-new.png",700,1000,false],"thumbnail":["https:\/\/delgadozuleta.com\/wp-content\/uploads\/16-1-new-150x150.png",150,150,true],"medium":["https:\/\/delgadozuleta.com\/wp-content\/uploads\/16-1-new-245x350.png",245,350,true],"medium_large":["https:\/\/delgadozuleta.com\/wp-content\/uploads\/16-1-new.png",700,1000,false],"large":["https:\/\/delgadozuleta.com\/wp-content\/uploads\/16-1-new.png",700,1000,false],"1536x1536":["https:\/\/delgadozuleta.com\/wp-content\/uploads\/16-1-new.png",700,1000,false],"2048x2048":["https:\/\/delgadozuleta.com\/wp-content\/uploads\/16-1-new.png",700,1000,false],"trp-custom-language-flag":["https:\/\/delgadozuleta.com\/wp-content\/uploads\/16-1-new-8x12.png",8,12,true],"woocommerce_thumbnail":["https:\/\/delgadozuleta.com\/wp-content\/uploads\/16-1-new-400x600.png",400,600,true],"woocommerce_single":["https:\/\/delgadozuleta.com\/wp-content\/uploads\/16-1-new-510x729.png",510,729,true],"woocommerce_gallery_thumbnail":["https:\/\/delgadozuleta.com\/wp-content\/uploads\/16-1-new-100x100.png",100,100,true]},"uagb_author_info":{"display_name":"BSINFOR EDUARDO","author_link":"https:\/\/delgadozuleta.com\/en\/blog\/author\/"},"uagb_comment_info":0,"uagb_excerpt":"Vino dulce natural que toma su nombre de la variedad de uva con el que se elabora, aunque tambi\u00e9n es conocido como vino de pasas. Es el vino m\u00e1s dulce de la gama.","_links":{"self":[{"href":"https:\/\/delgadozuleta.com\/en\/wp-json\/wp\/v2\/product\/866","targetHints":{"allow":["GET"]}}],"collection":[{"href":"https:\/\/delgadozuleta.com\/en\/wp-json\/wp\/v2\/product"}],"about":[{"href":"https:\/\/delgadozuleta.com\/en\/wp-json\/wp\/v2\/types\/product"}],"wp:featuredmedia":[{"embeddable":true,"href":"https:\/\/delgadozuleta.com\/en\/wp-json\/wp\/v2\/media\/12751"}],"wp:attachment":[{"href":"https:\/\/delgadozuleta.com\/en\/wp-json\/wp\/v2\/media?parent=866"}],"wp:term":[{"taxonomy":"product_brand","embeddable":true,"href":"https:\/\/delgadozuleta.com\/en\/wp-json\/wp\/v2\/product_brand?post=866"},{"taxonomy":"product_cat","embeddable":true,"href":"https:\/\/delgadozuleta.com\/en\/wp-json\/wp\/v2\/product_cat?post=866"},{"taxonomy":"product_tag","embeddable":true,"href":"https:\/\/delgadozuleta.com\/en\/wp-json\/wp\/v2\/product_tag?post=866"}],"curies":[{"name":"wp","href":"https:\/\/api.w.org\/{rel}","templated":true}]}}