{"id":8257,"date":"2023-12-04T14:51:07","date_gmt":"2023-12-04T13:51:07","guid":{"rendered":"https:\/\/delgadozuleta.bgoapps.es\/?post_type=product&#038;p=8257"},"modified":"2026-04-01T10:11:28","modified_gmt":"2026-04-01T09:11:28","slug":"barbiana-en-rama-75-cl","status":"publish","type":"product","link":"https:\/\/delgadozuleta.com\/en\/tienda\/barbiana-en-rama-75-cl\/","title":{"rendered":"Manzanilla Barbiana en rama 75 cl."},"content":{"rendered":"<h2 class=\"info-title\">Technical sheet<\/h2>\n<p class=\"prod-long-desc\">Biologically aged wine under a layer of yeast called \"flor.\" Made from 100% Palomino variety grapes, this Manzanilla has undergone approximately 4 years of aging through the solera and criaderas system, and matures in oak casks recovered throughout the journey of this century-old winery. It has an alcohol content of 15% by volume and is presented in 75 cl bottles.<\/p>\n<h2 class=\"info-title\">Tasting note<\/h2>\n<p>Golden, bright, and luminous in color. On the nose, it presents a complex and highly intense aromatic profile, with aromas typical of prolonged biological aging, where nuts, cereals, citrus fruits, and aromatic herbs stand out. On the palate, it is dry, flavorful, and unctuous, making it very smooth on the palate, in addition to having great volume and persistence.<\/p>\n<h2 class=\"info-title\">Pairing<\/h2>\n<p class=\"prod-long-desc\">Ideal to pair with seafood tapas, such as fried fish or Sanl\u00facar langostinos, and to continue with grilled, baked, or stewed fish dishes.<\/p>\n<h2 class=\"info-title\">Reconocimientos<\/h2>\n<ul>\n<li>94 PUNTOS CATAVINUM WORLD WINE SPIRITS AWARDS 2024<\/li>\n<li>92 PUNTOS GU\u00cdA PE\u00d1\u00cdN 24<\/li>\n<li>TERCER MEJOR GENEROSO VEREMA 2023<\/li>\n<li>98 PUNTOS PROENSA 2023<\/li>\n<li>92,14 GU\u00cdA WINE UP! 2023-2024<\/li>\n<li>MEDALLA DE ORO INTERNATIONAL WINE AWARDS 2023<\/li>\n<li>94 PUNTOS CIVAS 2023<\/li>\n<li>93 PUNTOS GU\u00cdA PE\u00d1\u00cdN 2023<\/li>\n<li>94 PUNTOS CIVAS 2021<\/li>\n<li>97 PUNTOS GU\u00cdA PROENSA 2020<\/li>\n<li>93 PUNTOS GU\u00cdA INTERVINOS 2018<\/li>\n<li>93 PUNTOS GU\u00cdA PE\u00d1\u00cdN 2017<\/li>\n<li>91 PUNTOS PARKER<\/li>\n<li>MEDALLA DE ORO INTERNATIONAL WINE CHALLENGE 2016<\/li>\n<li>MEDALLA DE ORO INTERNATIONAL WINE AWARDS 2018<\/li>\n<li>MEDALLA DE ORO CIVAS 2017<\/li>\n<\/ul>","protected":false},"excerpt":{"rendered":"<p>Manzanilla en rama sourced from selected soleras of Rodr\u00edguez La-Cave, a historic winery that merged with Delgado Zuleta in 1978. Purely Sanl\u00facar manzanilla made respecting ancestral methods.<\/p>","protected":false},"featured_media":9534,"template":"","meta":{"inline_featured_image":false,"_uag_custom_page_level_css":"","site-sidebar-layout":"default","site-content-layout":"","ast-site-content-layout":"default","site-content-style":"default","site-sidebar-style":"default","ast-global-header-display":"","ast-banner-title-visibility":"","ast-main-header-display":"","ast-hfb-above-header-display":"","ast-hfb-below-header-display":"","ast-hfb-mobile-header-display":"","site-post-title":"","ast-breadcrumbs-content":"","ast-featured-img":"","footer-sml-layout":"","ast-disable-related-posts":"","theme-transparent-header-meta":"","adv-header-id-meta":"","stick-header-meta":"","header-above-stick-meta":"","header-main-stick-meta":"","header-below-stick-meta":"","astra-migrate-meta-layouts":"default","ast-page-background-enabled":"default","ast-page-background-meta":{"desktop":{"background-color":"var(--ast-global-color-5)","background-image":"","background-repeat":"repeat","background-position":"center center","background-size":"auto","background-attachment":"scroll","background-type":"","background-media":"","overlay-type":"","overlay-color":"","overlay-opacity":"","overlay-gradient":""},"tablet":{"background-color":"","background-image":"","background-repeat":"repeat","background-position":"center center","background-size":"auto","background-attachment":"scroll","background-type":"","background-media":"","overlay-type":"","overlay-color":"","overlay-opacity":"","overlay-gradient":""},"mobile":{"background-color":"","background-image":"","background-repeat":"repeat","background-position":"center center","background-size":"auto","background-attachment":"scroll","background-type":"","background-media":"","overlay-type":"","overlay-color":"","overlay-opacity":"","overlay-gradient":""}},"ast-content-background-meta":{"desktop":{"background-color":"var(--ast-global-color-4)","background-image":"","background-repeat":"repeat","background-position":"center center","background-size":"auto","background-attachment":"scroll","background-type":"","background-media":"","overlay-type":"","overlay-color":"","overlay-opacity":"","overlay-gradient":""},"tablet":{"background-color":"var(--ast-global-color-4)","background-image":"","background-repeat":"repeat","background-position":"center center","background-size":"auto","background-attachment":"scroll","background-type":"","background-media":"","overlay-type":"","overlay-color":"","overlay-opacity":"","overlay-gradient":""},"mobile":{"background-color":"var(--ast-global-color-4)","background-image":"","background-repeat":"repeat","background-position":"center center","background-size":"auto","background-attachment":"scroll","background-type":"","background-media":"","overlay-type":"","overlay-color":"","overlay-opacity":"","overlay-gradient":""}}},"product_brand":[],"product_cat":[179,8],"product_tag":[],"class_list":{"0":"post-8257","1":"product","2":"type-product","3":"status-publish","4":"has-post-thumbnail","6":"product_cat-barbiana","7":"product_cat-manzanillas","8":"desktop-align-center","9":"tablet-align-left","10":"mobile-align-left","12":"first","13":"instock","14":"taxable","15":"shipping-taxable","16":"purchasable","17":"product-type-simple"},"yoast_head":"<!-- This site is optimized with the Yoast SEO plugin v27.3 - https:\/\/yoast.com\/product\/yoast-seo-wordpress\/ -->\n<title>Manzanilla Barbiana en rama 75 cl. - Bodega Delgado Zuleta<\/title>\n<meta name=\"robots\" content=\"index, follow, max-snippet:-1, max-image-preview:large, max-video-preview:-1\" \/>\n<link rel=\"canonical\" href=\"https:\/\/delgadozuleta.com\/en\/tienda\/barbiana-en-rama-75-cl\/\" \/>\n<meta property=\"og:locale\" content=\"en_US\" \/>\n<meta property=\"og:type\" content=\"article\" \/>\n<meta property=\"og:title\" content=\"Manzanilla Barbiana en rama 75 cl. - Bodega Delgado Zuleta\" \/>\n<meta property=\"og:description\" content=\"Manzanilla en rama procedente de soleras seleccionadas de la casa Rodr\u00edguez La-Cave, hist\u00f3rica bodega con la que se fusiona Delgado Zuleta en el a\u00f1o 1978. Manzanilla puramente sanluque\u00f1a elaborada respetando m\u00e9todos ancestrales.\" \/>\n<meta property=\"og:url\" content=\"https:\/\/delgadozuleta.com\/en\/tienda\/barbiana-en-rama-75-cl\/\" \/>\n<meta property=\"og:site_name\" content=\"Bodega Delgado Zuleta\" \/>\n<meta property=\"article:modified_time\" content=\"2026-04-01T09:11:28+00:00\" \/>\n<meta property=\"og:image\" content=\"https:\/\/delgadozuleta.com\/wp-content\/uploads\/5.png\" \/>\n\t<meta property=\"og:image:width\" content=\"700\" \/>\n\t<meta property=\"og:image:height\" content=\"1000\" \/>\n\t<meta property=\"og:image:type\" content=\"image\/png\" \/>\n<meta name=\"twitter:card\" content=\"summary_large_image\" \/>\n<meta name=\"twitter:label1\" content=\"Est. reading time\" \/>\n\t<meta name=\"twitter:data1\" content=\"2 minutes\" \/>\n<script type=\"application\/ld+json\" class=\"yoast-schema-graph\">{\"@context\":\"https:\\\/\\\/schema.org\",\"@graph\":[{\"@type\":\"WebPage\",\"@id\":\"https:\\\/\\\/delgadozuleta.com\\\/tienda\\\/barbiana-en-rama-75-cl\\\/\",\"url\":\"https:\\\/\\\/delgadozuleta.com\\\/tienda\\\/barbiana-en-rama-75-cl\\\/\",\"name\":\"Manzanilla Barbiana en rama 75 cl. - Bodega Delgado Zuleta\",\"isPartOf\":{\"@id\":\"https:\\\/\\\/delgadozuleta.com\\\/#website\"},\"primaryImageOfPage\":{\"@id\":\"https:\\\/\\\/delgadozuleta.com\\\/tienda\\\/barbiana-en-rama-75-cl\\\/#primaryimage\"},\"image\":{\"@id\":\"https:\\\/\\\/delgadozuleta.com\\\/tienda\\\/barbiana-en-rama-75-cl\\\/#primaryimage\"},\"thumbnailUrl\":\"https:\\\/\\\/delgadozuleta.com\\\/wp-content\\\/uploads\\\/5.png\",\"datePublished\":\"2023-12-04T13:51:07+00:00\",\"dateModified\":\"2026-04-01T09:11:28+00:00\",\"breadcrumb\":{\"@id\":\"https:\\\/\\\/delgadozuleta.com\\\/tienda\\\/barbiana-en-rama-75-cl\\\/#breadcrumb\"},\"inLanguage\":\"en-US\",\"potentialAction\":[{\"@type\":\"ReadAction\",\"target\":[\"https:\\\/\\\/delgadozuleta.com\\\/tienda\\\/barbiana-en-rama-75-cl\\\/\"]}]},{\"@type\":\"ImageObject\",\"inLanguage\":\"en-US\",\"@id\":\"https:\\\/\\\/delgadozuleta.com\\\/tienda\\\/barbiana-en-rama-75-cl\\\/#primaryimage\",\"url\":\"https:\\\/\\\/delgadozuleta.com\\\/wp-content\\\/uploads\\\/5.png\",\"contentUrl\":\"https:\\\/\\\/delgadozuleta.com\\\/wp-content\\\/uploads\\\/5.png\",\"width\":700,\"height\":1000},{\"@type\":\"BreadcrumbList\",\"@id\":\"https:\\\/\\\/delgadozuleta.com\\\/tienda\\\/barbiana-en-rama-75-cl\\\/#breadcrumb\",\"itemListElement\":[{\"@type\":\"ListItem\",\"position\":1,\"name\":\"Portada\",\"item\":\"https:\\\/\\\/delgadozuleta.com\\\/\"},{\"@type\":\"ListItem\",\"position\":2,\"name\":\"Tienda Online\",\"item\":\"https:\\\/\\\/delgadozuleta.com\\\/en\\\/tienda\\\/\"},{\"@type\":\"ListItem\",\"position\":3,\"name\":\"Manzanilla Barbiana en rama 75 cl.\"}]},{\"@type\":\"WebSite\",\"@id\":\"https:\\\/\\\/delgadozuleta.com\\\/#website\",\"url\":\"https:\\\/\\\/delgadozuleta.com\\\/\",\"name\":\"Bodega Delgado Zuleta\",\"description\":\"Hist\u00f3rica bodega del Marco de Jerez especialista en la elaboraci\u00f3n de vinos generosos.\",\"publisher\":{\"@id\":\"https:\\\/\\\/delgadozuleta.com\\\/#organization\"},\"potentialAction\":[{\"@type\":\"SearchAction\",\"target\":{\"@type\":\"EntryPoint\",\"urlTemplate\":\"https:\\\/\\\/delgadozuleta.com\\\/?s={search_term_string}\"},\"query-input\":{\"@type\":\"PropertyValueSpecification\",\"valueRequired\":true,\"valueName\":\"search_term_string\"}}],\"inLanguage\":\"en-US\"},{\"@type\":\"Organization\",\"@id\":\"https:\\\/\\\/delgadozuleta.com\\\/#organization\",\"name\":\"Bodega Delgado Zuleta\",\"url\":\"https:\\\/\\\/delgadozuleta.com\\\/\",\"logo\":{\"@type\":\"ImageObject\",\"inLanguage\":\"en-US\",\"@id\":\"https:\\\/\\\/delgadozuleta.com\\\/#\\\/schema\\\/logo\\\/image\\\/\",\"url\":\"https:\\\/\\\/delgadozuleta.com\\\/wp-content\\\/uploads\\\/logo-transparente-300x133-1.png\",\"contentUrl\":\"https:\\\/\\\/delgadozuleta.com\\\/wp-content\\\/uploads\\\/logo-transparente-300x133-1.png\",\"width\":900,\"height\":400,\"caption\":\"Bodega Delgado Zuleta\"},\"image\":{\"@id\":\"https:\\\/\\\/delgadozuleta.com\\\/#\\\/schema\\\/logo\\\/image\\\/\"}}]}<\/script>\n<!-- \/ Yoast SEO plugin. -->","yoast_head_json":{"title":"Manzanilla Barbiana en rama 75 cl. - Bodega Delgado Zuleta","robots":{"index":"index","follow":"follow","max-snippet":"max-snippet:-1","max-image-preview":"max-image-preview:large","max-video-preview":"max-video-preview:-1"},"canonical":"https:\/\/delgadozuleta.com\/en\/tienda\/barbiana-en-rama-75-cl\/","og_locale":"en_US","og_type":"article","og_title":"Manzanilla Barbiana en rama 75 cl. - Bodega Delgado Zuleta","og_description":"Manzanilla en rama procedente de soleras seleccionadas de la casa Rodr\u00edguez La-Cave, hist\u00f3rica bodega con la que se fusiona Delgado Zuleta en el a\u00f1o 1978. Manzanilla puramente sanluque\u00f1a elaborada respetando m\u00e9todos ancestrales.","og_url":"https:\/\/delgadozuleta.com\/en\/tienda\/barbiana-en-rama-75-cl\/","og_site_name":"Bodega Delgado Zuleta","article_modified_time":"2026-04-01T09:11:28+00:00","og_image":[{"width":700,"height":1000,"url":"https:\/\/delgadozuleta.com\/wp-content\/uploads\/5.png","type":"image\/png"}],"twitter_card":"summary_large_image","twitter_misc":{"Est. reading time":"2 minutes"},"schema":{"@context":"https:\/\/schema.org","@graph":[{"@type":"WebPage","@id":"https:\/\/delgadozuleta.com\/tienda\/barbiana-en-rama-75-cl\/","url":"https:\/\/delgadozuleta.com\/tienda\/barbiana-en-rama-75-cl\/","name":"Manzanilla Barbiana en rama 75 cl. - Bodega Delgado Zuleta","isPartOf":{"@id":"https:\/\/delgadozuleta.com\/#website"},"primaryImageOfPage":{"@id":"https:\/\/delgadozuleta.com\/tienda\/barbiana-en-rama-75-cl\/#primaryimage"},"image":{"@id":"https:\/\/delgadozuleta.com\/tienda\/barbiana-en-rama-75-cl\/#primaryimage"},"thumbnailUrl":"https:\/\/delgadozuleta.com\/wp-content\/uploads\/5.png","datePublished":"2023-12-04T13:51:07+00:00","dateModified":"2026-04-01T09:11:28+00:00","breadcrumb":{"@id":"https:\/\/delgadozuleta.com\/tienda\/barbiana-en-rama-75-cl\/#breadcrumb"},"inLanguage":"en-US","potentialAction":[{"@type":"ReadAction","target":["https:\/\/delgadozuleta.com\/tienda\/barbiana-en-rama-75-cl\/"]}]},{"@type":"ImageObject","inLanguage":"en-US","@id":"https:\/\/delgadozuleta.com\/tienda\/barbiana-en-rama-75-cl\/#primaryimage","url":"https:\/\/delgadozuleta.com\/wp-content\/uploads\/5.png","contentUrl":"https:\/\/delgadozuleta.com\/wp-content\/uploads\/5.png","width":700,"height":1000},{"@type":"BreadcrumbList","@id":"https:\/\/delgadozuleta.com\/tienda\/barbiana-en-rama-75-cl\/#breadcrumb","itemListElement":[{"@type":"ListItem","position":1,"name":"Portada","item":"https:\/\/delgadozuleta.com\/"},{"@type":"ListItem","position":2,"name":"Tienda Online","item":"https:\/\/delgadozuleta.com\/en\/tienda\/"},{"@type":"ListItem","position":3,"name":"Manzanilla Barbiana en rama 75 cl."}]},{"@type":"WebSite","@id":"https:\/\/delgadozuleta.com\/#website","url":"https:\/\/delgadozuleta.com\/","name":"Bodega Delgado Zuleta","description":"Hist\u00f3rica bodega del Marco de Jerez especialista en la elaboraci\u00f3n de vinos generosos.","publisher":{"@id":"https:\/\/delgadozuleta.com\/#organization"},"potentialAction":[{"@type":"SearchAction","target":{"@type":"EntryPoint","urlTemplate":"https:\/\/delgadozuleta.com\/?s={search_term_string}"},"query-input":{"@type":"PropertyValueSpecification","valueRequired":true,"valueName":"search_term_string"}}],"inLanguage":"en-US"},{"@type":"Organization","@id":"https:\/\/delgadozuleta.com\/#organization","name":"Bodega Delgado Zuleta","url":"https:\/\/delgadozuleta.com\/","logo":{"@type":"ImageObject","inLanguage":"en-US","@id":"https:\/\/delgadozuleta.com\/#\/schema\/logo\/image\/","url":"https:\/\/delgadozuleta.com\/wp-content\/uploads\/logo-transparente-300x133-1.png","contentUrl":"https:\/\/delgadozuleta.com\/wp-content\/uploads\/logo-transparente-300x133-1.png","width":900,"height":400,"caption":"Bodega Delgado Zuleta"},"image":{"@id":"https:\/\/delgadozuleta.com\/#\/schema\/logo\/image\/"}}]}},"uagb_featured_image_src":{"full":["https:\/\/delgadozuleta.com\/wp-content\/uploads\/5.png",700,1000,false],"thumbnail":["https:\/\/delgadozuleta.com\/wp-content\/uploads\/5-150x150.png",150,150,true],"medium":["https:\/\/delgadozuleta.com\/wp-content\/uploads\/5-245x350.png",245,350,true],"medium_large":["https:\/\/delgadozuleta.com\/wp-content\/uploads\/5.png",700,1000,false],"large":["https:\/\/delgadozuleta.com\/wp-content\/uploads\/5.png",700,1000,false],"1536x1536":["https:\/\/delgadozuleta.com\/wp-content\/uploads\/5.png",700,1000,false],"2048x2048":["https:\/\/delgadozuleta.com\/wp-content\/uploads\/5.png",700,1000,false],"trp-custom-language-flag":["https:\/\/delgadozuleta.com\/wp-content\/uploads\/5-8x12.png",8,12,true],"woocommerce_thumbnail":["https:\/\/delgadozuleta.com\/wp-content\/uploads\/5-400x600.png",400,600,true],"woocommerce_single":["https:\/\/delgadozuleta.com\/wp-content\/uploads\/5-510x729.png",510,729,true],"woocommerce_gallery_thumbnail":["https:\/\/delgadozuleta.com\/wp-content\/uploads\/5-100x100.png",100,100,true]},"uagb_author_info":{"display_name":"Delgado Zuleta","author_link":"https:\/\/delgadozuleta.com\/en\/blog\/author\/"},"uagb_comment_info":0,"uagb_excerpt":"Manzanilla en rama procedente de soleras seleccionadas de la casa Rodr\u00edguez La-Cave, hist\u00f3rica bodega con la que se fusiona Delgado Zuleta en el a\u00f1o 1978. Manzanilla puramente sanluque\u00f1a elaborada respetando m\u00e9todos ancestrales.","_links":{"self":[{"href":"https:\/\/delgadozuleta.com\/en\/wp-json\/wp\/v2\/product\/8257","targetHints":{"allow":["GET"]}}],"collection":[{"href":"https:\/\/delgadozuleta.com\/en\/wp-json\/wp\/v2\/product"}],"about":[{"href":"https:\/\/delgadozuleta.com\/en\/wp-json\/wp\/v2\/types\/product"}],"wp:featuredmedia":[{"embeddable":true,"href":"https:\/\/delgadozuleta.com\/en\/wp-json\/wp\/v2\/media\/9534"}],"wp:attachment":[{"href":"https:\/\/delgadozuleta.com\/en\/wp-json\/wp\/v2\/media?parent=8257"}],"wp:term":[{"taxonomy":"product_brand","embeddable":true,"href":"https:\/\/delgadozuleta.com\/en\/wp-json\/wp\/v2\/product_brand?post=8257"},{"taxonomy":"product_cat","embeddable":true,"href":"https:\/\/delgadozuleta.com\/en\/wp-json\/wp\/v2\/product_cat?post=8257"},{"taxonomy":"product_tag","embeddable":true,"href":"https:\/\/delgadozuleta.com\/en\/wp-json\/wp\/v2\/product_tag?post=8257"}],"curies":[{"name":"wp","href":"https:\/\/api.w.org\/{rel}","templated":true}]}}