{"id":15387,"date":"2025-11-20T19:29:49","date_gmt":"2025-11-20T18:29:49","guid":{"rendered":"https:\/\/delgadozuleta.com\/?post_type=product&#038;p=15387"},"modified":"2025-11-20T20:00:35","modified_gmt":"2025-11-20T19:00:35","slug":"pack-manzanillas-tres-expresiones-costeras-esenciales","status":"publish","type":"product","link":"https:\/\/delgadozuleta.com\/en\/tienda\/pack-manzanillas-tres-expresiones-costeras-esenciales\/","title":{"rendered":"Pack Manzanillas \u2013 Tres expresiones costeras esenciales"},"content":{"rendered":"<p data-start=\"270\" data-end=\"394\">Este elegante pack re\u00fane tres manzanillas excepcionales de la casa Bodegas Delgado Zuleta, cada una con su car\u00e1cter \u00fanico:<\/p>\n<ul data-start=\"395\" data-end=\"981\">\n<li data-start=\"395\" data-end=\"599\">\n<p data-start=\"397\" data-end=\"599\"><em data-start=\"397\" data-end=\"406\">La\u202fGoya<\/em>: una manzanilla pasada de crianza biol\u00f3gica prolongada, que combina notas de almendra tostada, camomila y c\u00edtricos con un elegante fondo salino costero. 75cl.<\/p>\n<\/li>\n<li data-start=\"600\" data-end=\"783\">\n<p data-start=\"602\" data-end=\"783\"><em data-start=\"602\" data-end=\"612\">Barbiana<\/em>: perfil intenso y seco, con aromas de almendras, hierbas mediterr\u00e1neas y mar, y un final persistente que evoca su crianza natural. 75cl.<\/p>\n<\/li>\n<li data-start=\"784\" data-end=\"981\">\n<p data-start=\"786\" data-end=\"981\"><em data-start=\"786\" data-end=\"800\">Entusi\u00e1stico<\/em>: manzanilla ecol\u00f3gica de Palomino , con crianza biol\u00f3gica bajo flor, marcada por frescura frutal, notas florales y salinidad marina refinada. 50 cl.<\/p>\n<\/li>\n<\/ul>\n<p data-start=\"983\" data-end=\"1149\">Ideal para maridar con aperitivos marinos, tapas finas o para regalar con estilo, este pack completa un recorrido sensorial por la tradici\u00f3n de Sanl\u00facar de Barrameda.<\/p>","protected":false},"excerpt":{"rendered":"<p>Tres manzanillas emblem\u00e1ticas en un solo pack: La\u202fGoya, Barbiana y Entusi\u00e1stico \u2014 tradici\u00f3n costera, frescura y sofisticaci\u00f3n.<\/p>","protected":false},"featured_media":15389,"template":"","meta":{"inline_featured_image":false,"_uag_custom_page_level_css":"","site-sidebar-layout":"default","site-content-layout":"","ast-site-content-layout":"default","site-content-style":"default","site-sidebar-style":"default","ast-global-header-display":"","ast-banner-title-visibility":"","ast-main-header-display":"","ast-hfb-above-header-display":"","ast-hfb-below-header-display":"","ast-hfb-mobile-header-display":"","site-post-title":"","ast-breadcrumbs-content":"","ast-featured-img":"","footer-sml-layout":"","ast-disable-related-posts":"","theme-transparent-header-meta":"default","adv-header-id-meta":"","stick-header-meta":"","header-above-stick-meta":"","header-main-stick-meta":"","header-below-stick-meta":"","astra-migrate-meta-layouts":"set","ast-page-background-enabled":"default","ast-page-background-meta":{"desktop":{"background-color":"var(--ast-global-color-5)","background-image":"","background-repeat":"repeat","background-position":"center center","background-size":"auto","background-attachment":"scroll","background-type":"","background-media":"","overlay-type":"","overlay-color":"","overlay-opacity":"","overlay-gradient":""},"tablet":{"background-color":"","background-image":"","background-repeat":"repeat","background-position":"center center","background-size":"auto","background-attachment":"scroll","background-type":"","background-media":"","overlay-type":"","overlay-color":"","overlay-opacity":"","overlay-gradient":""},"mobile":{"background-color":"","background-image":"","background-repeat":"repeat","background-position":"center center","background-size":"auto","background-attachment":"scroll","background-type":"","background-media":"","overlay-type":"","overlay-color":"","overlay-opacity":"","overlay-gradient":""}},"ast-content-background-meta":{"desktop":{"background-color":"var(--ast-global-color-4)","background-image":"","background-repeat":"repeat","background-position":"center center","background-size":"auto","background-attachment":"scroll","background-type":"","background-media":"","overlay-type":"","overlay-color":"","overlay-opacity":"","overlay-gradient":""},"tablet":{"background-color":"var(--ast-global-color-4)","background-image":"","background-repeat":"repeat","background-position":"center center","background-size":"auto","background-attachment":"scroll","background-type":"","background-media":"","overlay-type":"","overlay-color":"","overlay-opacity":"","overlay-gradient":""},"mobile":{"background-color":"var(--ast-global-color-4)","background-image":"","background-repeat":"repeat","background-position":"center center","background-size":"auto","background-attachment":"scroll","background-type":"","background-media":"","overlay-type":"","overlay-color":"","overlay-opacity":"","overlay-gradient":""}}},"product_brand":[],"product_cat":[179,292,177,8,180],"product_tag":[],"class_list":{"0":"post-15387","1":"product","2":"type-product","3":"status-publish","4":"has-post-thumbnail","6":"product_cat-barbiana","7":"product_cat-cestas-de-navidad","8":"product_cat-la-goya","9":"product_cat-manzanillas","10":"product_cat-vinos-ecologicos","11":"desktop-align-center","12":"tablet-align-left","13":"mobile-align-left","15":"first","16":"instock","17":"taxable","18":"shipping-taxable","19":"purchasable","20":"product-type-simple"},"yoast_head":"<!-- This site is optimized with the Yoast SEO plugin v27.3 - https:\/\/yoast.com\/product\/yoast-seo-wordpress\/ -->\n<title>Pack Manzanillas \u2013 Tres expresiones costeras esenciales - Bodega Delgado Zuleta<\/title>\n<meta name=\"robots\" content=\"index, follow, max-snippet:-1, max-image-preview:large, max-video-preview:-1\" \/>\n<link rel=\"canonical\" href=\"https:\/\/delgadozuleta.com\/en\/tienda\/pack-manzanillas-tres-expresiones-costeras-esenciales\/\" \/>\n<meta property=\"og:locale\" content=\"en_US\" \/>\n<meta property=\"og:type\" content=\"article\" \/>\n<meta property=\"og:title\" content=\"Pack Manzanillas \u2013 Tres expresiones costeras esenciales - Bodega Delgado Zuleta\" \/>\n<meta property=\"og:description\" content=\"Tres manzanillas emblem\u00e1ticas en un solo pack: La\u202fGoya, Barbiana y Entusi\u00e1stico \u2014 tradici\u00f3n costera, frescura y sofisticaci\u00f3n.\" \/>\n<meta property=\"og:url\" content=\"https:\/\/delgadozuleta.com\/en\/tienda\/pack-manzanillas-tres-expresiones-costeras-esenciales\/\" \/>\n<meta property=\"og:site_name\" content=\"Bodega Delgado Zuleta\" \/>\n<meta property=\"article:modified_time\" content=\"2025-11-20T19:00:35+00:00\" \/>\n<meta property=\"og:image\" content=\"https:\/\/delgadozuleta.com\/wp-content\/uploads\/Diseno-sin-titulo-8.png\" \/>\n\t<meta property=\"og:image:width\" content=\"600\" \/>\n\t<meta property=\"og:image:height\" content=\"800\" \/>\n\t<meta property=\"og:image:type\" content=\"image\/png\" \/>\n<meta name=\"twitter:card\" content=\"summary_large_image\" \/>\n<meta name=\"twitter:label1\" content=\"Est. reading time\" \/>\n\t<meta name=\"twitter:data1\" content=\"1 minute\" \/>\n<script type=\"application\/ld+json\" class=\"yoast-schema-graph\">{\"@context\":\"https:\\\/\\\/schema.org\",\"@graph\":[{\"@type\":\"WebPage\",\"@id\":\"https:\\\/\\\/delgadozuleta.com\\\/tienda\\\/pack-manzanillas-tres-expresiones-costeras-esenciales\\\/\",\"url\":\"https:\\\/\\\/delgadozuleta.com\\\/tienda\\\/pack-manzanillas-tres-expresiones-costeras-esenciales\\\/\",\"name\":\"Pack Manzanillas \u2013 Tres expresiones costeras esenciales - Bodega Delgado Zuleta\",\"isPartOf\":{\"@id\":\"https:\\\/\\\/delgadozuleta.com\\\/#website\"},\"primaryImageOfPage\":{\"@id\":\"https:\\\/\\\/delgadozuleta.com\\\/tienda\\\/pack-manzanillas-tres-expresiones-costeras-esenciales\\\/#primaryimage\"},\"image\":{\"@id\":\"https:\\\/\\\/delgadozuleta.com\\\/tienda\\\/pack-manzanillas-tres-expresiones-costeras-esenciales\\\/#primaryimage\"},\"thumbnailUrl\":\"https:\\\/\\\/delgadozuleta.com\\\/wp-content\\\/uploads\\\/Diseno-sin-titulo-8.png\",\"datePublished\":\"2025-11-20T18:29:49+00:00\",\"dateModified\":\"2025-11-20T19:00:35+00:00\",\"breadcrumb\":{\"@id\":\"https:\\\/\\\/delgadozuleta.com\\\/tienda\\\/pack-manzanillas-tres-expresiones-costeras-esenciales\\\/#breadcrumb\"},\"inLanguage\":\"en-US\",\"potentialAction\":[{\"@type\":\"ReadAction\",\"target\":[\"https:\\\/\\\/delgadozuleta.com\\\/tienda\\\/pack-manzanillas-tres-expresiones-costeras-esenciales\\\/\"]}]},{\"@type\":\"ImageObject\",\"inLanguage\":\"en-US\",\"@id\":\"https:\\\/\\\/delgadozuleta.com\\\/tienda\\\/pack-manzanillas-tres-expresiones-costeras-esenciales\\\/#primaryimage\",\"url\":\"https:\\\/\\\/delgadozuleta.com\\\/wp-content\\\/uploads\\\/Diseno-sin-titulo-8.png\",\"contentUrl\":\"https:\\\/\\\/delgadozuleta.com\\\/wp-content\\\/uploads\\\/Diseno-sin-titulo-8.png\",\"width\":600,\"height\":800},{\"@type\":\"BreadcrumbList\",\"@id\":\"https:\\\/\\\/delgadozuleta.com\\\/tienda\\\/pack-manzanillas-tres-expresiones-costeras-esenciales\\\/#breadcrumb\",\"itemListElement\":[{\"@type\":\"ListItem\",\"position\":1,\"name\":\"Portada\",\"item\":\"https:\\\/\\\/delgadozuleta.com\\\/\"},{\"@type\":\"ListItem\",\"position\":2,\"name\":\"Tienda Online\",\"item\":\"https:\\\/\\\/delgadozuleta.com\\\/en\\\/tienda\\\/\"},{\"@type\":\"ListItem\",\"position\":3,\"name\":\"Pack Manzanillas \u2013 Tres expresiones costeras esenciales\"}]},{\"@type\":\"WebSite\",\"@id\":\"https:\\\/\\\/delgadozuleta.com\\\/#website\",\"url\":\"https:\\\/\\\/delgadozuleta.com\\\/\",\"name\":\"Bodega Delgado Zuleta\",\"description\":\"Hist\u00f3rica bodega del Marco de Jerez especialista en la elaboraci\u00f3n de vinos generosos.\",\"publisher\":{\"@id\":\"https:\\\/\\\/delgadozuleta.com\\\/#organization\"},\"potentialAction\":[{\"@type\":\"SearchAction\",\"target\":{\"@type\":\"EntryPoint\",\"urlTemplate\":\"https:\\\/\\\/delgadozuleta.com\\\/?s={search_term_string}\"},\"query-input\":{\"@type\":\"PropertyValueSpecification\",\"valueRequired\":true,\"valueName\":\"search_term_string\"}}],\"inLanguage\":\"en-US\"},{\"@type\":\"Organization\",\"@id\":\"https:\\\/\\\/delgadozuleta.com\\\/#organization\",\"name\":\"Bodega Delgado Zuleta\",\"url\":\"https:\\\/\\\/delgadozuleta.com\\\/\",\"logo\":{\"@type\":\"ImageObject\",\"inLanguage\":\"en-US\",\"@id\":\"https:\\\/\\\/delgadozuleta.com\\\/#\\\/schema\\\/logo\\\/image\\\/\",\"url\":\"https:\\\/\\\/delgadozuleta.com\\\/wp-content\\\/uploads\\\/logo-transparente-300x133-1.png\",\"contentUrl\":\"https:\\\/\\\/delgadozuleta.com\\\/wp-content\\\/uploads\\\/logo-transparente-300x133-1.png\",\"width\":900,\"height\":400,\"caption\":\"Bodega Delgado Zuleta\"},\"image\":{\"@id\":\"https:\\\/\\\/delgadozuleta.com\\\/#\\\/schema\\\/logo\\\/image\\\/\"}}]}<\/script>\n<!-- \/ Yoast SEO plugin. -->","yoast_head_json":{"title":"Pack Manzanillas \u2013 Tres expresiones costeras esenciales - Bodega Delgado Zuleta","robots":{"index":"index","follow":"follow","max-snippet":"max-snippet:-1","max-image-preview":"max-image-preview:large","max-video-preview":"max-video-preview:-1"},"canonical":"https:\/\/delgadozuleta.com\/en\/tienda\/pack-manzanillas-tres-expresiones-costeras-esenciales\/","og_locale":"en_US","og_type":"article","og_title":"Pack Manzanillas \u2013 Tres expresiones costeras esenciales - Bodega Delgado Zuleta","og_description":"Tres manzanillas emblem\u00e1ticas en un solo pack: La\u202fGoya, Barbiana y Entusi\u00e1stico \u2014 tradici\u00f3n costera, frescura y sofisticaci\u00f3n.","og_url":"https:\/\/delgadozuleta.com\/en\/tienda\/pack-manzanillas-tres-expresiones-costeras-esenciales\/","og_site_name":"Bodega Delgado Zuleta","article_modified_time":"2025-11-20T19:00:35+00:00","og_image":[{"width":600,"height":800,"url":"https:\/\/delgadozuleta.com\/wp-content\/uploads\/Diseno-sin-titulo-8.png","type":"image\/png"}],"twitter_card":"summary_large_image","twitter_misc":{"Est. reading time":"1 minute"},"schema":{"@context":"https:\/\/schema.org","@graph":[{"@type":"WebPage","@id":"https:\/\/delgadozuleta.com\/tienda\/pack-manzanillas-tres-expresiones-costeras-esenciales\/","url":"https:\/\/delgadozuleta.com\/tienda\/pack-manzanillas-tres-expresiones-costeras-esenciales\/","name":"Pack Manzanillas \u2013 Tres expresiones costeras esenciales - Bodega Delgado Zuleta","isPartOf":{"@id":"https:\/\/delgadozuleta.com\/#website"},"primaryImageOfPage":{"@id":"https:\/\/delgadozuleta.com\/tienda\/pack-manzanillas-tres-expresiones-costeras-esenciales\/#primaryimage"},"image":{"@id":"https:\/\/delgadozuleta.com\/tienda\/pack-manzanillas-tres-expresiones-costeras-esenciales\/#primaryimage"},"thumbnailUrl":"https:\/\/delgadozuleta.com\/wp-content\/uploads\/Diseno-sin-titulo-8.png","datePublished":"2025-11-20T18:29:49+00:00","dateModified":"2025-11-20T19:00:35+00:00","breadcrumb":{"@id":"https:\/\/delgadozuleta.com\/tienda\/pack-manzanillas-tres-expresiones-costeras-esenciales\/#breadcrumb"},"inLanguage":"en-US","potentialAction":[{"@type":"ReadAction","target":["https:\/\/delgadozuleta.com\/tienda\/pack-manzanillas-tres-expresiones-costeras-esenciales\/"]}]},{"@type":"ImageObject","inLanguage":"en-US","@id":"https:\/\/delgadozuleta.com\/tienda\/pack-manzanillas-tres-expresiones-costeras-esenciales\/#primaryimage","url":"https:\/\/delgadozuleta.com\/wp-content\/uploads\/Diseno-sin-titulo-8.png","contentUrl":"https:\/\/delgadozuleta.com\/wp-content\/uploads\/Diseno-sin-titulo-8.png","width":600,"height":800},{"@type":"BreadcrumbList","@id":"https:\/\/delgadozuleta.com\/tienda\/pack-manzanillas-tres-expresiones-costeras-esenciales\/#breadcrumb","itemListElement":[{"@type":"ListItem","position":1,"name":"Portada","item":"https:\/\/delgadozuleta.com\/"},{"@type":"ListItem","position":2,"name":"Tienda Online","item":"https:\/\/delgadozuleta.com\/en\/tienda\/"},{"@type":"ListItem","position":3,"name":"Pack Manzanillas \u2013 Tres expresiones costeras esenciales"}]},{"@type":"WebSite","@id":"https:\/\/delgadozuleta.com\/#website","url":"https:\/\/delgadozuleta.com\/","name":"Bodega Delgado Zuleta","description":"Hist\u00f3rica bodega del Marco de Jerez especialista en la elaboraci\u00f3n de vinos generosos.","publisher":{"@id":"https:\/\/delgadozuleta.com\/#organization"},"potentialAction":[{"@type":"SearchAction","target":{"@type":"EntryPoint","urlTemplate":"https:\/\/delgadozuleta.com\/?s={search_term_string}"},"query-input":{"@type":"PropertyValueSpecification","valueRequired":true,"valueName":"search_term_string"}}],"inLanguage":"en-US"},{"@type":"Organization","@id":"https:\/\/delgadozuleta.com\/#organization","name":"Bodega Delgado Zuleta","url":"https:\/\/delgadozuleta.com\/","logo":{"@type":"ImageObject","inLanguage":"en-US","@id":"https:\/\/delgadozuleta.com\/#\/schema\/logo\/image\/","url":"https:\/\/delgadozuleta.com\/wp-content\/uploads\/logo-transparente-300x133-1.png","contentUrl":"https:\/\/delgadozuleta.com\/wp-content\/uploads\/logo-transparente-300x133-1.png","width":900,"height":400,"caption":"Bodega Delgado Zuleta"},"image":{"@id":"https:\/\/delgadozuleta.com\/#\/schema\/logo\/image\/"}}]}},"uagb_featured_image_src":{"full":["https:\/\/delgadozuleta.com\/wp-content\/uploads\/Diseno-sin-titulo-8.png",600,800,false],"thumbnail":["https:\/\/delgadozuleta.com\/wp-content\/uploads\/Diseno-sin-titulo-8-150x150.png",150,150,true],"medium":["https:\/\/delgadozuleta.com\/wp-content\/uploads\/Diseno-sin-titulo-8-263x350.png",263,350,true],"medium_large":["https:\/\/delgadozuleta.com\/wp-content\/uploads\/Diseno-sin-titulo-8.png",600,800,false],"large":["https:\/\/delgadozuleta.com\/wp-content\/uploads\/Diseno-sin-titulo-8.png",600,800,false],"1536x1536":["https:\/\/delgadozuleta.com\/wp-content\/uploads\/Diseno-sin-titulo-8.png",600,800,false],"2048x2048":["https:\/\/delgadozuleta.com\/wp-content\/uploads\/Diseno-sin-titulo-8.png",600,800,false],"trp-custom-language-flag":["https:\/\/delgadozuleta.com\/wp-content\/uploads\/Diseno-sin-titulo-8-9x12.png",9,12,true],"woocommerce_thumbnail":["https:\/\/delgadozuleta.com\/wp-content\/uploads\/Diseno-sin-titulo-8-400x600.png",400,600,true],"woocommerce_single":["https:\/\/delgadozuleta.com\/wp-content\/uploads\/Diseno-sin-titulo-8-510x680.png",510,680,true],"woocommerce_gallery_thumbnail":["https:\/\/delgadozuleta.com\/wp-content\/uploads\/Diseno-sin-titulo-8-100x100.png",100,100,true]},"uagb_author_info":{"display_name":"admindelgadozuleta","author_link":"https:\/\/delgadozuleta.com\/en\/blog\/author\/"},"uagb_comment_info":0,"uagb_excerpt":"Tres manzanillas emblem\u00e1ticas en un solo pack: La\u202fGoya, Barbiana y Entusi\u00e1stico \u2014 tradici\u00f3n costera, frescura y sofisticaci\u00f3n.","_links":{"self":[{"href":"https:\/\/delgadozuleta.com\/en\/wp-json\/wp\/v2\/product\/15387","targetHints":{"allow":["GET"]}}],"collection":[{"href":"https:\/\/delgadozuleta.com\/en\/wp-json\/wp\/v2\/product"}],"about":[{"href":"https:\/\/delgadozuleta.com\/en\/wp-json\/wp\/v2\/types\/product"}],"wp:featuredmedia":[{"embeddable":true,"href":"https:\/\/delgadozuleta.com\/en\/wp-json\/wp\/v2\/media\/15389"}],"wp:attachment":[{"href":"https:\/\/delgadozuleta.com\/en\/wp-json\/wp\/v2\/media?parent=15387"}],"wp:term":[{"taxonomy":"product_brand","embeddable":true,"href":"https:\/\/delgadozuleta.com\/en\/wp-json\/wp\/v2\/product_brand?post=15387"},{"taxonomy":"product_cat","embeddable":true,"href":"https:\/\/delgadozuleta.com\/en\/wp-json\/wp\/v2\/product_cat?post=15387"},{"taxonomy":"product_tag","embeddable":true,"href":"https:\/\/delgadozuleta.com\/en\/wp-json\/wp\/v2\/product_tag?post=15387"}],"curies":[{"name":"wp","href":"https:\/\/api.w.org\/{rel}","templated":true}]}}