{"id":15308,"date":"2025-11-19T13:56:54","date_gmt":"2025-11-19T12:56:54","guid":{"rendered":"https:\/\/delgadozuleta.com\/?post_type=product&#038;p=15308"},"modified":"2025-11-26T14:14:00","modified_gmt":"2025-11-26T13:14:00","slug":"cesta-sacristia-la-goya","status":"publish","type":"product","link":"https:\/\/delgadozuleta.com\/en\/tienda\/cesta-sacristia-la-goya\/","title":{"rendered":"Cesta \u201cSacrist\u00eda La Goya\u201d"},"content":{"rendered":"<div class=\"relative my-1 min-h-6\">\n<div class=\"origin-top-start relative flex flex-col gap-2 overflow-x-clip\">\n<div class=\"relative w-full text-start\">\n<div class=\"flex w-full flex-col items-start justify-between text-start flex-row\"><\/div>\n<\/div>\n<div class=\"max-w-[calc(0.8*var(--thread-content-max-width,40rem))]\"><\/div>\n<\/div>\n<\/div>\n<div class=\"min-h-8 text-message relative flex w-full flex-col items-end gap-2 text-start break-words whitespace-normal [.text-message+&amp;]:mt-1\" dir=\"auto\" data-message-author-role=\"assistant\" data-message-id=\"e20d7b3f-aa89-4057-8da7-4597784c14e9\" data-message-model-slug=\"gpt-5-1-thinking\">\n<div class=\"flex w-full flex-col gap-1 empty:hidden first:pt-[1px]\">\n<div class=\"markdown prose dark:prose-invert w-full break-words dark markdown-new-styling\">\n<p data-start=\"0\" data-end=\"600\">Cesta de Navidad <strong data-start=\"17\" data-end=\"27\">Deluxe<\/strong> pensada para lucirse con una selecci\u00f3n muy especial de vinos del Marco de Jerez y productos gourmet andaluces. Incluye Oloroso TOSC, Pedro Xim\u00e9nez Monteagudo y Vermut de Manzanilla de nuestra propia bodega, acompa\u00f1ados de queso gran reserva de oveja, tarantelo y pat\u00e9 de mojama de at\u00fan rojo, loncheado de jam\u00f3n de cebo ib\u00e9rico, picos artesanos al aceite de oliva y un pack de tres gelatinas de vino. Una cesta pensada para aut\u00e9nticos amantes del vino y del picoteo fino, ideal como regalo de empresa exclusivo o para celebrar las fiestas en casa con un aperitivo de nivel.<\/p>\n<p data-start=\"602\" data-end=\"1543\">Los vinos son el coraz\u00f3n de esta cesta: el <strong data-start=\"645\" data-end=\"661\">Oloroso TOSC la joya de la cesta, <\/strong>botella valorada en 70\u20ac, intenso y elegante, perfecto para quesos curados e ib\u00e9ricos; el <strong data-start=\"727\" data-end=\"755\">Pedro Xim\u00e9nez Monteagudo<\/strong>, dulce y envolvente, ideal para acompa\u00f1ar el queso y las gelatinas o como colof\u00f3n de la comida; y el <strong data-start=\"857\" data-end=\"881\">Vermut de Manzanilla<\/strong>, arom\u00e1tico y equilibrado, perfecto para abrir boca y disfrutar de la hora del aperitivo. A su lado, una selecci\u00f3n de productos gourmet que completan la experiencia: el <strong data-start=\"1050\" data-end=\"1081\">queso gran reserva de oveja<\/strong> (350 gr),\u00a0 de larga maduraci\u00f3n y sabor profundo; el jugoso <strong data-start=\"1131\" data-end=\"1176\">tarantelo de at\u00fan rojo en aceite de oliva<\/strong> (120 gr)y el original <strong data-start=\"1191\" data-end=\"1209\">pat\u00e9 de mojama <\/strong>(100 gr), que aportan el toque marino; el <strong data-start=\"1243\" data-end=\"1281\">loncheado de jam\u00f3n de cebo ib\u00e9rico <\/strong>(100 gr), listo para abrir y servir; los crujientes <strong data-start=\"1325\" data-end=\"1353\">picos al aceite de oliva<\/strong> (200 gr)como acompa\u00f1amiento perfecto; y un <strong data-start=\"1389\" data-end=\"1420\">pack de 3 gelatinas de vino<\/strong> (Manzanilla, Cream y Pedro Xim\u00e9nez) (100 gr) para maridar con quesos, pat\u00e9s o postres y darle un toque realmente gourmet a la mesa.<\/p>\n<\/div>\n<\/div>\n<\/div>\n","protected":false},"excerpt":{"rendered":"<p data-start=\"576\" data-end=\"602\"><strong data-start=\"576\" data-end=\"602\">Contenido de la cesta:<\/strong><\/p>\n<ul data-start=\"604\" data-end=\"1076\">\n<li data-start=\"604\" data-end=\"637\">\n<p data-start=\"606\" data-end=\"637\">Oloroso TOSC o palo cortado TOSC, <strong>valorada en 70\u20ac<\/strong><\/p>\n<\/li>\n<li data-start=\"638\" data-end=\"683\">\n<p data-start=\"640\" data-end=\"683\">Pedro Xim\u00e9nez Monteagudo<\/p>\n<\/li>\n<li data-start=\"684\" data-end=\"725\">\n<p data-start=\"686\" data-end=\"725\">Vermut de Manzanilla<\/p>\n<\/li>\n<li data-start=\"726\" data-end=\"757\">\n<p data-start=\"728\" data-end=\"757\">Queso gran reserva de oveja<\/p>\n<\/li>\n<li data-start=\"758\" data-end=\"812\">\n<p data-start=\"760\" data-end=\"812\">Tarantelo de at\u00fan rojo en aceite de oliva<\/p>\n<\/li>\n<li data-start=\"813\" data-end=\"840\">\n<p data-start=\"815\" data-end=\"840\">Pat\u00e9 de mojama<\/p>\n<\/li>\n<li data-start=\"841\" data-end=\"893\">\n<p data-start=\"843\" data-end=\"893\">Loncheado de jam\u00f3n de cebo ib\u00e9rico<\/p>\n<\/li>\n<li data-start=\"894\" data-end=\"973\">\n<p data-start=\"896\" data-end=\"973\">Picos al aceite de oliva<\/p>\n<\/li>\n<li data-start=\"974\" data-end=\"1076\">\n<p data-start=\"976\" data-end=\"1076\">Pack 3 gelatinas de vino (Manzanilla, Cream y Pedro Xim\u00e9nez)<\/p>\n<\/li>\n<\/ul>","protected":false},"featured_media":15368,"template":"","meta":{"inline_featured_image":false,"_uag_custom_page_level_css":"","site-sidebar-layout":"default","site-content-layout":"","ast-site-content-layout":"default","site-content-style":"default","site-sidebar-style":"default","ast-global-header-display":"","ast-banner-title-visibility":"","ast-main-header-display":"","ast-hfb-above-header-display":"","ast-hfb-below-header-display":"","ast-hfb-mobile-header-display":"","site-post-title":"","ast-breadcrumbs-content":"","ast-featured-img":"","footer-sml-layout":"","ast-disable-related-posts":"","theme-transparent-header-meta":"default","adv-header-id-meta":"","stick-header-meta":"","header-above-stick-meta":"","header-main-stick-meta":"","header-below-stick-meta":"","astra-migrate-meta-layouts":"set","ast-page-background-enabled":"default","ast-page-background-meta":{"desktop":{"background-color":"var(--ast-global-color-5)","background-image":"","background-repeat":"repeat","background-position":"center center","background-size":"auto","background-attachment":"scroll","background-type":"","background-media":"","overlay-type":"","overlay-color":"","overlay-opacity":"","overlay-gradient":""},"tablet":{"background-color":"","background-image":"","background-repeat":"repeat","background-position":"center center","background-size":"auto","background-attachment":"scroll","background-type":"","background-media":"","overlay-type":"","overlay-color":"","overlay-opacity":"","overlay-gradient":""},"mobile":{"background-color":"","background-image":"","background-repeat":"repeat","background-position":"center center","background-size":"auto","background-attachment":"scroll","background-type":"","background-media":"","overlay-type":"","overlay-color":"","overlay-opacity":"","overlay-gradient":""}},"ast-content-background-meta":{"desktop":{"background-color":"var(--ast-global-color-4)","background-image":"","background-repeat":"repeat","background-position":"center center","background-size":"auto","background-attachment":"scroll","background-type":"","background-media":"","overlay-type":"","overlay-color":"","overlay-opacity":"","overlay-gradient":""},"tablet":{"background-color":"var(--ast-global-color-4)","background-image":"","background-repeat":"repeat","background-position":"center center","background-size":"auto","background-attachment":"scroll","background-type":"","background-media":"","overlay-type":"","overlay-color":"","overlay-opacity":"","overlay-gradient":""},"mobile":{"background-color":"var(--ast-global-color-4)","background-image":"","background-repeat":"repeat","background-position":"center center","background-size":"auto","background-attachment":"scroll","background-type":"","background-media":"","overlay-type":"","overlay-color":"","overlay-opacity":"","overlay-gradient":""}}},"product_brand":[],"product_cat":[292,26,240,162,170],"product_tag":[],"class_list":{"0":"post-15308","1":"product","2":"type-product","3":"status-publish","4":"has-post-thumbnail","6":"product_cat-cestas-de-navidad","7":"product_cat-ofertas-y-promociones","8":"product_cat-tosc","9":"product_cat-vermut","10":"product_cat-vinos-dulces","11":"desktop-align-center","12":"tablet-align-left","13":"mobile-align-left","15":"first","16":"instock","17":"taxable","18":"shipping-taxable","19":"purchasable","20":"product-type-variable","21":"has-default-attributes"},"yoast_head":"<!-- This site is optimized with the Yoast SEO plugin v27.3 - https:\/\/yoast.com\/product\/yoast-seo-wordpress\/ -->\n<title>Cesta \u201cSacrist\u00eda La Goya\u201d - Bodega Delgado Zuleta<\/title>\n<meta name=\"robots\" content=\"index, follow, max-snippet:-1, max-image-preview:large, max-video-preview:-1\" \/>\n<link rel=\"canonical\" href=\"https:\/\/delgadozuleta.com\/en\/tienda\/cesta-sacristia-la-goya\/\" \/>\n<meta property=\"og:locale\" content=\"en_US\" \/>\n<meta property=\"og:type\" content=\"article\" \/>\n<meta property=\"og:title\" content=\"Cesta \u201cSacrist\u00eda La Goya\u201d - Bodega Delgado Zuleta\" \/>\n<meta property=\"og:description\" content=\"Contenido de la cesta:     Oloroso TOSC o palo cortado TOSC, valorada en 70\u20ac    Pedro Xim\u00e9nez Monteagudo    Vermut de Manzanilla    Queso gran reserva de oveja    Tarantelo de at\u00fan rojo en aceite de oliva    Pat\u00e9 de mojama    Loncheado de jam\u00f3n de cebo ib\u00e9rico    Picos al aceite de oliva    Pack 3 gelatinas de vino (Manzanilla, Cream y Pedro Xim\u00e9nez)\" \/>\n<meta property=\"og:url\" content=\"https:\/\/delgadozuleta.com\/en\/tienda\/cesta-sacristia-la-goya\/\" \/>\n<meta property=\"og:site_name\" content=\"Bodega Delgado Zuleta\" \/>\n<meta property=\"article:modified_time\" content=\"2025-11-26T13:14:00+00:00\" \/>\n<meta property=\"og:image\" content=\"https:\/\/delgadozuleta.com\/wp-content\/uploads\/4116bb4b-9edc-4550-bcc0-535650412142.jpg\" \/>\n\t<meta property=\"og:image:width\" content=\"1024\" \/>\n\t<meta property=\"og:image:height\" content=\"1536\" \/>\n\t<meta property=\"og:image:type\" content=\"image\/jpeg\" \/>\n<meta name=\"twitter:card\" content=\"summary_large_image\" \/>\n<meta name=\"twitter:label1\" content=\"Est. reading time\" \/>\n\t<meta name=\"twitter:data1\" content=\"2 minutes\" \/>\n<script type=\"application\/ld+json\" class=\"yoast-schema-graph\">{\"@context\":\"https:\\\/\\\/schema.org\",\"@graph\":[{\"@type\":\"WebPage\",\"@id\":\"https:\\\/\\\/delgadozuleta.com\\\/tienda\\\/cesta-sacristia-la-goya\\\/\",\"url\":\"https:\\\/\\\/delgadozuleta.com\\\/tienda\\\/cesta-sacristia-la-goya\\\/\",\"name\":\"Cesta \u201cSacrist\u00eda La Goya\u201d - Bodega Delgado Zuleta\",\"isPartOf\":{\"@id\":\"https:\\\/\\\/delgadozuleta.com\\\/#website\"},\"primaryImageOfPage\":{\"@id\":\"https:\\\/\\\/delgadozuleta.com\\\/tienda\\\/cesta-sacristia-la-goya\\\/#primaryimage\"},\"image\":{\"@id\":\"https:\\\/\\\/delgadozuleta.com\\\/tienda\\\/cesta-sacristia-la-goya\\\/#primaryimage\"},\"thumbnailUrl\":\"https:\\\/\\\/delgadozuleta.com\\\/wp-content\\\/uploads\\\/4116bb4b-9edc-4550-bcc0-535650412142.jpg\",\"datePublished\":\"2025-11-19T12:56:54+00:00\",\"dateModified\":\"2025-11-26T13:14:00+00:00\",\"breadcrumb\":{\"@id\":\"https:\\\/\\\/delgadozuleta.com\\\/tienda\\\/cesta-sacristia-la-goya\\\/#breadcrumb\"},\"inLanguage\":\"en-US\",\"potentialAction\":[{\"@type\":\"ReadAction\",\"target\":[\"https:\\\/\\\/delgadozuleta.com\\\/tienda\\\/cesta-sacristia-la-goya\\\/\"]}]},{\"@type\":\"ImageObject\",\"inLanguage\":\"en-US\",\"@id\":\"https:\\\/\\\/delgadozuleta.com\\\/tienda\\\/cesta-sacristia-la-goya\\\/#primaryimage\",\"url\":\"https:\\\/\\\/delgadozuleta.com\\\/wp-content\\\/uploads\\\/4116bb4b-9edc-4550-bcc0-535650412142.jpg\",\"contentUrl\":\"https:\\\/\\\/delgadozuleta.com\\\/wp-content\\\/uploads\\\/4116bb4b-9edc-4550-bcc0-535650412142.jpg\",\"width\":1024,\"height\":1536},{\"@type\":\"BreadcrumbList\",\"@id\":\"https:\\\/\\\/delgadozuleta.com\\\/tienda\\\/cesta-sacristia-la-goya\\\/#breadcrumb\",\"itemListElement\":[{\"@type\":\"ListItem\",\"position\":1,\"name\":\"Portada\",\"item\":\"https:\\\/\\\/delgadozuleta.com\\\/\"},{\"@type\":\"ListItem\",\"position\":2,\"name\":\"Tienda Online\",\"item\":\"https:\\\/\\\/delgadozuleta.com\\\/en\\\/tienda\\\/\"},{\"@type\":\"ListItem\",\"position\":3,\"name\":\"Cesta \u201cSacrist\u00eda La Goya\u201d\"}]},{\"@type\":\"WebSite\",\"@id\":\"https:\\\/\\\/delgadozuleta.com\\\/#website\",\"url\":\"https:\\\/\\\/delgadozuleta.com\\\/\",\"name\":\"Bodega Delgado Zuleta\",\"description\":\"Hist\u00f3rica bodega del Marco de Jerez especialista en la elaboraci\u00f3n de vinos generosos.\",\"publisher\":{\"@id\":\"https:\\\/\\\/delgadozuleta.com\\\/#organization\"},\"potentialAction\":[{\"@type\":\"SearchAction\",\"target\":{\"@type\":\"EntryPoint\",\"urlTemplate\":\"https:\\\/\\\/delgadozuleta.com\\\/?s={search_term_string}\"},\"query-input\":{\"@type\":\"PropertyValueSpecification\",\"valueRequired\":true,\"valueName\":\"search_term_string\"}}],\"inLanguage\":\"en-US\"},{\"@type\":\"Organization\",\"@id\":\"https:\\\/\\\/delgadozuleta.com\\\/#organization\",\"name\":\"Bodega Delgado Zuleta\",\"url\":\"https:\\\/\\\/delgadozuleta.com\\\/\",\"logo\":{\"@type\":\"ImageObject\",\"inLanguage\":\"en-US\",\"@id\":\"https:\\\/\\\/delgadozuleta.com\\\/#\\\/schema\\\/logo\\\/image\\\/\",\"url\":\"https:\\\/\\\/delgadozuleta.com\\\/wp-content\\\/uploads\\\/logo-transparente-300x133-1.png\",\"contentUrl\":\"https:\\\/\\\/delgadozuleta.com\\\/wp-content\\\/uploads\\\/logo-transparente-300x133-1.png\",\"width\":900,\"height\":400,\"caption\":\"Bodega Delgado Zuleta\"},\"image\":{\"@id\":\"https:\\\/\\\/delgadozuleta.com\\\/#\\\/schema\\\/logo\\\/image\\\/\"}}]}<\/script>\n<!-- \/ Yoast SEO plugin. -->","yoast_head_json":{"title":"Cesta \u201cSacrist\u00eda La Goya\u201d - Bodega Delgado Zuleta","robots":{"index":"index","follow":"follow","max-snippet":"max-snippet:-1","max-image-preview":"max-image-preview:large","max-video-preview":"max-video-preview:-1"},"canonical":"https:\/\/delgadozuleta.com\/en\/tienda\/cesta-sacristia-la-goya\/","og_locale":"en_US","og_type":"article","og_title":"Cesta \u201cSacrist\u00eda La Goya\u201d - Bodega Delgado Zuleta","og_description":"Contenido de la cesta:     Oloroso TOSC o palo cortado TOSC, valorada en 70\u20ac    Pedro Xim\u00e9nez Monteagudo    Vermut de Manzanilla    Queso gran reserva de oveja    Tarantelo de at\u00fan rojo en aceite de oliva    Pat\u00e9 de mojama    Loncheado de jam\u00f3n de cebo ib\u00e9rico    Picos al aceite de oliva    Pack 3 gelatinas de vino (Manzanilla, Cream y Pedro Xim\u00e9nez)","og_url":"https:\/\/delgadozuleta.com\/en\/tienda\/cesta-sacristia-la-goya\/","og_site_name":"Bodega Delgado Zuleta","article_modified_time":"2025-11-26T13:14:00+00:00","og_image":[{"width":1024,"height":1536,"url":"https:\/\/delgadozuleta.com\/wp-content\/uploads\/4116bb4b-9edc-4550-bcc0-535650412142.jpg","type":"image\/jpeg"}],"twitter_card":"summary_large_image","twitter_misc":{"Est. reading time":"2 minutes"},"schema":{"@context":"https:\/\/schema.org","@graph":[{"@type":"WebPage","@id":"https:\/\/delgadozuleta.com\/tienda\/cesta-sacristia-la-goya\/","url":"https:\/\/delgadozuleta.com\/tienda\/cesta-sacristia-la-goya\/","name":"Cesta \u201cSacrist\u00eda La Goya\u201d - Bodega Delgado Zuleta","isPartOf":{"@id":"https:\/\/delgadozuleta.com\/#website"},"primaryImageOfPage":{"@id":"https:\/\/delgadozuleta.com\/tienda\/cesta-sacristia-la-goya\/#primaryimage"},"image":{"@id":"https:\/\/delgadozuleta.com\/tienda\/cesta-sacristia-la-goya\/#primaryimage"},"thumbnailUrl":"https:\/\/delgadozuleta.com\/wp-content\/uploads\/4116bb4b-9edc-4550-bcc0-535650412142.jpg","datePublished":"2025-11-19T12:56:54+00:00","dateModified":"2025-11-26T13:14:00+00:00","breadcrumb":{"@id":"https:\/\/delgadozuleta.com\/tienda\/cesta-sacristia-la-goya\/#breadcrumb"},"inLanguage":"en-US","potentialAction":[{"@type":"ReadAction","target":["https:\/\/delgadozuleta.com\/tienda\/cesta-sacristia-la-goya\/"]}]},{"@type":"ImageObject","inLanguage":"en-US","@id":"https:\/\/delgadozuleta.com\/tienda\/cesta-sacristia-la-goya\/#primaryimage","url":"https:\/\/delgadozuleta.com\/wp-content\/uploads\/4116bb4b-9edc-4550-bcc0-535650412142.jpg","contentUrl":"https:\/\/delgadozuleta.com\/wp-content\/uploads\/4116bb4b-9edc-4550-bcc0-535650412142.jpg","width":1024,"height":1536},{"@type":"BreadcrumbList","@id":"https:\/\/delgadozuleta.com\/tienda\/cesta-sacristia-la-goya\/#breadcrumb","itemListElement":[{"@type":"ListItem","position":1,"name":"Portada","item":"https:\/\/delgadozuleta.com\/"},{"@type":"ListItem","position":2,"name":"Tienda Online","item":"https:\/\/delgadozuleta.com\/en\/tienda\/"},{"@type":"ListItem","position":3,"name":"Cesta \u201cSacrist\u00eda La Goya\u201d"}]},{"@type":"WebSite","@id":"https:\/\/delgadozuleta.com\/#website","url":"https:\/\/delgadozuleta.com\/","name":"Bodega Delgado Zuleta","description":"Hist\u00f3rica bodega del Marco de Jerez especialista en la elaboraci\u00f3n de vinos generosos.","publisher":{"@id":"https:\/\/delgadozuleta.com\/#organization"},"potentialAction":[{"@type":"SearchAction","target":{"@type":"EntryPoint","urlTemplate":"https:\/\/delgadozuleta.com\/?s={search_term_string}"},"query-input":{"@type":"PropertyValueSpecification","valueRequired":true,"valueName":"search_term_string"}}],"inLanguage":"en-US"},{"@type":"Organization","@id":"https:\/\/delgadozuleta.com\/#organization","name":"Bodega Delgado Zuleta","url":"https:\/\/delgadozuleta.com\/","logo":{"@type":"ImageObject","inLanguage":"en-US","@id":"https:\/\/delgadozuleta.com\/#\/schema\/logo\/image\/","url":"https:\/\/delgadozuleta.com\/wp-content\/uploads\/logo-transparente-300x133-1.png","contentUrl":"https:\/\/delgadozuleta.com\/wp-content\/uploads\/logo-transparente-300x133-1.png","width":900,"height":400,"caption":"Bodega Delgado Zuleta"},"image":{"@id":"https:\/\/delgadozuleta.com\/#\/schema\/logo\/image\/"}}]}},"uagb_featured_image_src":{"full":["https:\/\/delgadozuleta.com\/wp-content\/uploads\/4116bb4b-9edc-4550-bcc0-535650412142.jpg",1024,1536,false],"thumbnail":["https:\/\/delgadozuleta.com\/wp-content\/uploads\/4116bb4b-9edc-4550-bcc0-535650412142-150x150.jpg",150,150,true],"medium":["https:\/\/delgadozuleta.com\/wp-content\/uploads\/4116bb4b-9edc-4550-bcc0-535650412142-233x350.jpg",233,350,true],"medium_large":["https:\/\/delgadozuleta.com\/wp-content\/uploads\/4116bb4b-9edc-4550-bcc0-535650412142-768x1152.jpg",768,1152,true],"large":["https:\/\/delgadozuleta.com\/wp-content\/uploads\/4116bb4b-9edc-4550-bcc0-535650412142-683x1024.jpg",683,1024,true],"1536x1536":["https:\/\/delgadozuleta.com\/wp-content\/uploads\/4116bb4b-9edc-4550-bcc0-535650412142.jpg",1024,1536,false],"2048x2048":["https:\/\/delgadozuleta.com\/wp-content\/uploads\/4116bb4b-9edc-4550-bcc0-535650412142.jpg",1024,1536,false],"trp-custom-language-flag":["https:\/\/delgadozuleta.com\/wp-content\/uploads\/4116bb4b-9edc-4550-bcc0-535650412142-8x12.jpg",8,12,true],"woocommerce_thumbnail":["https:\/\/delgadozuleta.com\/wp-content\/uploads\/4116bb4b-9edc-4550-bcc0-535650412142-400x600.jpg",400,600,true],"woocommerce_single":["https:\/\/delgadozuleta.com\/wp-content\/uploads\/4116bb4b-9edc-4550-bcc0-535650412142-510x765.jpg",510,765,true],"woocommerce_gallery_thumbnail":["https:\/\/delgadozuleta.com\/wp-content\/uploads\/4116bb4b-9edc-4550-bcc0-535650412142-100x100.jpg",100,100,true]},"uagb_author_info":{"display_name":"admindelgadozuleta","author_link":"https:\/\/delgadozuleta.com\/en\/blog\/author\/"},"uagb_comment_info":0,"uagb_excerpt":"Contenido de la cesta: Oloroso TOSC o palo cortado TOSC, valorada en 70\u20ac Pedro Xim\u00e9nez Monteagudo Vermut de Manzanilla Queso gran reserva de oveja Tarantelo de at\u00fan rojo en aceite de oliva Pat\u00e9 de mojama Loncheado de jam\u00f3n de cebo ib\u00e9rico Picos al aceite de oliva Pack 3 gelatinas de vino (Manzanilla, Cream y Pedro&hellip;","_links":{"self":[{"href":"https:\/\/delgadozuleta.com\/en\/wp-json\/wp\/v2\/product\/15308","targetHints":{"allow":["GET"]}}],"collection":[{"href":"https:\/\/delgadozuleta.com\/en\/wp-json\/wp\/v2\/product"}],"about":[{"href":"https:\/\/delgadozuleta.com\/en\/wp-json\/wp\/v2\/types\/product"}],"wp:featuredmedia":[{"embeddable":true,"href":"https:\/\/delgadozuleta.com\/en\/wp-json\/wp\/v2\/media\/15368"}],"wp:attachment":[{"href":"https:\/\/delgadozuleta.com\/en\/wp-json\/wp\/v2\/media?parent=15308"}],"wp:term":[{"taxonomy":"product_brand","embeddable":true,"href":"https:\/\/delgadozuleta.com\/en\/wp-json\/wp\/v2\/product_brand?post=15308"},{"taxonomy":"product_cat","embeddable":true,"href":"https:\/\/delgadozuleta.com\/en\/wp-json\/wp\/v2\/product_cat?post=15308"},{"taxonomy":"product_tag","embeddable":true,"href":"https:\/\/delgadozuleta.com\/en\/wp-json\/wp\/v2\/product_tag?post=15308"}],"curies":[{"name":"wp","href":"https:\/\/api.w.org\/{rel}","templated":true}]}}