{"id":11042,"date":"2024-11-18T13:52:38","date_gmt":"2024-11-18T12:52:38","guid":{"rendered":"https:\/\/delgadozuleta.bgoapps.es\/?post_type=product&#038;p=11042"},"modified":"2026-01-15T14:03:54","modified_gmt":"2026-01-15T13:03:54","slug":"coleccion-the-original-sherry-company","status":"publish","type":"product","link":"https:\/\/delgadozuleta.com\/en\/tienda\/coleccion-the-original-sherry-company\/","title":{"rendered":"Colecci\u00f3n The Original Sherry Company"},"content":{"rendered":"<p><strong>TECHNICAL SHEET<\/strong><br \/>\nAmontillado: vino que nace como manzanilla y que por tanto tiene una crianza biol\u00f3gica en una primera fase, pero que tras perder el caracter\u00edstico velo de flor pasa por una segunda etapa, ya oxidativa. Palo cortado: vino que pasa por un proceso de crianza biol\u00f3gica en sus inicios, aunque menos que el amontillado, para pasar luego a crianza oxidativa. Oloroso: vino de crianza oxidativa desde sus inicios. Los tres vinos son variedad palomino 100%, con una vejez media de 20 a\u00f1os de crianza en botas de roble americano, mediante el tradicional sistema de soleras y criaderas. Su graduaci\u00f3n alcoh\u00f3lica es de 19% vol. y se presentan en botellas de 75 cl. Edici\u00f3n \u00fanica de 1.500 cajas premium numeradas.<\/p>\n<p><strong>TASTING NOTES<\/strong><br \/>\nAmontillado: color \u00e1mbar, con reflejos y ribete verdoso, en nariz es intenso, l\u00edmpido y profundo, con aromas propios de la crianza biol\u00f3gica evolucionada y ciertas notas de c\u00edtricos y maderas nobles, mientras que en boca es seco, con un paso inicial fino, para dar lugar a un largo final en el que las notas oxidativas se hacen presentes. Palo cortado: color casta\u00f1o oscuro, casi caoba, con toques dorados y brillantes. En nariz destaca la riqueza de matices con aromas a frutos secos, especias dulces, notas tostadas y torrefactas junto a toques bals\u00e1micos y salinos, mientras que en boca es seco, complejo, elegante, amplio y persistente. Oloroso: atractivo color que transcurre entre el \u00e1mbar y el caoba, con aromas c\u00e1lidos, redondos, complejos y potentes, recordando a frutos secos como la nuez, notas tostadas y matices bals\u00e1micos que recuerdan la madera noble. En boca es sabroso, estructurado, potente, envolvente y con mucho cuerpo.<\/p>\n<p><strong>PAIRING<\/strong><br \/>\nEsta colecci\u00f3n de joyas enol\u00f3gicas puede disfrutarse sin acompa\u00f1amiento alguno, dada su complejidad y sus extraordinarias cualidades organol\u00e9pticas. Como sugerencias proponemos maridar el amontillado con alcachofas o ahumados; el palo cortado con guisos; y el oloroso con carnes de caza.<\/p>\n<p>&nbsp;<\/p>","protected":false},"excerpt":{"rendered":"<p>La colecci\u00f3n m\u00e1s exclusiva de jereces singulares de alta gama. Delgado Zuleta lanza The Original Sherry Company, una selecci\u00f3n formada por un amontillado, un oloroso y un palo cortado \u00fanicos escogidos tras el registro de las m\u00e1s de 2.000 botas de la bodega. Se presenta en una caja premium de tres botellas, y \u00fanicamente existen 1.500 unidades numeradas. Una colecci\u00f3n apartada de vinos llevados al extremo de cada categor\u00eda, ilustradas cada una de ellas por un pictograma que representa conceptualmente cada vino: el amontillado se identifica con un cuchillo, el oloroso con una nariz con bigote y el palo cortado es una interrogaci\u00f3n. El broche de oro para conmemorar los 280 a\u00f1os de la bodega m\u00e1s antigua del Marco de Jerez.<\/p>","protected":false},"featured_media":11044,"template":"","meta":{"inline_featured_image":false,"_uag_custom_page_level_css":"","site-sidebar-layout":"default","site-content-layout":"","ast-site-content-layout":"default","site-content-style":"default","site-sidebar-style":"default","ast-global-header-display":"","ast-banner-title-visibility":"","ast-main-header-display":"","ast-hfb-above-header-display":"","ast-hfb-below-header-display":"","ast-hfb-mobile-header-display":"","site-post-title":"","ast-breadcrumbs-content":"","ast-featured-img":"","footer-sml-layout":"","ast-disable-related-posts":"","theme-transparent-header-meta":"default","adv-header-id-meta":"","stick-header-meta":"","header-above-stick-meta":"","header-main-stick-meta":"","header-below-stick-meta":"","astra-migrate-meta-layouts":"set","ast-page-background-enabled":"default","ast-page-background-meta":{"desktop":{"background-color":"var(--ast-global-color-5)","background-image":"","background-repeat":"repeat","background-position":"center center","background-size":"auto","background-attachment":"scroll","background-type":"","background-media":"","overlay-type":"","overlay-color":"","overlay-opacity":"","overlay-gradient":""},"tablet":{"background-color":"","background-image":"","background-repeat":"repeat","background-position":"center center","background-size":"auto","background-attachment":"scroll","background-type":"","background-media":"","overlay-type":"","overlay-color":"","overlay-opacity":"","overlay-gradient":""},"mobile":{"background-color":"","background-image":"","background-repeat":"repeat","background-position":"center center","background-size":"auto","background-attachment":"scroll","background-type":"","background-media":"","overlay-type":"","overlay-color":"","overlay-opacity":"","overlay-gradient":""}},"ast-content-background-meta":{"desktop":{"background-color":"var(--ast-global-color-4)","background-image":"","background-repeat":"repeat","background-position":"center center","background-size":"auto","background-attachment":"scroll","background-type":"","background-media":"","overlay-type":"","overlay-color":"","overlay-opacity":"","overlay-gradient":""},"tablet":{"background-color":"var(--ast-global-color-4)","background-image":"","background-repeat":"repeat","background-position":"center center","background-size":"auto","background-attachment":"scroll","background-type":"","background-media":"","overlay-type":"","overlay-color":"","overlay-opacity":"","overlay-gradient":""},"mobile":{"background-color":"var(--ast-global-color-4)","background-image":"","background-repeat":"repeat","background-position":"center center","background-size":"auto","background-attachment":"scroll","background-type":"","background-media":"","overlay-type":"","overlay-color":"","overlay-opacity":"","overlay-gradient":""}}},"product_brand":[],"product_cat":[240],"product_tag":[],"class_list":{"0":"post-11042","1":"product","2":"type-product","3":"status-publish","4":"has-post-thumbnail","6":"product_cat-tosc","7":"desktop-align-center","8":"tablet-align-left","9":"mobile-align-left","11":"first","12":"instock","13":"taxable","14":"shipping-taxable","15":"purchasable","16":"product-type-simple"},"yoast_head":"<!-- This site is optimized with the Yoast SEO plugin v27.3 - https:\/\/yoast.com\/product\/yoast-seo-wordpress\/ -->\n<title>Colecci\u00f3n The Original Sherry Company - Bodega Delgado Zuleta<\/title>\n<meta name=\"robots\" content=\"index, follow, max-snippet:-1, max-image-preview:large, max-video-preview:-1\" \/>\n<link rel=\"canonical\" href=\"https:\/\/delgadozuleta.com\/en\/tienda\/coleccion-the-original-sherry-company\/\" \/>\n<meta property=\"og:locale\" content=\"en_US\" \/>\n<meta property=\"og:type\" content=\"article\" \/>\n<meta property=\"og:title\" content=\"Colecci\u00f3n The Original Sherry Company - Bodega Delgado Zuleta\" \/>\n<meta property=\"og:description\" content=\"La colecci\u00f3n m\u00e1s exclusiva de jereces singulares de alta gama. Delgado Zuleta lanza The Original Sherry Company, una selecci\u00f3n formada por un amontillado, un oloroso y un palo cortado \u00fanicos escogidos tras el registro de las m\u00e1s de 2.000 botas de la bodega. Se presenta en una caja premium de tres botellas, y \u00fanicamente existen 1.500 unidades numeradas. Una colecci\u00f3n apartada de vinos llevados al extremo de cada categor\u00eda, ilustradas cada una de ellas por un pictograma que representa conceptualmente cada vino: el amontillado se identifica con un cuchillo, el oloroso con una nariz con bigote y el palo cortado es una interrogaci\u00f3n. El broche de oro para conmemorar los 280 a\u00f1os de la bodega m\u00e1s antigua del Marco de Jerez.\" \/>\n<meta property=\"og:url\" content=\"https:\/\/delgadozuleta.com\/en\/tienda\/coleccion-the-original-sherry-company\/\" \/>\n<meta property=\"og:site_name\" content=\"Bodega Delgado Zuleta\" \/>\n<meta property=\"article:modified_time\" content=\"2026-01-15T13:03:54+00:00\" \/>\n<meta property=\"og:image\" content=\"https:\/\/delgadozuleta.com\/wp-content\/uploads\/TOSC-caja.jpg\" \/>\n\t<meta property=\"og:image:width\" content=\"800\" \/>\n\t<meta property=\"og:image:height\" content=\"1200\" \/>\n\t<meta property=\"og:image:type\" content=\"image\/jpeg\" \/>\n<meta name=\"twitter:card\" content=\"summary_large_image\" \/>\n<meta name=\"twitter:label1\" content=\"Est. reading time\" \/>\n\t<meta name=\"twitter:data1\" content=\"2 minutes\" \/>\n<script type=\"application\/ld+json\" class=\"yoast-schema-graph\">{\"@context\":\"https:\\\/\\\/schema.org\",\"@graph\":[{\"@type\":\"WebPage\",\"@id\":\"https:\\\/\\\/delgadozuleta.com\\\/tienda\\\/coleccion-the-original-sherry-company\\\/\",\"url\":\"https:\\\/\\\/delgadozuleta.com\\\/tienda\\\/coleccion-the-original-sherry-company\\\/\",\"name\":\"Colecci\u00f3n The Original Sherry Company - Bodega Delgado Zuleta\",\"isPartOf\":{\"@id\":\"https:\\\/\\\/delgadozuleta.com\\\/#website\"},\"primaryImageOfPage\":{\"@id\":\"https:\\\/\\\/delgadozuleta.com\\\/tienda\\\/coleccion-the-original-sherry-company\\\/#primaryimage\"},\"image\":{\"@id\":\"https:\\\/\\\/delgadozuleta.com\\\/tienda\\\/coleccion-the-original-sherry-company\\\/#primaryimage\"},\"thumbnailUrl\":\"https:\\\/\\\/delgadozuleta.com\\\/wp-content\\\/uploads\\\/TOSC-caja.jpg\",\"datePublished\":\"2024-11-18T12:52:38+00:00\",\"dateModified\":\"2026-01-15T13:03:54+00:00\",\"breadcrumb\":{\"@id\":\"https:\\\/\\\/delgadozuleta.com\\\/tienda\\\/coleccion-the-original-sherry-company\\\/#breadcrumb\"},\"inLanguage\":\"en-US\",\"potentialAction\":[{\"@type\":\"ReadAction\",\"target\":[\"https:\\\/\\\/delgadozuleta.com\\\/tienda\\\/coleccion-the-original-sherry-company\\\/\"]}]},{\"@type\":\"ImageObject\",\"inLanguage\":\"en-US\",\"@id\":\"https:\\\/\\\/delgadozuleta.com\\\/tienda\\\/coleccion-the-original-sherry-company\\\/#primaryimage\",\"url\":\"https:\\\/\\\/delgadozuleta.com\\\/wp-content\\\/uploads\\\/TOSC-caja.jpg\",\"contentUrl\":\"https:\\\/\\\/delgadozuleta.com\\\/wp-content\\\/uploads\\\/TOSC-caja.jpg\",\"width\":800,\"height\":1200},{\"@type\":\"BreadcrumbList\",\"@id\":\"https:\\\/\\\/delgadozuleta.com\\\/tienda\\\/coleccion-the-original-sherry-company\\\/#breadcrumb\",\"itemListElement\":[{\"@type\":\"ListItem\",\"position\":1,\"name\":\"Portada\",\"item\":\"https:\\\/\\\/delgadozuleta.com\\\/\"},{\"@type\":\"ListItem\",\"position\":2,\"name\":\"Tienda Online\",\"item\":\"https:\\\/\\\/delgadozuleta.com\\\/en\\\/tienda\\\/\"},{\"@type\":\"ListItem\",\"position\":3,\"name\":\"Colecci\u00f3n The Original Sherry Company\"}]},{\"@type\":\"WebSite\",\"@id\":\"https:\\\/\\\/delgadozuleta.com\\\/#website\",\"url\":\"https:\\\/\\\/delgadozuleta.com\\\/\",\"name\":\"Bodega Delgado Zuleta\",\"description\":\"Hist\u00f3rica bodega del Marco de Jerez especialista en la elaboraci\u00f3n de vinos generosos.\",\"publisher\":{\"@id\":\"https:\\\/\\\/delgadozuleta.com\\\/#organization\"},\"potentialAction\":[{\"@type\":\"SearchAction\",\"target\":{\"@type\":\"EntryPoint\",\"urlTemplate\":\"https:\\\/\\\/delgadozuleta.com\\\/?s={search_term_string}\"},\"query-input\":{\"@type\":\"PropertyValueSpecification\",\"valueRequired\":true,\"valueName\":\"search_term_string\"}}],\"inLanguage\":\"en-US\"},{\"@type\":\"Organization\",\"@id\":\"https:\\\/\\\/delgadozuleta.com\\\/#organization\",\"name\":\"Bodega Delgado Zuleta\",\"url\":\"https:\\\/\\\/delgadozuleta.com\\\/\",\"logo\":{\"@type\":\"ImageObject\",\"inLanguage\":\"en-US\",\"@id\":\"https:\\\/\\\/delgadozuleta.com\\\/#\\\/schema\\\/logo\\\/image\\\/\",\"url\":\"https:\\\/\\\/delgadozuleta.com\\\/wp-content\\\/uploads\\\/logo-transparente-300x133-1.png\",\"contentUrl\":\"https:\\\/\\\/delgadozuleta.com\\\/wp-content\\\/uploads\\\/logo-transparente-300x133-1.png\",\"width\":900,\"height\":400,\"caption\":\"Bodega Delgado Zuleta\"},\"image\":{\"@id\":\"https:\\\/\\\/delgadozuleta.com\\\/#\\\/schema\\\/logo\\\/image\\\/\"}}]}<\/script>\n<!-- \/ Yoast SEO plugin. -->","yoast_head_json":{"title":"Colecci\u00f3n The Original Sherry Company - Bodega Delgado Zuleta","robots":{"index":"index","follow":"follow","max-snippet":"max-snippet:-1","max-image-preview":"max-image-preview:large","max-video-preview":"max-video-preview:-1"},"canonical":"https:\/\/delgadozuleta.com\/en\/tienda\/coleccion-the-original-sherry-company\/","og_locale":"en_US","og_type":"article","og_title":"Colecci\u00f3n The Original Sherry Company - Bodega Delgado Zuleta","og_description":"La colecci\u00f3n m\u00e1s exclusiva de jereces singulares de alta gama. Delgado Zuleta lanza The Original Sherry Company, una selecci\u00f3n formada por un amontillado, un oloroso y un palo cortado \u00fanicos escogidos tras el registro de las m\u00e1s de 2.000 botas de la bodega. Se presenta en una caja premium de tres botellas, y \u00fanicamente existen 1.500 unidades numeradas. Una colecci\u00f3n apartada de vinos llevados al extremo de cada categor\u00eda, ilustradas cada una de ellas por un pictograma que representa conceptualmente cada vino: el amontillado se identifica con un cuchillo, el oloroso con una nariz con bigote y el palo cortado es una interrogaci\u00f3n. El broche de oro para conmemorar los 280 a\u00f1os de la bodega m\u00e1s antigua del Marco de Jerez.","og_url":"https:\/\/delgadozuleta.com\/en\/tienda\/coleccion-the-original-sherry-company\/","og_site_name":"Bodega Delgado Zuleta","article_modified_time":"2026-01-15T13:03:54+00:00","og_image":[{"width":800,"height":1200,"url":"https:\/\/delgadozuleta.com\/wp-content\/uploads\/TOSC-caja.jpg","type":"image\/jpeg"}],"twitter_card":"summary_large_image","twitter_misc":{"Est. reading time":"2 minutes"},"schema":{"@context":"https:\/\/schema.org","@graph":[{"@type":"WebPage","@id":"https:\/\/delgadozuleta.com\/tienda\/coleccion-the-original-sherry-company\/","url":"https:\/\/delgadozuleta.com\/tienda\/coleccion-the-original-sherry-company\/","name":"Colecci\u00f3n The Original Sherry Company - Bodega Delgado Zuleta","isPartOf":{"@id":"https:\/\/delgadozuleta.com\/#website"},"primaryImageOfPage":{"@id":"https:\/\/delgadozuleta.com\/tienda\/coleccion-the-original-sherry-company\/#primaryimage"},"image":{"@id":"https:\/\/delgadozuleta.com\/tienda\/coleccion-the-original-sherry-company\/#primaryimage"},"thumbnailUrl":"https:\/\/delgadozuleta.com\/wp-content\/uploads\/TOSC-caja.jpg","datePublished":"2024-11-18T12:52:38+00:00","dateModified":"2026-01-15T13:03:54+00:00","breadcrumb":{"@id":"https:\/\/delgadozuleta.com\/tienda\/coleccion-the-original-sherry-company\/#breadcrumb"},"inLanguage":"en-US","potentialAction":[{"@type":"ReadAction","target":["https:\/\/delgadozuleta.com\/tienda\/coleccion-the-original-sherry-company\/"]}]},{"@type":"ImageObject","inLanguage":"en-US","@id":"https:\/\/delgadozuleta.com\/tienda\/coleccion-the-original-sherry-company\/#primaryimage","url":"https:\/\/delgadozuleta.com\/wp-content\/uploads\/TOSC-caja.jpg","contentUrl":"https:\/\/delgadozuleta.com\/wp-content\/uploads\/TOSC-caja.jpg","width":800,"height":1200},{"@type":"BreadcrumbList","@id":"https:\/\/delgadozuleta.com\/tienda\/coleccion-the-original-sherry-company\/#breadcrumb","itemListElement":[{"@type":"ListItem","position":1,"name":"Portada","item":"https:\/\/delgadozuleta.com\/"},{"@type":"ListItem","position":2,"name":"Tienda Online","item":"https:\/\/delgadozuleta.com\/en\/tienda\/"},{"@type":"ListItem","position":3,"name":"Colecci\u00f3n The Original Sherry Company"}]},{"@type":"WebSite","@id":"https:\/\/delgadozuleta.com\/#website","url":"https:\/\/delgadozuleta.com\/","name":"Bodega Delgado Zuleta","description":"Hist\u00f3rica bodega del Marco de Jerez especialista en la elaboraci\u00f3n de vinos generosos.","publisher":{"@id":"https:\/\/delgadozuleta.com\/#organization"},"potentialAction":[{"@type":"SearchAction","target":{"@type":"EntryPoint","urlTemplate":"https:\/\/delgadozuleta.com\/?s={search_term_string}"},"query-input":{"@type":"PropertyValueSpecification","valueRequired":true,"valueName":"search_term_string"}}],"inLanguage":"en-US"},{"@type":"Organization","@id":"https:\/\/delgadozuleta.com\/#organization","name":"Bodega Delgado Zuleta","url":"https:\/\/delgadozuleta.com\/","logo":{"@type":"ImageObject","inLanguage":"en-US","@id":"https:\/\/delgadozuleta.com\/#\/schema\/logo\/image\/","url":"https:\/\/delgadozuleta.com\/wp-content\/uploads\/logo-transparente-300x133-1.png","contentUrl":"https:\/\/delgadozuleta.com\/wp-content\/uploads\/logo-transparente-300x133-1.png","width":900,"height":400,"caption":"Bodega Delgado Zuleta"},"image":{"@id":"https:\/\/delgadozuleta.com\/#\/schema\/logo\/image\/"}}]}},"uagb_featured_image_src":{"full":["https:\/\/delgadozuleta.com\/wp-content\/uploads\/TOSC-caja.jpg",800,1200,false],"thumbnail":["https:\/\/delgadozuleta.com\/wp-content\/uploads\/TOSC-caja-150x150.jpg",150,150,true],"medium":["https:\/\/delgadozuleta.com\/wp-content\/uploads\/TOSC-caja-233x350.jpg",233,350,true],"medium_large":["https:\/\/delgadozuleta.com\/wp-content\/uploads\/TOSC-caja-768x1152.jpg",768,1152,true],"large":["https:\/\/delgadozuleta.com\/wp-content\/uploads\/TOSC-caja-683x1024.jpg",683,1024,true],"1536x1536":["https:\/\/delgadozuleta.com\/wp-content\/uploads\/TOSC-caja.jpg",800,1200,false],"2048x2048":["https:\/\/delgadozuleta.com\/wp-content\/uploads\/TOSC-caja.jpg",800,1200,false],"trp-custom-language-flag":["https:\/\/delgadozuleta.com\/wp-content\/uploads\/TOSC-caja-8x12.jpg",8,12,true],"woocommerce_thumbnail":["https:\/\/delgadozuleta.com\/wp-content\/uploads\/TOSC-caja-400x600.jpg",400,600,true],"woocommerce_single":["https:\/\/delgadozuleta.com\/wp-content\/uploads\/TOSC-caja-510x765.jpg",510,765,true],"woocommerce_gallery_thumbnail":["https:\/\/delgadozuleta.com\/wp-content\/uploads\/TOSC-caja-100x100.jpg",100,100,true]},"uagb_author_info":{"display_name":"Delgado Zuleta","author_link":"https:\/\/delgadozuleta.com\/en\/blog\/author\/"},"uagb_comment_info":0,"uagb_excerpt":"La colecci\u00f3n m\u00e1s exclusiva de jereces singulares de alta gama. Delgado Zuleta lanza The Original Sherry Company, una selecci\u00f3n formada por un amontillado, un oloroso y un palo cortado \u00fanicos escogidos tras el registro de las m\u00e1s de 2.000 botas de la bodega. Se presenta en una caja premium de tres botellas, y \u00fanicamente existen&hellip;","_links":{"self":[{"href":"https:\/\/delgadozuleta.com\/en\/wp-json\/wp\/v2\/product\/11042","targetHints":{"allow":["GET"]}}],"collection":[{"href":"https:\/\/delgadozuleta.com\/en\/wp-json\/wp\/v2\/product"}],"about":[{"href":"https:\/\/delgadozuleta.com\/en\/wp-json\/wp\/v2\/types\/product"}],"wp:featuredmedia":[{"embeddable":true,"href":"https:\/\/delgadozuleta.com\/en\/wp-json\/wp\/v2\/media\/11044"}],"wp:attachment":[{"href":"https:\/\/delgadozuleta.com\/en\/wp-json\/wp\/v2\/media?parent=11042"}],"wp:term":[{"taxonomy":"product_brand","embeddable":true,"href":"https:\/\/delgadozuleta.com\/en\/wp-json\/wp\/v2\/product_brand?post=11042"},{"taxonomy":"product_cat","embeddable":true,"href":"https:\/\/delgadozuleta.com\/en\/wp-json\/wp\/v2\/product_cat?post=11042"},{"taxonomy":"product_tag","embeddable":true,"href":"https:\/\/delgadozuleta.com\/en\/wp-json\/wp\/v2\/product_tag?post=11042"}],"curies":[{"name":"wp","href":"https:\/\/api.w.org\/{rel}","templated":true}]}}