{"id":10291,"date":"2025-12-17T11:48:32","date_gmt":"2025-12-17T10:48:32","guid":{"rendered":"https:\/\/delgadozuleta.bgoapps.es\/?post_type=product&#038;p=10291"},"modified":"2025-12-17T11:47:25","modified_gmt":"2025-12-17T10:47:25","slug":"manzanilla-carmen-viejo","status":"publish","type":"product","link":"https:\/\/delgadozuleta.com\/en\/tienda\/manzanilla-carmen-viejo\/","title":{"rendered":"Manzanilla Carmen Viejo 58"},"content":{"rendered":"<p>TECHNICAL SHEET<\/p>\n<p>Vino de crianza biol\u00f3gica bajo velo de flor, de la variedad palomino 100%. 6 a\u00f1os de crianza mediante el sistema de soleras y criaderas en botas de roble americano. Su graduaci\u00f3n alcoh\u00f3lica es de 15% vol. y se presenta en botellas de 75 cl. Edici\u00f3n \u00fanica de 1.486 botellas.<\/p>\n<p>TASTING NOTES<\/p>\n<p>Manzanilla en el m\u00e1s puro estilo de la casa: intensidad arom\u00e1tica, cuerpo untuoso y salinidad en perfecto y elegante equilibrio. Color oro viejo, brillante y con un denso lagrimeo en copa fruto de su robusto cuerpo. En nariz se muestra muy intensa y punzante, con marcadas notas propias de una crianza biol\u00f3gica intensa y prolongada, destacando aromas de almendra. En boca es muy compleja, potente, sabrosa, salina y untuosa, inundando el paladar de atractiva sapidez.<\/p>\n<p>PAIRING<\/p>\n<p>Una manzanilla de esta magnitud hist\u00f3rica y enol\u00f3gica exige una armon\u00eda gastron\u00f3mica a la altura, con lo mejor de la despensa andaluza, como unos ib\u00e9ricos de bellota o el mejor marisco, en compa\u00f1\u00eda de amigos, familia, pareja o en solitario para degustarla y recrearse con una manzanilla excepcional y con un vivo testimonio de casi 3 siglos de historia.<\/p>","protected":false},"excerpt":{"rendered":"<p>Bienvenido al cap\u00edtulo 1 de los 280 a\u00f1os de historia de Delgado Zuleta. All\u00e1 en el primer cuarto del s. XVIII llega a Sanl\u00facar, Francisco Gil de Ledesma y en los bajos de su vivienda familiar, ubicada en la actual calle Carmen Viejo, 58 del Barrio Bajo de Sanl\u00facar, dispone el casco fundacional de la bodega. All\u00ed, en una nave de singulares techos bajos y en una suerte de cava subterr\u00e1nea que otorgaba las mejores condiciones posibles de humedad y temperatura, nacen nuestras primeras manzanillas. Esas hist\u00f3ricas y excepcionales botas, se restauran y trasladan a la ubicaci\u00f3n actual de la bodega en el pago de Dehesilla, mim\u00e1ndose y reserv\u00e1ndose para una ocasi\u00f3n excepcional que ha llegado hoy con motivo de nuestro \u00a0280 aniversario. Bienvenido a Carmen Viejo 58, una manzanilla heredada, \u00fanica e imprescindible.<\/p>","protected":false},"featured_media":10305,"template":"","meta":{"inline_featured_image":false,"_uag_custom_page_level_css":"","site-sidebar-layout":"default","site-content-layout":"","ast-site-content-layout":"default","site-content-style":"default","site-sidebar-style":"default","ast-global-header-display":"","ast-banner-title-visibility":"","ast-main-header-display":"","ast-hfb-above-header-display":"","ast-hfb-below-header-display":"","ast-hfb-mobile-header-display":"","site-post-title":"","ast-breadcrumbs-content":"","ast-featured-img":"","footer-sml-layout":"","ast-disable-related-posts":"","theme-transparent-header-meta":"default","adv-header-id-meta":"","stick-header-meta":"","header-above-stick-meta":"","header-main-stick-meta":"","header-below-stick-meta":"","astra-migrate-meta-layouts":"set","ast-page-background-enabled":"default","ast-page-background-meta":{"desktop":{"background-color":"var(--ast-global-color-5)","background-image":"","background-repeat":"repeat","background-position":"center center","background-size":"auto","background-attachment":"scroll","background-type":"","background-media":"","overlay-type":"","overlay-color":"","overlay-opacity":"","overlay-gradient":""},"tablet":{"background-color":"","background-image":"","background-repeat":"repeat","background-position":"center center","background-size":"auto","background-attachment":"scroll","background-type":"","background-media":"","overlay-type":"","overlay-color":"","overlay-opacity":"","overlay-gradient":""},"mobile":{"background-color":"","background-image":"","background-repeat":"repeat","background-position":"center center","background-size":"auto","background-attachment":"scroll","background-type":"","background-media":"","overlay-type":"","overlay-color":"","overlay-opacity":"","overlay-gradient":""}},"ast-content-background-meta":{"desktop":{"background-color":"var(--ast-global-color-4)","background-image":"","background-repeat":"repeat","background-position":"center center","background-size":"auto","background-attachment":"scroll","background-type":"","background-media":"","overlay-type":"","overlay-color":"","overlay-opacity":"","overlay-gradient":""},"tablet":{"background-color":"var(--ast-global-color-4)","background-image":"","background-repeat":"repeat","background-position":"center center","background-size":"auto","background-attachment":"scroll","background-type":"","background-media":"","overlay-type":"","overlay-color":"","overlay-opacity":"","overlay-gradient":""},"mobile":{"background-color":"var(--ast-global-color-4)","background-image":"","background-repeat":"repeat","background-position":"center center","background-size":"auto","background-attachment":"scroll","background-type":"","background-media":"","overlay-type":"","overlay-color":"","overlay-opacity":"","overlay-gradient":""}}},"product_brand":[],"product_cat":[145,8,26],"product_tag":[],"class_list":{"0":"post-10291","1":"product","2":"type-product","3":"status-publish","4":"has-post-thumbnail","6":"product_cat-la-casa","7":"product_cat-manzanillas","8":"product_cat-ofertas-y-promociones","9":"desktop-align-center","10":"tablet-align-left","11":"mobile-align-left","13":"first","14":"instock","15":"sale","16":"taxable","17":"shipping-taxable","18":"purchasable","19":"product-type-simple"},"yoast_head":"<!-- This site is optimized with the Yoast SEO plugin v27.3 - https:\/\/yoast.com\/product\/yoast-seo-wordpress\/ -->\n<title>Manzanilla Carmen Viejo 58 - Bodega Delgado Zuleta<\/title>\n<meta name=\"robots\" content=\"index, follow, max-snippet:-1, max-image-preview:large, max-video-preview:-1\" \/>\n<link rel=\"canonical\" href=\"https:\/\/delgadozuleta.com\/en\/tienda\/manzanilla-carmen-viejo\/\" \/>\n<meta property=\"og:locale\" content=\"en_US\" \/>\n<meta property=\"og:type\" content=\"article\" \/>\n<meta property=\"og:title\" content=\"Manzanilla Carmen Viejo 58 - Bodega Delgado Zuleta\" \/>\n<meta property=\"og:description\" content=\"Bienvenido al cap\u00edtulo 1 de los 280 a\u00f1os de historia de Delgado Zuleta. All\u00e1 en el primer cuarto del s. XVIII llega a Sanl\u00facar, Francisco Gil de Ledesma y en los bajos de su vivienda familiar, ubicada en la actual calle Carmen Viejo, 58 del Barrio Bajo de Sanl\u00facar, dispone el casco fundacional de la bodega. All\u00ed, en una nave de singulares techos bajos y en una suerte de cava subterr\u00e1nea que otorgaba las mejores condiciones posibles de humedad y temperatura, nacen nuestras primeras manzanillas. Esas hist\u00f3ricas y excepcionales botas, se restauran y trasladan a la ubicaci\u00f3n actual de la bodega en el pago de Dehesilla, mim\u00e1ndose y reserv\u00e1ndose para una ocasi\u00f3n excepcional que ha llegado hoy con motivo de nuestro \u00a0280 aniversario. Bienvenido a Carmen Viejo 58, una manzanilla heredada, \u00fanica e imprescindible.\" \/>\n<meta property=\"og:url\" content=\"https:\/\/delgadozuleta.com\/en\/tienda\/manzanilla-carmen-viejo\/\" \/>\n<meta property=\"og:site_name\" content=\"Bodega Delgado Zuleta\" \/>\n<meta property=\"og:image\" content=\"https:\/\/delgadozuleta.com\/wp-content\/uploads\/cv-front.jpg\" \/>\n\t<meta property=\"og:image:width\" content=\"681\" \/>\n\t<meta property=\"og:image:height\" content=\"1200\" \/>\n\t<meta property=\"og:image:type\" content=\"image\/jpeg\" \/>\n<meta name=\"twitter:card\" content=\"summary_large_image\" \/>\n<meta name=\"twitter:label1\" content=\"Est. reading time\" \/>\n\t<meta name=\"twitter:data1\" content=\"2 minutes\" \/>\n<script type=\"application\/ld+json\" class=\"yoast-schema-graph\">{\"@context\":\"https:\\\/\\\/schema.org\",\"@graph\":[{\"@type\":\"WebPage\",\"@id\":\"https:\\\/\\\/delgadozuleta.com\\\/tienda\\\/manzanilla-carmen-viejo\\\/\",\"url\":\"https:\\\/\\\/delgadozuleta.com\\\/tienda\\\/manzanilla-carmen-viejo\\\/\",\"name\":\"Manzanilla Carmen Viejo 58 - Bodega Delgado Zuleta\",\"isPartOf\":{\"@id\":\"https:\\\/\\\/delgadozuleta.com\\\/#website\"},\"primaryImageOfPage\":{\"@id\":\"https:\\\/\\\/delgadozuleta.com\\\/tienda\\\/manzanilla-carmen-viejo\\\/#primaryimage\"},\"image\":{\"@id\":\"https:\\\/\\\/delgadozuleta.com\\\/tienda\\\/manzanilla-carmen-viejo\\\/#primaryimage\"},\"thumbnailUrl\":\"https:\\\/\\\/delgadozuleta.com\\\/wp-content\\\/uploads\\\/cv-front.jpg\",\"datePublished\":\"2025-12-17T10:48:32+00:00\",\"breadcrumb\":{\"@id\":\"https:\\\/\\\/delgadozuleta.com\\\/tienda\\\/manzanilla-carmen-viejo\\\/#breadcrumb\"},\"inLanguage\":\"en-US\",\"potentialAction\":[{\"@type\":\"ReadAction\",\"target\":[\"https:\\\/\\\/delgadozuleta.com\\\/tienda\\\/manzanilla-carmen-viejo\\\/\"]}]},{\"@type\":\"ImageObject\",\"inLanguage\":\"en-US\",\"@id\":\"https:\\\/\\\/delgadozuleta.com\\\/tienda\\\/manzanilla-carmen-viejo\\\/#primaryimage\",\"url\":\"https:\\\/\\\/delgadozuleta.com\\\/wp-content\\\/uploads\\\/cv-front.jpg\",\"contentUrl\":\"https:\\\/\\\/delgadozuleta.com\\\/wp-content\\\/uploads\\\/cv-front.jpg\",\"width\":681,\"height\":1200},{\"@type\":\"BreadcrumbList\",\"@id\":\"https:\\\/\\\/delgadozuleta.com\\\/tienda\\\/manzanilla-carmen-viejo\\\/#breadcrumb\",\"itemListElement\":[{\"@type\":\"ListItem\",\"position\":1,\"name\":\"Portada\",\"item\":\"https:\\\/\\\/delgadozuleta.com\\\/\"},{\"@type\":\"ListItem\",\"position\":2,\"name\":\"Tienda Online\",\"item\":\"https:\\\/\\\/delgadozuleta.com\\\/en\\\/tienda\\\/\"},{\"@type\":\"ListItem\",\"position\":3,\"name\":\"Manzanilla Carmen Viejo 58\"}]},{\"@type\":\"WebSite\",\"@id\":\"https:\\\/\\\/delgadozuleta.com\\\/#website\",\"url\":\"https:\\\/\\\/delgadozuleta.com\\\/\",\"name\":\"Bodega Delgado Zuleta\",\"description\":\"Hist\u00f3rica bodega del Marco de Jerez especialista en la elaboraci\u00f3n de vinos generosos.\",\"publisher\":{\"@id\":\"https:\\\/\\\/delgadozuleta.com\\\/#organization\"},\"potentialAction\":[{\"@type\":\"SearchAction\",\"target\":{\"@type\":\"EntryPoint\",\"urlTemplate\":\"https:\\\/\\\/delgadozuleta.com\\\/?s={search_term_string}\"},\"query-input\":{\"@type\":\"PropertyValueSpecification\",\"valueRequired\":true,\"valueName\":\"search_term_string\"}}],\"inLanguage\":\"en-US\"},{\"@type\":\"Organization\",\"@id\":\"https:\\\/\\\/delgadozuleta.com\\\/#organization\",\"name\":\"Bodega Delgado Zuleta\",\"url\":\"https:\\\/\\\/delgadozuleta.com\\\/\",\"logo\":{\"@type\":\"ImageObject\",\"inLanguage\":\"en-US\",\"@id\":\"https:\\\/\\\/delgadozuleta.com\\\/#\\\/schema\\\/logo\\\/image\\\/\",\"url\":\"https:\\\/\\\/delgadozuleta.com\\\/wp-content\\\/uploads\\\/logo-transparente-300x133-1.png\",\"contentUrl\":\"https:\\\/\\\/delgadozuleta.com\\\/wp-content\\\/uploads\\\/logo-transparente-300x133-1.png\",\"width\":900,\"height\":400,\"caption\":\"Bodega Delgado Zuleta\"},\"image\":{\"@id\":\"https:\\\/\\\/delgadozuleta.com\\\/#\\\/schema\\\/logo\\\/image\\\/\"}}]}<\/script>\n<!-- \/ Yoast SEO plugin. -->","yoast_head_json":{"title":"Manzanilla Carmen Viejo 58 - Bodega Delgado Zuleta","robots":{"index":"index","follow":"follow","max-snippet":"max-snippet:-1","max-image-preview":"max-image-preview:large","max-video-preview":"max-video-preview:-1"},"canonical":"https:\/\/delgadozuleta.com\/en\/tienda\/manzanilla-carmen-viejo\/","og_locale":"en_US","og_type":"article","og_title":"Manzanilla Carmen Viejo 58 - Bodega Delgado Zuleta","og_description":"Bienvenido al cap\u00edtulo 1 de los 280 a\u00f1os de historia de Delgado Zuleta. All\u00e1 en el primer cuarto del s. XVIII llega a Sanl\u00facar, Francisco Gil de Ledesma y en los bajos de su vivienda familiar, ubicada en la actual calle Carmen Viejo, 58 del Barrio Bajo de Sanl\u00facar, dispone el casco fundacional de la bodega. All\u00ed, en una nave de singulares techos bajos y en una suerte de cava subterr\u00e1nea que otorgaba las mejores condiciones posibles de humedad y temperatura, nacen nuestras primeras manzanillas. Esas hist\u00f3ricas y excepcionales botas, se restauran y trasladan a la ubicaci\u00f3n actual de la bodega en el pago de Dehesilla, mim\u00e1ndose y reserv\u00e1ndose para una ocasi\u00f3n excepcional que ha llegado hoy con motivo de nuestro \u00a0280 aniversario. Bienvenido a Carmen Viejo 58, una manzanilla heredada, \u00fanica e imprescindible.","og_url":"https:\/\/delgadozuleta.com\/en\/tienda\/manzanilla-carmen-viejo\/","og_site_name":"Bodega Delgado Zuleta","og_image":[{"width":681,"height":1200,"url":"https:\/\/delgadozuleta.com\/wp-content\/uploads\/cv-front.jpg","type":"image\/jpeg"}],"twitter_card":"summary_large_image","twitter_misc":{"Est. reading time":"2 minutes"},"schema":{"@context":"https:\/\/schema.org","@graph":[{"@type":"WebPage","@id":"https:\/\/delgadozuleta.com\/tienda\/manzanilla-carmen-viejo\/","url":"https:\/\/delgadozuleta.com\/tienda\/manzanilla-carmen-viejo\/","name":"Manzanilla Carmen Viejo 58 - Bodega Delgado Zuleta","isPartOf":{"@id":"https:\/\/delgadozuleta.com\/#website"},"primaryImageOfPage":{"@id":"https:\/\/delgadozuleta.com\/tienda\/manzanilla-carmen-viejo\/#primaryimage"},"image":{"@id":"https:\/\/delgadozuleta.com\/tienda\/manzanilla-carmen-viejo\/#primaryimage"},"thumbnailUrl":"https:\/\/delgadozuleta.com\/wp-content\/uploads\/cv-front.jpg","datePublished":"2025-12-17T10:48:32+00:00","breadcrumb":{"@id":"https:\/\/delgadozuleta.com\/tienda\/manzanilla-carmen-viejo\/#breadcrumb"},"inLanguage":"en-US","potentialAction":[{"@type":"ReadAction","target":["https:\/\/delgadozuleta.com\/tienda\/manzanilla-carmen-viejo\/"]}]},{"@type":"ImageObject","inLanguage":"en-US","@id":"https:\/\/delgadozuleta.com\/tienda\/manzanilla-carmen-viejo\/#primaryimage","url":"https:\/\/delgadozuleta.com\/wp-content\/uploads\/cv-front.jpg","contentUrl":"https:\/\/delgadozuleta.com\/wp-content\/uploads\/cv-front.jpg","width":681,"height":1200},{"@type":"BreadcrumbList","@id":"https:\/\/delgadozuleta.com\/tienda\/manzanilla-carmen-viejo\/#breadcrumb","itemListElement":[{"@type":"ListItem","position":1,"name":"Portada","item":"https:\/\/delgadozuleta.com\/"},{"@type":"ListItem","position":2,"name":"Tienda Online","item":"https:\/\/delgadozuleta.com\/en\/tienda\/"},{"@type":"ListItem","position":3,"name":"Manzanilla Carmen Viejo 58"}]},{"@type":"WebSite","@id":"https:\/\/delgadozuleta.com\/#website","url":"https:\/\/delgadozuleta.com\/","name":"Bodega Delgado Zuleta","description":"Hist\u00f3rica bodega del Marco de Jerez especialista en la elaboraci\u00f3n de vinos generosos.","publisher":{"@id":"https:\/\/delgadozuleta.com\/#organization"},"potentialAction":[{"@type":"SearchAction","target":{"@type":"EntryPoint","urlTemplate":"https:\/\/delgadozuleta.com\/?s={search_term_string}"},"query-input":{"@type":"PropertyValueSpecification","valueRequired":true,"valueName":"search_term_string"}}],"inLanguage":"en-US"},{"@type":"Organization","@id":"https:\/\/delgadozuleta.com\/#organization","name":"Bodega Delgado Zuleta","url":"https:\/\/delgadozuleta.com\/","logo":{"@type":"ImageObject","inLanguage":"en-US","@id":"https:\/\/delgadozuleta.com\/#\/schema\/logo\/image\/","url":"https:\/\/delgadozuleta.com\/wp-content\/uploads\/logo-transparente-300x133-1.png","contentUrl":"https:\/\/delgadozuleta.com\/wp-content\/uploads\/logo-transparente-300x133-1.png","width":900,"height":400,"caption":"Bodega Delgado Zuleta"},"image":{"@id":"https:\/\/delgadozuleta.com\/#\/schema\/logo\/image\/"}}]}},"uagb_featured_image_src":{"full":["https:\/\/delgadozuleta.com\/wp-content\/uploads\/cv-front.jpg",681,1200,false],"thumbnail":["https:\/\/delgadozuleta.com\/wp-content\/uploads\/cv-front-150x150.jpg",150,150,true],"medium":["https:\/\/delgadozuleta.com\/wp-content\/uploads\/cv-front-199x350.jpg",199,350,true],"medium_large":["https:\/\/delgadozuleta.com\/wp-content\/uploads\/cv-front.jpg",681,1200,false],"large":["https:\/\/delgadozuleta.com\/wp-content\/uploads\/cv-front-581x1024.jpg",581,1024,true],"1536x1536":["https:\/\/delgadozuleta.com\/wp-content\/uploads\/cv-front.jpg",681,1200,false],"2048x2048":["https:\/\/delgadozuleta.com\/wp-content\/uploads\/cv-front.jpg",681,1200,false],"trp-custom-language-flag":["https:\/\/delgadozuleta.com\/wp-content\/uploads\/cv-front-7x12.jpg",7,12,true],"woocommerce_thumbnail":["https:\/\/delgadozuleta.com\/wp-content\/uploads\/cv-front-400x600.jpg",400,600,true],"woocommerce_single":["https:\/\/delgadozuleta.com\/wp-content\/uploads\/cv-front-510x899.jpg",510,899,true],"woocommerce_gallery_thumbnail":["https:\/\/delgadozuleta.com\/wp-content\/uploads\/cv-front-100x100.jpg",100,100,true]},"uagb_author_info":{"display_name":"Delgado Zuleta","author_link":"https:\/\/delgadozuleta.com\/en\/blog\/author\/"},"uagb_comment_info":0,"uagb_excerpt":"Bienvenido al cap\u00edtulo 1 de los 280 a\u00f1os de historia de Delgado Zuleta. All\u00e1 en el primer cuarto del s. XVIII llega a Sanl\u00facar, Francisco Gil de Ledesma y en los bajos de su vivienda familiar, ubicada en la actual calle Carmen Viejo, 58 del Barrio Bajo de Sanl\u00facar, dispone el casco fundacional de la&hellip;","_links":{"self":[{"href":"https:\/\/delgadozuleta.com\/en\/wp-json\/wp\/v2\/product\/10291","targetHints":{"allow":["GET"]}}],"collection":[{"href":"https:\/\/delgadozuleta.com\/en\/wp-json\/wp\/v2\/product"}],"about":[{"href":"https:\/\/delgadozuleta.com\/en\/wp-json\/wp\/v2\/types\/product"}],"wp:featuredmedia":[{"embeddable":true,"href":"https:\/\/delgadozuleta.com\/en\/wp-json\/wp\/v2\/media\/10305"}],"wp:attachment":[{"href":"https:\/\/delgadozuleta.com\/en\/wp-json\/wp\/v2\/media?parent=10291"}],"wp:term":[{"taxonomy":"product_brand","embeddable":true,"href":"https:\/\/delgadozuleta.com\/en\/wp-json\/wp\/v2\/product_brand?post=10291"},{"taxonomy":"product_cat","embeddable":true,"href":"https:\/\/delgadozuleta.com\/en\/wp-json\/wp\/v2\/product_cat?post=10291"},{"taxonomy":"product_tag","embeddable":true,"href":"https:\/\/delgadozuleta.com\/en\/wp-json\/wp\/v2\/product_tag?post=10291"}],"curies":[{"name":"wp","href":"https:\/\/api.w.org\/{rel}","templated":true}]}}