{"id":9087,"date":"2023-12-12T12:38:10","date_gmt":"2023-12-12T10:38:10","guid":{"rendered":"https:\/\/delgadozuleta.bgoapps.es\/?page_id=9087"},"modified":"2025-03-26T17:43:09","modified_gmt":"2025-03-26T16:43:09","slug":"politica-privacidad","status":"publish","type":"page","link":"https:\/\/delgadozuleta.com\/en\/politica-privacidad\/","title":{"rendered":"Pol\u00edtica de privacidad"},"content":{"rendered":"<p>La confianza de nuestros clientes en nuestros productos y servicios depende de nuestra habilidad para proteger sus datos personales cuando visitan nuestro sitio web. La siguiente informaci\u00f3n sobre nuestra Pol\u00edtica de Privacidad refleja nuestro compromiso por mantener y garantizar relaciones comerciales seguras mediante la protecci\u00f3n de los datos personales y garantizando el derecho a la privacidad de cada uno de los usuarios de nuestro sitio web. En este documento explicamos c\u00f3mo utilizamos los datos personales de nuestros clientes.<\/p>\n<p><strong>1. Contenido y aceptaci\u00f3n de la pol\u00edtica de privacidad<\/strong><\/p>\n<p>La presente Pol\u00edtica de Privacidad tiene por objeto dar a conocer el modo en que recabamos, tratamos y protegemos los datos de car\u00e1cter personal recabados a trav\u00e9s del Sitio Web, a fin de que los usuarios determinen libre y voluntariamente si desean facilitar sus datos personales a trav\u00e9s de los formularios habilitados al efecto.<\/p>\n<p>El Sitio Web proporcionar\u00e1 a los usuarios los recursos t\u00e9cnicos adecuados para que, con car\u00e1cter previo a la cumplimentaci\u00f3n de los datos personales, puedan acceder a esta Pol\u00edtica de Privacidad y a cualquier otra informaci\u00f3n relevante en materia de Protecci\u00f3n de Datos de Car\u00e1cter Personal.<\/p>\n<p>El acceso y uso del Sitio Web por el usuario (el \u201cUsuario\u201d) implica que acepta en su totalidad y se obliga a cumplir por completo los t\u00e9rminos y condiciones recogidos en la presente Pol\u00edtica de Privacidad, as\u00ed como en las disposiciones contenidas en el Aviso Legal y Condiciones de Uso, la Pol\u00edtica de Cookies y, en su caso, las Condiciones Generales Contrataci\u00f3n; configur\u00e1ndose los citados documentos en su conjunto como los Textos Legales rectores del Sitio Web. La prestaci\u00f3n del servicio del Sitio Web tiene una duraci\u00f3n limitada al momento en el que el Usuario se encuentre conectado al Sitio Web o alguno de los servicios que a trav\u00e9s del mismo se facilitan; por tanto, el Usuario debe leer atentamente la presente Pol\u00edtica de Privacidad en cada una de las ocasiones que se proponga utilizar el Sitio Web, ya que \u00e9sta puede sufrir modificaciones en funci\u00f3n de novedades o exigencias legislativas y jurisprudenciales o por necesidades de negocio.<\/p>\n<p>La presente Pol\u00edtica de Privacidad ser\u00e1 v\u00e1lida \u00fanicamente para los datos de car\u00e1cter personal obtenidos en el Sitio Web, no siendo aplicable para aquella informaci\u00f3n recabada por terceros en otras p\u00e1ginas web, incluso si \u00e9stas se encuentran enlazadas por el Sitio Web.<\/p>\n<p><strong>2. Responsables de los ficheros y recogida de los datos de car\u00e1cter personal<\/strong><\/p>\n<p>El env\u00edo de datos de car\u00e1cter personal es obligatorio para contactar y recibir informaci\u00f3n sobre los servicios prestados por DELGADO ZULETA S.A.. Asimismo, el no facilitar los datos personales solicitados o el no aceptar la presente pol\u00edtica de protecci\u00f3n de datos supone la imposibilidad de suscribirse, registrarse o recibir informaci\u00f3n de dichos servicios. De acuerdo a lo establecido en la Ley Org\u00e1nica 15\/1999, de 13 de diciembre, de Protecci\u00f3n de Datos de Car\u00e1cter Personal, le informamos que los datos personales que se obtengan como consecuencia de su env\u00edo de datos personales, ser\u00e1n incorporados a un fichero titularidad de DELGADO ZULETA S.A., con domicilio en Av. Roc\u00edo Jurado, s\/n. 11540. Sanl\u00facar de Barrameda, C\u00c1DIZ, teniendo implementadas todas las medidas de seguridad establecidas en el Real Decreto 994\/1999, de 11 de junio.<\/p>\n<p><strong>3. Exactitud y veracidad de los datos facilitados<\/strong><br \/>\nEl Usuario que env\u00eda la informaci\u00f3n a DELGADO ZULETA S.A., es el \u00fanico responsable de la veracidad y correcci\u00f3n de los datos incluidos, exoner\u00e1ndose DELGADO ZULETA S.A., de cualquier responsabilidad al respecto. Los usuarios garantizan y responden, en cualquier caso, de la exactitud, vigencia y autenticidad de los datos personales facilitados, y se comprometen a mantenerlos debidamente actualizados. El usuario acepta proporcionar informaci\u00f3n completa y correcta en el formulario de registro o suscripci\u00f3n. DELGADO ZULETA S.A., no responde de la veracidad de las informaciones que no sean de elaboraci\u00f3n propia y de las que se indique otra fuente, por lo que tampoco asume responsabilidad alguna en cuanto a hipot\u00e9ticos perjuicios que pudieran originarse por el uso de dicha informaci\u00f3n. Se exonera a DELGADO ZULETA S.A., de responsabilidad ante cualquier da\u00f1o o perjuicio que pudiera sufrir el usuario como consecuencia de errores, defectos u omisiones, en la informaci\u00f3n facilitada por DELGADO ZULETA S.A. siempre que proceda de fuentes ajenas a DELGADO ZULETA S.A.<\/p>\n<p><strong>4. Descripci\u00f3n del tratamiento de datos que se realiza a trav\u00e9s del sitio web<\/strong><br \/>\nDELGADO ZULETA S.A. podr\u00e1 tratar sus datos de car\u00e1cter personal de acuerdo con las siguientes finalidades, en funci\u00f3n del formulario completado en cada caso:<\/p>\n<p>\u2022 Gestionar su navegaci\u00f3n a trav\u00e9s del Sitio Web.<\/p>\n<p>\u2022 Gestionar su registro de usuario e identificarle como \u201cusuario registrado\u201d para as\u00ed personalizar su interfaz y mostrarle contenido e informaci\u00f3n acorde a sus intereses.<\/p>\n<p>\u2022 Dar respuesta a las dudas, quejas, comentarios o inquietudes que pueda tener relativas a la informaci\u00f3n incluida en el Sitio Web, los servicios que se prestan a trav\u00e9s del Sitio Web, el tratamiento de sus datos personales, cuestiones referentes a los textos legales incluidos en el Sitio Web, as\u00ed como cualesquiera otras consultas que pueda tener.<\/p>\n<p>\u2022 La presentaci\u00f3n y env\u00edo de informaci\u00f3n acerca de los servicios de la empresa, realizaci\u00f3n de visitas comerciales y seguimiento de potenciales para su posterior contrataci\u00f3n de los servicios ofertados por la empresa; as\u00ed como el control, gesti\u00f3n, atenci\u00f3n, mantenimiento y facturaci\u00f3n de clientes, env\u00edo de informaciones comerciales y fidelizaci\u00f3n de los mismos.<\/p>\n<p><strong>5. Comunicaciones comerciales<\/strong><br \/>\nEl Usuario es informado de que a trav\u00e9s de cada formulario de recogida de datos podr\u00edamos recabar su consentimiento para enviarle comunicaciones comerciales. De dar su consentimiento expreso, a efectos de lo cual deber\u00e1 marcar o no marcar (seg\u00fan el caso) las casillas que aparecer\u00e1n en los pertinentes formularios de recogida de datos, podr\u00edamos ponernos en contacto con el Usuario por correo ordinario, correo electr\u00f3nico, SMS, o cualquier otro medio de comunicaci\u00f3n electr\u00f3nica equivalente, para remitirle informaci\u00f3n sobre aquellos productos y\/o servicios que creamos pueden ser de su inter\u00e9s.<\/p>\n<p>La publicidad difundida en medios electr\u00f3nicos de comunicaci\u00f3n a distancia no perjudicar\u00e1la moral o f\u00edsicamente a los menores y tendr\u00e1, por consiguiente:<\/p>\n<p>a) Identificar los contenidos dirigidos \u00fanicamente a adultos.<\/p>\n<p>b) No incitar\u00e1 directamente a los menores a la compra de un producto o servicio, explotando su inexperiencia o su credulidad, ni a que persuadan a sus padres o tutores, o a los padres o tutores de terceros, para que compren los productos o servicios de que se trate.<\/p>\n<p>c) En ning\u00fan caso explotar\u00e1 la especial confianza de los ni\u00f1os en sus padres o tutores, profesores u otras personas.<\/p>\n<p><strong>6. Cesi\u00f3n de datos personales<\/strong><br \/>\nDELGADO ZULETA S.A. no comunicar\u00e1 los datos de car\u00e1cter personal del Usuario a terceras empresas sin recabar su previo consentimiento, salvo que la cesi\u00f3n de sus datos fuese necesaria para el mantenimiento de la relaci\u00f3n con el Usuario. No obstante, en el caso de ser cedidos a alg\u00fan tercero se producir\u00eda una informaci\u00f3n previa a la recogida solicitando el consentimiento expreso del afectado.<\/p>\n<p><strong>7. Seguridad<\/strong><br \/>\nDELGADO ZULETA S.A. ha implementado y mantiene los m\u00e1s altos niveles de seguridad exigidos por la Ley para proteger los datos de car\u00e1cter personal del Usuario frente a p\u00e9rdidas fortuitas y a accesos, tratamientos o revelaciones no autorizados, habida cuenta del estado de la tecnolog\u00eda, la naturaleza de los datos almacenados y los riesgos a que est\u00e1n expuestos. No obstante, la transmisi\u00f3n de informaci\u00f3n a trav\u00e9s de Internet no es totalmente segura; por ello, y a pesar de que DELGADO ZULETA S.A. realizar\u00e1 sus mejores esfuerzos para proteger los datos del Usuario, no puede garantizar la seguridad de los mismos durante el tr\u00e1nsito hasta el Sitio Web. Toda la informaci\u00f3n que el Usuario facilite, se enviar\u00e1 por su cuenta y riesgo. Una vez recibidos los datos del Usuario, DELGADO ZULETA S.A. utilizar\u00e1 rigurosos procedimientos y funciones de seguridad para impedir cualquier acceso no autorizado.<\/p>\n<p><strong>8. Derechos de los usuarios<\/strong><br \/>\nTienes reconocidos los derechos de acceso, rectificaci\u00f3n, cancelaci\u00f3n y oposici\u00f3n, los cuales podr\u00e1s ejercitar gratuitamente. La forma m\u00e1s r\u00e1pida y sencilla de ejercicio de dichos derechos es accediendo a tu cuenta de usuario y directamente modificar tus datos o borrar tu cuenta de usuario. Cualquier informaci\u00f3n que necesitemos almacenar, en virtud de una obligaci\u00f3n legal o contractual, ser\u00e1 bloqueada y s\u00f3lo utilizada para dichos fines en lugar de ser borrada.<\/p>\n<p>As\u00edmismo puedes dirigirte para ejercer tus derechos a DELGADO ZULETA S.A. con CIF A-11000296 y con domicilio social en Av. Roc\u00edo Jurado, s\/n. 11540. Sanl\u00facar de Barrameda. C\u00c1DIZ.<\/p>\n<p><strong>9. Plugins sociales<\/strong><br \/>\nA trav\u00e9s de nuestra p\u00e1gina web puede acceder a las redes sociales Facebook, Twitter o Youtube de acceso abierto a todos los usuarios. Se trata de sitios web donde el usuario puede registrase y seguirnos gratuitamente. En estas redes sociales los usuarios podr\u00e1n conocer de nuestras actividades, opiniones, acceder a las fotos y v\u00eddeos. Los usuarios de estas redes sociales deben ser conscientes de que este lugar es independiente de la web www.delgadozuleta.com y est\u00e1 abierto, es decir, es visible para todos sus usuarios, y las pol\u00edticas de privacidad a aplicar a estos contenidos son las fijadas por Facebook, Twitter o Youtube. DELGADO ZULETA S.A. no es titular de las redes sociales.<\/p>","protected":false},"excerpt":{"rendered":"","protected":false},"author":943,"featured_media":0,"parent":0,"menu_order":0,"comment_status":"closed","ping_status":"closed","template":"","meta":{"inline_featured_image":false,"_uag_custom_page_level_css":"","site-sidebar-layout":"default","site-content-layout":"","ast-site-content-layout":"default","site-content-style":"default","site-sidebar-style":"default","ast-global-header-display":"","ast-banner-title-visibility":"","ast-main-header-display":"","ast-hfb-above-header-display":"","ast-hfb-below-header-display":"","ast-hfb-mobile-header-display":"","site-post-title":"","ast-breadcrumbs-content":"","ast-featured-img":"","footer-sml-layout":"","ast-disable-related-posts":"","theme-transparent-header-meta":"","adv-header-id-meta":"","stick-header-meta":"","header-above-stick-meta":"","header-main-stick-meta":"","header-below-stick-meta":"","astra-migrate-meta-layouts":"default","ast-page-background-enabled":"default","ast-page-background-meta":{"desktop":{"background-color":"var(--ast-global-color-5)","background-image":"","background-repeat":"repeat","background-position":"center center","background-size":"auto","background-attachment":"scroll","background-type":"","background-media":"","overlay-type":"","overlay-color":"","overlay-opacity":"","overlay-gradient":""},"tablet":{"background-color":"","background-image":"","background-repeat":"repeat","background-position":"center center","background-size":"auto","background-attachment":"scroll","background-type":"","background-media":"","overlay-type":"","overlay-color":"","overlay-opacity":"","overlay-gradient":""},"mobile":{"background-color":"","background-image":"","background-repeat":"repeat","background-position":"center center","background-size":"auto","background-attachment":"scroll","background-type":"","background-media":"","overlay-type":"","overlay-color":"","overlay-opacity":"","overlay-gradient":""}},"ast-content-background-meta":{"desktop":{"background-color":"var(--ast-global-color-4)","background-image":"","background-repeat":"repeat","background-position":"center center","background-size":"auto","background-attachment":"scroll","background-type":"","background-media":"","overlay-type":"","overlay-color":"","overlay-opacity":"","overlay-gradient":""},"tablet":{"background-color":"var(--ast-global-color-4)","background-image":"","background-repeat":"repeat","background-position":"center center","background-size":"auto","background-attachment":"scroll","background-type":"","background-media":"","overlay-type":"","overlay-color":"","overlay-opacity":"","overlay-gradient":""},"mobile":{"background-color":"var(--ast-global-color-4)","background-image":"","background-repeat":"repeat","background-position":"center center","background-size":"auto","background-attachment":"scroll","background-type":"","background-media":"","overlay-type":"","overlay-color":"","overlay-opacity":"","overlay-gradient":""}},"footnotes":""},"class_list":["post-9087","page","type-page","status-publish","hentry"],"yoast_head":"<!-- This site is optimized with the Yoast SEO plugin v27.3 - https:\/\/yoast.com\/product\/yoast-seo-wordpress\/ -->\n<title>Pol\u00edtica de privacidad - Bodega Delgado Zuleta<\/title>\n<meta name=\"robots\" content=\"index, follow, max-snippet:-1, max-image-preview:large, max-video-preview:-1\" \/>\n<link rel=\"canonical\" href=\"https:\/\/delgadozuleta.com\/en\/politica-privacidad\/\" \/>\n<meta property=\"og:locale\" content=\"en_US\" \/>\n<meta property=\"og:type\" content=\"article\" \/>\n<meta property=\"og:title\" content=\"Pol\u00edtica de privacidad - Bodega Delgado Zuleta\" \/>\n<meta property=\"og:url\" content=\"https:\/\/delgadozuleta.com\/en\/politica-privacidad\/\" \/>\n<meta property=\"og:site_name\" content=\"Bodega Delgado Zuleta\" \/>\n<meta property=\"article:modified_time\" content=\"2025-03-26T16:43:09+00:00\" \/>\n<meta name=\"twitter:card\" content=\"summary_large_image\" \/>\n<meta name=\"twitter:label1\" content=\"Est. reading time\" \/>\n\t<meta name=\"twitter:data1\" content=\"7 minutes\" \/>\n<script type=\"application\/ld+json\" class=\"yoast-schema-graph\">{\"@context\":\"https:\\\/\\\/schema.org\",\"@graph\":[{\"@type\":\"WebPage\",\"@id\":\"https:\\\/\\\/delgadozuleta.com\\\/politica-privacidad\\\/\",\"url\":\"https:\\\/\\\/delgadozuleta.com\\\/politica-privacidad\\\/\",\"name\":\"Pol\u00edtica de privacidad - Bodega Delgado Zuleta\",\"isPartOf\":{\"@id\":\"https:\\\/\\\/delgadozuleta.com\\\/#website\"},\"datePublished\":\"2023-12-12T10:38:10+00:00\",\"dateModified\":\"2025-03-26T16:43:09+00:00\",\"breadcrumb\":{\"@id\":\"https:\\\/\\\/delgadozuleta.com\\\/politica-privacidad\\\/#breadcrumb\"},\"inLanguage\":\"en-US\",\"potentialAction\":[{\"@type\":\"ReadAction\",\"target\":[\"https:\\\/\\\/delgadozuleta.com\\\/politica-privacidad\\\/\"]}]},{\"@type\":\"BreadcrumbList\",\"@id\":\"https:\\\/\\\/delgadozuleta.com\\\/politica-privacidad\\\/#breadcrumb\",\"itemListElement\":[{\"@type\":\"ListItem\",\"position\":1,\"name\":\"Portada\",\"item\":\"https:\\\/\\\/delgadozuleta.com\\\/\"},{\"@type\":\"ListItem\",\"position\":2,\"name\":\"Pol\u00edtica de privacidad\"}]},{\"@type\":\"WebSite\",\"@id\":\"https:\\\/\\\/delgadozuleta.com\\\/#website\",\"url\":\"https:\\\/\\\/delgadozuleta.com\\\/\",\"name\":\"Bodega Delgado Zuleta\",\"description\":\"Hist\u00f3rica bodega del Marco de Jerez especialista en la elaboraci\u00f3n de vinos generosos.\",\"publisher\":{\"@id\":\"https:\\\/\\\/delgadozuleta.com\\\/#organization\"},\"potentialAction\":[{\"@type\":\"SearchAction\",\"target\":{\"@type\":\"EntryPoint\",\"urlTemplate\":\"https:\\\/\\\/delgadozuleta.com\\\/?s={search_term_string}\"},\"query-input\":{\"@type\":\"PropertyValueSpecification\",\"valueRequired\":true,\"valueName\":\"search_term_string\"}}],\"inLanguage\":\"en-US\"},{\"@type\":\"Organization\",\"@id\":\"https:\\\/\\\/delgadozuleta.com\\\/#organization\",\"name\":\"Bodega Delgado Zuleta\",\"url\":\"https:\\\/\\\/delgadozuleta.com\\\/\",\"logo\":{\"@type\":\"ImageObject\",\"inLanguage\":\"en-US\",\"@id\":\"https:\\\/\\\/delgadozuleta.com\\\/#\\\/schema\\\/logo\\\/image\\\/\",\"url\":\"https:\\\/\\\/delgadozuleta.com\\\/wp-content\\\/uploads\\\/logo-transparente-300x133-1.png\",\"contentUrl\":\"https:\\\/\\\/delgadozuleta.com\\\/wp-content\\\/uploads\\\/logo-transparente-300x133-1.png\",\"width\":900,\"height\":400,\"caption\":\"Bodega Delgado Zuleta\"},\"image\":{\"@id\":\"https:\\\/\\\/delgadozuleta.com\\\/#\\\/schema\\\/logo\\\/image\\\/\"}}]}<\/script>\n<!-- \/ Yoast SEO plugin. -->","yoast_head_json":{"title":"Pol\u00edtica de privacidad - Bodega Delgado Zuleta","robots":{"index":"index","follow":"follow","max-snippet":"max-snippet:-1","max-image-preview":"max-image-preview:large","max-video-preview":"max-video-preview:-1"},"canonical":"https:\/\/delgadozuleta.com\/en\/politica-privacidad\/","og_locale":"en_US","og_type":"article","og_title":"Pol\u00edtica de privacidad - Bodega Delgado Zuleta","og_url":"https:\/\/delgadozuleta.com\/en\/politica-privacidad\/","og_site_name":"Bodega Delgado Zuleta","article_modified_time":"2025-03-26T16:43:09+00:00","twitter_card":"summary_large_image","twitter_misc":{"Est. reading time":"7 minutes"},"schema":{"@context":"https:\/\/schema.org","@graph":[{"@type":"WebPage","@id":"https:\/\/delgadozuleta.com\/politica-privacidad\/","url":"https:\/\/delgadozuleta.com\/politica-privacidad\/","name":"Pol\u00edtica de privacidad - Bodega Delgado Zuleta","isPartOf":{"@id":"https:\/\/delgadozuleta.com\/#website"},"datePublished":"2023-12-12T10:38:10+00:00","dateModified":"2025-03-26T16:43:09+00:00","breadcrumb":{"@id":"https:\/\/delgadozuleta.com\/politica-privacidad\/#breadcrumb"},"inLanguage":"en-US","potentialAction":[{"@type":"ReadAction","target":["https:\/\/delgadozuleta.com\/politica-privacidad\/"]}]},{"@type":"BreadcrumbList","@id":"https:\/\/delgadozuleta.com\/politica-privacidad\/#breadcrumb","itemListElement":[{"@type":"ListItem","position":1,"name":"Portada","item":"https:\/\/delgadozuleta.com\/"},{"@type":"ListItem","position":2,"name":"Pol\u00edtica de privacidad"}]},{"@type":"WebSite","@id":"https:\/\/delgadozuleta.com\/#website","url":"https:\/\/delgadozuleta.com\/","name":"Bodega Delgado Zuleta","description":"Hist\u00f3rica bodega del Marco de Jerez especialista en la elaboraci\u00f3n de vinos generosos.","publisher":{"@id":"https:\/\/delgadozuleta.com\/#organization"},"potentialAction":[{"@type":"SearchAction","target":{"@type":"EntryPoint","urlTemplate":"https:\/\/delgadozuleta.com\/?s={search_term_string}"},"query-input":{"@type":"PropertyValueSpecification","valueRequired":true,"valueName":"search_term_string"}}],"inLanguage":"en-US"},{"@type":"Organization","@id":"https:\/\/delgadozuleta.com\/#organization","name":"Bodega Delgado Zuleta","url":"https:\/\/delgadozuleta.com\/","logo":{"@type":"ImageObject","inLanguage":"en-US","@id":"https:\/\/delgadozuleta.com\/#\/schema\/logo\/image\/","url":"https:\/\/delgadozuleta.com\/wp-content\/uploads\/logo-transparente-300x133-1.png","contentUrl":"https:\/\/delgadozuleta.com\/wp-content\/uploads\/logo-transparente-300x133-1.png","width":900,"height":400,"caption":"Bodega Delgado Zuleta"},"image":{"@id":"https:\/\/delgadozuleta.com\/#\/schema\/logo\/image\/"}}]}},"uagb_featured_image_src":{"full":false,"thumbnail":false,"medium":false,"medium_large":false,"large":false,"1536x1536":false,"2048x2048":false,"trp-custom-language-flag":false,"woocommerce_thumbnail":false,"woocommerce_single":false,"woocommerce_gallery_thumbnail":false},"uagb_author_info":{"display_name":"BSINFOR EDUARDO","author_link":"https:\/\/delgadozuleta.com\/en\/blog\/author\/bsinfor\/"},"uagb_comment_info":0,"uagb_excerpt":null,"_links":{"self":[{"href":"https:\/\/delgadozuleta.com\/en\/wp-json\/wp\/v2\/pages\/9087","targetHints":{"allow":["GET"]}}],"collection":[{"href":"https:\/\/delgadozuleta.com\/en\/wp-json\/wp\/v2\/pages"}],"about":[{"href":"https:\/\/delgadozuleta.com\/en\/wp-json\/wp\/v2\/types\/page"}],"author":[{"embeddable":true,"href":"https:\/\/delgadozuleta.com\/en\/wp-json\/wp\/v2\/users\/943"}],"replies":[{"embeddable":true,"href":"https:\/\/delgadozuleta.com\/en\/wp-json\/wp\/v2\/comments?post=9087"}],"version-history":[{"count":2,"href":"https:\/\/delgadozuleta.com\/en\/wp-json\/wp\/v2\/pages\/9087\/revisions"}],"predecessor-version":[{"id":12204,"href":"https:\/\/delgadozuleta.com\/en\/wp-json\/wp\/v2\/pages\/9087\/revisions\/12204"}],"wp:attachment":[{"href":"https:\/\/delgadozuleta.com\/en\/wp-json\/wp\/v2\/media?parent=9087"}],"curies":[{"name":"wp","href":"https:\/\/api.w.org\/{rel}","templated":true}]}}