{"id":560,"date":"2015-12-01T12:09:07","date_gmt":"2015-12-01T12:09:07","guid":{"rendered":"http:\/\/develop.inicianet.eu:9092\/en\/mazanilla-de-sanlucar\/"},"modified":"2025-04-02T13:18:41","modified_gmt":"2025-04-02T12:18:41","slug":"manzanilla-de-sanlucar","status":"publish","type":"page","link":"https:\/\/delgadozuleta.com\/en\/manzanilla-de-sanlucar\/","title":{"rendered":"Manzanilla from Sanl\u00facar"},"content":{"rendered":"<div class=\"wp-block-uagb-container uagb-block-434c686f default uagb-is-root-container\"><div class=\"uagb-container__video-wrap\"><video autoplay loop muted playsinline><source src=\"https:\/\/delgadozuleta.com\/wp-content\/uploads\/header3.mp4\" type=\"video\/mp4\"\/><\/video><\/div>\n<div class=\"wp-block-uagb-container uagb-block-d1f36087\">\n<div class=\"wp-block-uagb-advanced-heading uagb-block-b8e7139a\"><h1 class=\"uagb-heading-text\">SANL\u00daCAR MANZANILLA<\/h1><\/div>\n<\/div>\n<\/div>\n\n\n\n<div class=\"wp-block-uagb-container uagb-block-d77f11e4 alignfull uagb-is-root-container\"><div class=\"uagb-container__shape uagb-container__shape-top\"><svg xmlns=\"https:\/\/www.w3.org\/2000\/svg\" viewbox=\"0 0 700 10\" preserveaspectratio=\"none\"><path class=\"uagb-container__shape-fill\" d=\"M350,10L340,0h20L350,10z\"><\/path><\/svg><\/div><div class=\"uagb-container__shape uagb-container__shape-bottom uagb-container__invert\" data-negative=\"false\"><svg xmlns=\"https:\/\/www.w3.org\/2000\/svg\" viewbox=\"0 0 1000 100\" preserveaspectratio=\"none\"><path class=\"uagb-container__shape-fill\" d=\"M421.9,6.5c22.6-2.5,51.5,0.4,75.5,5.3c23.6,4.9,70.9,23.5,100.5,35.7c75.8,32.2,133.7,44.5,192.6,49.7  c23.6,2.1,48.7,3.5,103.4-2.5c54.7-6,106.2-25.6,106.2-25.6V0H0v30.3c0,0,72,32.6,158.4,30.5c39.2-0.7,92.8-6.7,134-22.4  c21.2-8.1,52.2-18.2,79.7-24.2C399.3,7.9,411.6,7.5,421.9,6.5z\"><\/path><\/svg><\/div>\n<div class=\"wp-block-uagb-container uagb-block-e7e53233 alignfull uagb-is-root-container\"><div class=\"uagb-container-inner-blocks-wrap\">\n<div class=\"wp-block-uagb-container uagb-block-7a56bf2a\">\n<div class=\"wp-block-uagb-advanced-heading uagb-block-04c28e9a\"><h2 class=\"uagb-heading-text\"><h6 style=\"font-family: 'Oswald',Helvetica,Arial,Lucida,sans-serif;font-weight:300;color:#000;letter-spacing:6px;padding-top:5%\">AN EXCLUSIVE TREASURE OF OUR<\/h6> <\/h2><\/div>\n\n\n\n<div class=\"wp-block-uagb-advanced-heading uagb-block-0cf77c84\"><h2 class=\"uagb-heading-text\"><h2 style=\"font-size:100px\">LAND<\/h2><\/h2><\/div>\n<\/div>\n<\/div><\/div>\n\n\n\n<div class=\"wp-block-uagb-container uagb-block-107ef1d6 alignfull uagb-is-root-container\"><div class=\"uagb-container-inner-blocks-wrap\">\n<div class=\"wp-block-uagb-container uagb-block-928d6b22 default uagb-is-root-container\">\n<div class=\"wp-block-uagb-container uagb-block-ffd7d5a2\">\n<p>Few wines are as closely tied to a region, an identity, a way of understanding life as Sanl\u00facar's manzanilla.&nbsp;<strong>To say \"manzanilla\" is to say \"Sanl\u00facar,\" and to say \"Sanl\u00facar\" is to say \"manzanilla.<\/strong>It's a wine of joy, of sharing, of enjoyment. A wine of light, of the sea, of the breeze. A unique wine that can only be found in this singular and beautiful corner of the world.<\/p>\n\n\n\n<p>Porque para que la manzanilla exista tiene que haber Do\u00f1ana, Bajo de Gu\u00eda, vientos de poniente, uva palomino, tierras albarizas. Tiene que haber bodegas centenarias, con complejos sistemas de criaderas y soleras, tiene que haber botas veteranas extra\u00f1amente medio llenas-medio vac\u00edas y tiene que pasar el tiempo, mucho tiempo, en penumbra y silencio. Tiene que haber sabios y viejos capataces que sepan mantener la vida de un misterioso jard\u00edn de levaduras, un hermoso velo de flor que sobrevive en un azaroso equilibrio entre sacas, registros y roc\u00edos. Por todo eso, y mucho m\u00e1s, la manzanilla de Sanl\u00facar es un vino \u00fanico en el mundo<\/p>\n\n\n\n<div class=\"wp-block-uagb-image uagb-block-99d73597 wp-block-uagb-image--layout-default wp-block-uagb-image--effect-static wp-block-uagb-image--align-none\"><figure class=\"wp-block-uagb-image__figure\"><img decoding=\"async\" srcset=\"https:\/\/delgadozuleta.com\/wp-content\/uploads\/272450934_5385557478139704_3554718548402069941_n-1.jpg ,https:\/\/delgadozuleta.com\/wp-content\/uploads\/272450934_5385557478139704_3554718548402069941_n-1.jpg 780w, https:\/\/delgadozuleta.com\/wp-content\/uploads\/272450934_5385557478139704_3554718548402069941_n-1.jpg 360w\" sizes=\"auto, (max-width: 480px) 150px\" src=\"https:\/\/delgadozuleta.com\/wp-content\/uploads\/272450934_5385557478139704_3554718548402069941_n-1.jpg\" alt=\"\" class=\"uag-image-11883\" width=\"2048\" height=\"1536\" title=\"272450934_5385557478139704_3554718548402069941_n\" loading=\"lazy\" role=\"img\"\/><\/figure><\/div>\n<\/div>\n\n\n\n<div class=\"wp-block-uagb-container uagb-block-1b1d4a75\">\n<div class=\"wp-block-uagb-image uagb-block-fb4891dc wp-block-uagb-image--layout-default wp-block-uagb-image--effect-static wp-block-uagb-image--align-none\"><figure class=\"wp-block-uagb-image__figure\"><img decoding=\"async\" srcset=\"https:\/\/delgadozuleta.com\/wp-content\/uploads\/275246595_5521928754502575_6414032132184008147_n-1.jpg ,https:\/\/delgadozuleta.com\/wp-content\/uploads\/275246595_5521928754502575_6414032132184008147_n-1.jpg 780w, https:\/\/delgadozuleta.com\/wp-content\/uploads\/275246595_5521928754502575_6414032132184008147_n-1.jpg 360w\" sizes=\"auto, (max-width: 480px) 150px\" src=\"https:\/\/delgadozuleta.com\/wp-content\/uploads\/275246595_5521928754502575_6414032132184008147_n-1.jpg\" alt=\"\" class=\"uag-image-11881\" width=\"2048\" height=\"1536\" title=\"275246595_5521928754502575_6414032132184008147_n\" loading=\"lazy\" role=\"img\"\/><\/figure><\/div>\n\n\n\n<p>At Delgado Zuleta we have been making manzanilla since 1744. Logically we have modernized some processes, especially from the finished wine, but in the prolonged production and aging phase, which can extend up to 10 years in some of our past manzanillas, The most ancient winemaking arts and techniques continue to be respected.<\/p>\n\n\n\n<p>As a result, an authentic Sanluque\u00f1a manzanilla, made in the most traditional way. Golden, aromatic, tasty, it evokes the Sun, the sea, the South. Perfect as an aperitif, an elegant complement with Iberian meats, soft cheeses, fried fish or seafood stews. A wine to enjoy.<\/p>\n<\/div>\n<\/div>\n<\/div><\/div>\n<\/div>\n\n\n\n<div data-aos= \"fade-right\" data-aos-duration=\"400\" data-aos-delay=\"0\" data-aos-easing=\"ease\" data-aos-once=\"true\" class=\"wp-block-uagb-container uagb-block-f54a729e alignfull uagb-is-root-container\"><div class=\"uagb-container-inner-blocks-wrap\">\n<div class=\"wp-block-uagb-container uagb-block-5399c38a\"><\/div>\n\n\n\n<div class=\"wp-block-uagb-container uagb-block-2d691ff2\">\n<div class=\"wp-block-uagb-container uagb-block-1f47a3eb\">\n<div class=\"wp-block-uagb-advanced-heading uagb-block-5a7b0047\"><h2 class=\"uagb-heading-text\">LA MANZANILLA<\/h2><\/div>\n\n\n\n<div class=\"wp-block-uagb-advanced-heading uagb-block-aa828b6e\"><h3 class=\"uagb-heading-text\">FINA<\/h3><\/div>\n\n\n\n<p class=\"has-text-align-center\" style=\"font-size:20px\">Vinos sometidos a prolongados periodos de crianza, que pueden alcanzar hasta una d\u00e9cada completa. A la vista son doradas, con aromas complejos y potentes y equilibrio entre el frescor y la intensidad, con un caracter\u00edstico final ligeramente salino pero muy persistente.<\/p>\n<\/div>\n<\/div>\n<\/div><\/div>\n\n\n\n<div data-aos= \"fade-left\" data-aos-duration=\"400\" data-aos-delay=\"0\" data-aos-easing=\"ease\" data-aos-once=\"true\" class=\"wp-block-uagb-container uagb-block-a37d6eb5 alignfull uagb-is-root-container\"><div class=\"uagb-container-inner-blocks-wrap\">\n<div class=\"wp-block-uagb-container uagb-block-1fbe657b\">\n<div class=\"wp-block-uagb-container uagb-block-0fc9ab63\">\n<div class=\"wp-block-uagb-advanced-heading uagb-block-1a36ab8c\"><h2 class=\"uagb-heading-text\">LA MANZANILLA<\/h2><\/div>\n\n\n\n<div class=\"wp-block-uagb-advanced-heading uagb-block-a610b97e\"><h3 class=\"uagb-heading-text\">PASADA<\/h3><\/div>\n\n\n\n<p class=\"has-text-align-center\" style=\"font-size:20px\">Vinos sometidos a prolongados periodos de crianza, que pueden alcanzar hasta una d\u00e9cada completa. A la vista son doradas, con aromas complejos y potentes y equilibrio entre el frescor y la intensidad, con un caracter\u00edstico final ligeramente salino pero muy persistente.<\/p>\n<\/div>\n<\/div>\n\n\n\n<div class=\"wp-block-uagb-container uagb-block-f3b66f2f\">\n<div class=\"wp-block-uagb-image uagb-block-6dc35289 wp-block-uagb-image--layout-default wp-block-uagb-image--effect-static wp-block-uagb-image--align-none\"><figure class=\"wp-block-uagb-image__figure\"><img decoding=\"async\" srcset=\"https:\/\/delgadozuleta.com\/wp-content\/uploads\/fina-1-1.jpg ,https:\/\/delgadozuleta.com\/wp-content\/uploads\/fina-1-1.jpg 780w, https:\/\/delgadozuleta.com\/wp-content\/uploads\/fina-1-1.jpg 360w\" sizes=\"auto, (max-width: 480px) 150px\" src=\"https:\/\/delgadozuleta.com\/wp-content\/uploads\/fina-1-1.jpg\" alt=\"\" class=\"uag-image-11899\" width=\"1280\" height=\"700\" title=\"fina-1\" loading=\"lazy\" role=\"img\"\/><\/figure><\/div>\n<\/div>\n<\/div><\/div>\n\n\n\n<div data-aos= \"fade-right\" data-aos-duration=\"400\" data-aos-delay=\"0\" data-aos-easing=\"ease\" data-aos-once=\"true\" class=\"wp-block-uagb-container uagb-block-a947057a alignfull uagb-is-root-container\"><div class=\"uagb-container-inner-blocks-wrap\">\n<div class=\"wp-block-uagb-container uagb-block-6d1783a0\"><div class=\"uagb-container__video-wrap\"><video autoplay loop muted playsinline><source src=\"https:\/\/delgadozuleta.com\/wp-content\/uploads\/manzanilla-en-rama.mp4\" type=\"video\/mp4\"\/><\/video><\/div><\/div>\n\n\n\n<div class=\"wp-block-uagb-container uagb-block-36f280ee\">\n<div class=\"wp-block-uagb-container uagb-block-a0eb6c8a\">\n<div class=\"wp-block-uagb-advanced-heading uagb-block-0f002be4\"><h2 class=\"uagb-heading-text\">LA EXCELENCIA<\/h2><\/div>\n\n\n\n<div class=\"wp-block-uagb-advanced-heading uagb-block-19009d03\"><h3 class=\"uagb-heading-text\">EN RAMA<\/h3><\/div>\n\n\n\n<p class=\"has-text-align-center\" style=\"font-size:20px\">Vinos embotellados directamente de la bota en su estado natural. Lo m\u00e1s cercano a catar la manzanilla venenciada en la bodega. Vinos aut\u00e9nticos, expresivos, tradicionales. Reflejos dorados a la vista, con una nariz punzante y una boca untuosa, potente y deliciosa.<\/p>\n<\/div>\n<\/div>\n<\/div><\/div>","protected":false},"excerpt":{"rendered":"<p>MANZANILLA DE SANL\u00daCAR UN TESORO EXCLUSIVO DE NUESTRA TIERRA Pocos vinos hay tan ligados a un territorio, a una identidad, [&hellip;]<\/p>\n","protected":false},"author":943,"featured_media":0,"parent":0,"menu_order":0,"comment_status":"closed","ping_status":"closed","template":"","meta":{"inline_featured_image":false,"_uag_custom_page_level_css":"\n\n","site-sidebar-layout":"default","site-content-layout":"","ast-site-content-layout":"full-width-container","site-content-style":"unboxed","site-sidebar-style":"default","ast-global-header-display":"","ast-banner-title-visibility":"","ast-main-header-display":"","ast-hfb-above-header-display":"","ast-hfb-below-header-display":"","ast-hfb-mobile-header-display":"","site-post-title":"disabled","ast-breadcrumbs-content":"","ast-featured-img":"","footer-sml-layout":"","ast-disable-related-posts":"","theme-transparent-header-meta":"","adv-header-id-meta":"","stick-header-meta":"","header-above-stick-meta":"","header-main-stick-meta":"","header-below-stick-meta":"","astra-migrate-meta-layouts":"default","ast-page-background-enabled":"default","ast-page-background-meta":{"desktop":{"background-color":"var(--ast-global-color-5)","background-image":"","background-repeat":"repeat","background-position":"center center","background-size":"auto","background-attachment":"scroll","background-type":"","background-media":"","overlay-type":"","overlay-color":"","overlay-opacity":"","overlay-gradient":""},"tablet":{"background-color":"","background-image":"","background-repeat":"repeat","background-position":"center center","background-size":"auto","background-attachment":"scroll","background-type":"","background-media":"","overlay-type":"","overlay-color":"","overlay-opacity":"","overlay-gradient":""},"mobile":{"background-color":"","background-image":"","background-repeat":"repeat","background-position":"center center","background-size":"auto","background-attachment":"scroll","background-type":"","background-media":"","overlay-type":"","overlay-color":"","overlay-opacity":"","overlay-gradient":""}},"ast-content-background-meta":{"desktop":{"background-color":"var(--ast-global-color-4)","background-image":"","background-repeat":"repeat","background-position":"center center","background-size":"auto","background-attachment":"scroll","background-type":"","background-media":"","overlay-type":"","overlay-color":"","overlay-opacity":"","overlay-gradient":""},"tablet":{"background-color":"var(--ast-global-color-4)","background-image":"","background-repeat":"repeat","background-position":"center center","background-size":"auto","background-attachment":"scroll","background-type":"","background-media":"","overlay-type":"","overlay-color":"","overlay-opacity":"","overlay-gradient":""},"mobile":{"background-color":"var(--ast-global-color-4)","background-image":"","background-repeat":"repeat","background-position":"center center","background-size":"auto","background-attachment":"scroll","background-type":"","background-media":"","overlay-type":"","overlay-color":"","overlay-opacity":"","overlay-gradient":""}},"footnotes":""},"class_list":["post-560","page","type-page","status-publish","hentry"],"yoast_head":"<!-- This site is optimized with the Yoast SEO plugin v27.3 - https:\/\/yoast.com\/product\/yoast-seo-wordpress\/ -->\n<title>Manzanilla de Sanl\u00facar - Bodega Delgado Zuleta<\/title>\n<meta name=\"robots\" content=\"index, follow, max-snippet:-1, max-image-preview:large, max-video-preview:-1\" \/>\n<link rel=\"canonical\" href=\"https:\/\/delgadozuleta.com\/en\/manzanilla-de-sanlucar\/\" \/>\n<meta property=\"og:locale\" content=\"en_US\" \/>\n<meta property=\"og:type\" content=\"article\" \/>\n<meta property=\"og:title\" content=\"Manzanilla de Sanl\u00facar - Bodega Delgado Zuleta\" \/>\n<meta property=\"og:description\" content=\"MANZANILLA DE SANL\u00daCAR UN TESORO EXCLUSIVO DE NUESTRA TIERRA Pocos vinos hay tan ligados a un territorio, a una identidad, [&hellip;]\" \/>\n<meta property=\"og:url\" content=\"https:\/\/delgadozuleta.com\/en\/manzanilla-de-sanlucar\/\" \/>\n<meta property=\"og:site_name\" content=\"Bodega Delgado Zuleta\" \/>\n<meta property=\"article:modified_time\" content=\"2025-04-02T12:18:41+00:00\" \/>\n<meta property=\"og:image\" content=\"https:\/\/delgadozuleta.com\/wp-content\/uploads\/272450934_5385557478139704_3554718548402069941_n-1.jpg\" \/>\n<meta name=\"twitter:card\" content=\"summary_large_image\" \/>\n<meta name=\"twitter:label1\" content=\"Est. reading time\" \/>\n\t<meta name=\"twitter:data1\" content=\"3 minutes\" \/>\n<script type=\"application\/ld+json\" class=\"yoast-schema-graph\">{\"@context\":\"https:\\\/\\\/schema.org\",\"@graph\":[{\"@type\":\"WebPage\",\"@id\":\"https:\\\/\\\/delgadozuleta.com\\\/manzanilla-de-sanlucar\\\/\",\"url\":\"https:\\\/\\\/delgadozuleta.com\\\/manzanilla-de-sanlucar\\\/\",\"name\":\"Manzanilla de Sanl\u00facar - Bodega Delgado Zuleta\",\"isPartOf\":{\"@id\":\"https:\\\/\\\/delgadozuleta.com\\\/#website\"},\"primaryImageOfPage\":{\"@id\":\"https:\\\/\\\/delgadozuleta.com\\\/manzanilla-de-sanlucar\\\/#primaryimage\"},\"image\":{\"@id\":\"https:\\\/\\\/delgadozuleta.com\\\/manzanilla-de-sanlucar\\\/#primaryimage\"},\"thumbnailUrl\":\"https:\\\/\\\/delgadozuleta.com\\\/wp-content\\\/uploads\\\/272450934_5385557478139704_3554718548402069941_n-1.jpg\",\"datePublished\":\"2015-12-01T12:09:07+00:00\",\"dateModified\":\"2025-04-02T12:18:41+00:00\",\"breadcrumb\":{\"@id\":\"https:\\\/\\\/delgadozuleta.com\\\/manzanilla-de-sanlucar\\\/#breadcrumb\"},\"inLanguage\":\"en-US\",\"potentialAction\":[{\"@type\":\"ReadAction\",\"target\":[\"https:\\\/\\\/delgadozuleta.com\\\/manzanilla-de-sanlucar\\\/\"]}]},{\"@type\":\"ImageObject\",\"inLanguage\":\"en-US\",\"@id\":\"https:\\\/\\\/delgadozuleta.com\\\/manzanilla-de-sanlucar\\\/#primaryimage\",\"url\":\"https:\\\/\\\/delgadozuleta.com\\\/wp-content\\\/uploads\\\/272450934_5385557478139704_3554718548402069941_n-1.jpg\",\"contentUrl\":\"https:\\\/\\\/delgadozuleta.com\\\/wp-content\\\/uploads\\\/272450934_5385557478139704_3554718548402069941_n-1.jpg\"},{\"@type\":\"BreadcrumbList\",\"@id\":\"https:\\\/\\\/delgadozuleta.com\\\/manzanilla-de-sanlucar\\\/#breadcrumb\",\"itemListElement\":[{\"@type\":\"ListItem\",\"position\":1,\"name\":\"Portada\",\"item\":\"https:\\\/\\\/delgadozuleta.com\\\/\"},{\"@type\":\"ListItem\",\"position\":2,\"name\":\"Manzanilla de Sanl\u00facar\"}]},{\"@type\":\"WebSite\",\"@id\":\"https:\\\/\\\/delgadozuleta.com\\\/#website\",\"url\":\"https:\\\/\\\/delgadozuleta.com\\\/\",\"name\":\"Bodega Delgado Zuleta\",\"description\":\"Hist\u00f3rica bodega del Marco de Jerez especialista en la elaboraci\u00f3n de vinos generosos.\",\"publisher\":{\"@id\":\"https:\\\/\\\/delgadozuleta.com\\\/#organization\"},\"potentialAction\":[{\"@type\":\"SearchAction\",\"target\":{\"@type\":\"EntryPoint\",\"urlTemplate\":\"https:\\\/\\\/delgadozuleta.com\\\/?s={search_term_string}\"},\"query-input\":{\"@type\":\"PropertyValueSpecification\",\"valueRequired\":true,\"valueName\":\"search_term_string\"}}],\"inLanguage\":\"en-US\"},{\"@type\":\"Organization\",\"@id\":\"https:\\\/\\\/delgadozuleta.com\\\/#organization\",\"name\":\"Bodega Delgado Zuleta\",\"url\":\"https:\\\/\\\/delgadozuleta.com\\\/\",\"logo\":{\"@type\":\"ImageObject\",\"inLanguage\":\"en-US\",\"@id\":\"https:\\\/\\\/delgadozuleta.com\\\/#\\\/schema\\\/logo\\\/image\\\/\",\"url\":\"https:\\\/\\\/delgadozuleta.com\\\/wp-content\\\/uploads\\\/logo-transparente-300x133-1.png\",\"contentUrl\":\"https:\\\/\\\/delgadozuleta.com\\\/wp-content\\\/uploads\\\/logo-transparente-300x133-1.png\",\"width\":900,\"height\":400,\"caption\":\"Bodega Delgado Zuleta\"},\"image\":{\"@id\":\"https:\\\/\\\/delgadozuleta.com\\\/#\\\/schema\\\/logo\\\/image\\\/\"}}]}<\/script>\n<!-- \/ Yoast SEO plugin. -->","yoast_head_json":{"title":"Manzanilla de Sanl\u00facar - Bodega Delgado Zuleta","robots":{"index":"index","follow":"follow","max-snippet":"max-snippet:-1","max-image-preview":"max-image-preview:large","max-video-preview":"max-video-preview:-1"},"canonical":"https:\/\/delgadozuleta.com\/en\/manzanilla-de-sanlucar\/","og_locale":"en_US","og_type":"article","og_title":"Manzanilla de Sanl\u00facar - Bodega Delgado Zuleta","og_description":"MANZANILLA DE SANL\u00daCAR UN TESORO EXCLUSIVO DE NUESTRA TIERRA Pocos vinos hay tan ligados a un territorio, a una identidad, [&hellip;]","og_url":"https:\/\/delgadozuleta.com\/en\/manzanilla-de-sanlucar\/","og_site_name":"Bodega Delgado Zuleta","article_modified_time":"2025-04-02T12:18:41+00:00","og_image":[{"url":"https:\/\/delgadozuleta.com\/wp-content\/uploads\/272450934_5385557478139704_3554718548402069941_n-1.jpg","type":"","width":"","height":""}],"twitter_card":"summary_large_image","twitter_misc":{"Est. reading time":"3 minutes"},"schema":{"@context":"https:\/\/schema.org","@graph":[{"@type":"WebPage","@id":"https:\/\/delgadozuleta.com\/manzanilla-de-sanlucar\/","url":"https:\/\/delgadozuleta.com\/manzanilla-de-sanlucar\/","name":"Manzanilla de Sanl\u00facar - Bodega Delgado Zuleta","isPartOf":{"@id":"https:\/\/delgadozuleta.com\/#website"},"primaryImageOfPage":{"@id":"https:\/\/delgadozuleta.com\/manzanilla-de-sanlucar\/#primaryimage"},"image":{"@id":"https:\/\/delgadozuleta.com\/manzanilla-de-sanlucar\/#primaryimage"},"thumbnailUrl":"https:\/\/delgadozuleta.com\/wp-content\/uploads\/272450934_5385557478139704_3554718548402069941_n-1.jpg","datePublished":"2015-12-01T12:09:07+00:00","dateModified":"2025-04-02T12:18:41+00:00","breadcrumb":{"@id":"https:\/\/delgadozuleta.com\/manzanilla-de-sanlucar\/#breadcrumb"},"inLanguage":"en-US","potentialAction":[{"@type":"ReadAction","target":["https:\/\/delgadozuleta.com\/manzanilla-de-sanlucar\/"]}]},{"@type":"ImageObject","inLanguage":"en-US","@id":"https:\/\/delgadozuleta.com\/manzanilla-de-sanlucar\/#primaryimage","url":"https:\/\/delgadozuleta.com\/wp-content\/uploads\/272450934_5385557478139704_3554718548402069941_n-1.jpg","contentUrl":"https:\/\/delgadozuleta.com\/wp-content\/uploads\/272450934_5385557478139704_3554718548402069941_n-1.jpg"},{"@type":"BreadcrumbList","@id":"https:\/\/delgadozuleta.com\/manzanilla-de-sanlucar\/#breadcrumb","itemListElement":[{"@type":"ListItem","position":1,"name":"Portada","item":"https:\/\/delgadozuleta.com\/"},{"@type":"ListItem","position":2,"name":"Manzanilla de Sanl\u00facar"}]},{"@type":"WebSite","@id":"https:\/\/delgadozuleta.com\/#website","url":"https:\/\/delgadozuleta.com\/","name":"Bodega Delgado Zuleta","description":"Hist\u00f3rica bodega del Marco de Jerez especialista en la elaboraci\u00f3n de vinos generosos.","publisher":{"@id":"https:\/\/delgadozuleta.com\/#organization"},"potentialAction":[{"@type":"SearchAction","target":{"@type":"EntryPoint","urlTemplate":"https:\/\/delgadozuleta.com\/?s={search_term_string}"},"query-input":{"@type":"PropertyValueSpecification","valueRequired":true,"valueName":"search_term_string"}}],"inLanguage":"en-US"},{"@type":"Organization","@id":"https:\/\/delgadozuleta.com\/#organization","name":"Bodega Delgado Zuleta","url":"https:\/\/delgadozuleta.com\/","logo":{"@type":"ImageObject","inLanguage":"en-US","@id":"https:\/\/delgadozuleta.com\/#\/schema\/logo\/image\/","url":"https:\/\/delgadozuleta.com\/wp-content\/uploads\/logo-transparente-300x133-1.png","contentUrl":"https:\/\/delgadozuleta.com\/wp-content\/uploads\/logo-transparente-300x133-1.png","width":900,"height":400,"caption":"Bodega Delgado Zuleta"},"image":{"@id":"https:\/\/delgadozuleta.com\/#\/schema\/logo\/image\/"}}]}},"uagb_featured_image_src":{"full":false,"thumbnail":false,"medium":false,"medium_large":false,"large":false,"1536x1536":false,"2048x2048":false,"trp-custom-language-flag":false,"woocommerce_thumbnail":false,"woocommerce_single":false,"woocommerce_gallery_thumbnail":false},"uagb_author_info":{"display_name":"BSINFOR EDUARDO","author_link":"https:\/\/delgadozuleta.com\/en\/blog\/author\/bsinfor\/"},"uagb_comment_info":0,"uagb_excerpt":"MANZANILLA DE SANL\u00daCAR UN TESORO EXCLUSIVO DE NUESTRA TIERRA Pocos vinos hay tan ligados a un territorio, a una identidad, [&hellip;]","_links":{"self":[{"href":"https:\/\/delgadozuleta.com\/en\/wp-json\/wp\/v2\/pages\/560","targetHints":{"allow":["GET"]}}],"collection":[{"href":"https:\/\/delgadozuleta.com\/en\/wp-json\/wp\/v2\/pages"}],"about":[{"href":"https:\/\/delgadozuleta.com\/en\/wp-json\/wp\/v2\/types\/page"}],"author":[{"embeddable":true,"href":"https:\/\/delgadozuleta.com\/en\/wp-json\/wp\/v2\/users\/943"}],"replies":[{"embeddable":true,"href":"https:\/\/delgadozuleta.com\/en\/wp-json\/wp\/v2\/comments?post=560"}],"version-history":[{"count":36,"href":"https:\/\/delgadozuleta.com\/en\/wp-json\/wp\/v2\/pages\/560\/revisions"}],"predecessor-version":[{"id":12397,"href":"https:\/\/delgadozuleta.com\/en\/wp-json\/wp\/v2\/pages\/560\/revisions\/12397"}],"wp:attachment":[{"href":"https:\/\/delgadozuleta.com\/en\/wp-json\/wp\/v2\/media?parent=560"}],"curies":[{"name":"wp","href":"https:\/\/api.w.org\/{rel}","templated":true}]}}