{"id":165,"date":"2015-12-02T10:22:09","date_gmt":"2015-12-02T10:22:09","guid":{"rendered":"http:\/\/develop.inicianet.eu:9092\/?page_id=165"},"modified":"2025-03-27T13:16:11","modified_gmt":"2025-03-27T12:16:11","slug":"politica-de-cookies","status":"publish","type":"page","link":"https:\/\/delgadozuleta.com\/en\/politica-de-cookies\/","title":{"rendered":"Cookies policy"},"content":{"rendered":"\n<div class=\"wp-block-uagb-container uagb-block-bfe05bb1 alignfull uagb-is-root-container\"><div class=\"uagb-container-inner-blocks-wrap\">\n<div class=\"page-politica-cookies\">\n<h1 class=\"entry-title main_title\">Pol\u00edtica de Cookies<\/h1>\n<div class=\"entry-content\">\n<div class=\"page-politica-cookies\">\n<p class=\"titulo\">Pol\u00edtica de Cookies<\/p>\n<p>Te agradecemos que hayas decidido visitarnos. Queremos que tu experiencia en el sitio sea lo mejor posible, y por ese motivo hemos escrito esta Pol\u00edtica de Cookies de la forma m\u00e1s transparente posible.<\/p>\n<p>\u00bfConsiente el uso de cookies en este sitio web? Te solicitamos su permiso para recabar datos estad\u00edsticos an\u00f3nimos durante su navegaci\u00f3n en este sitio web, conforme al Real Decreto-Ley 13\/2012. La navegaci\u00f3n en la web implica su consentimiento para hacer uso de las mismas. Para m\u00e1s informaci\u00f3n consulte la pol\u00edtica de cookies que describimos a continuaci\u00f3n.<\/p>\n<p class=\"subtitulo\">\u00bfQu\u00e9 es una Cookie?<\/p>\n<p>En primer lugar queremos informar que una cookie no es un virus inform\u00e1tico, ni similar para buscar un perjuicio en el dispositivo de la persona que autoriza su uso. No hay nada de malo en ellas.<\/p>\n<p>Una cookie es un peque\u00f1o fichero de letras y cifras que se descarga en su ordenador al acceder a determinados sitios web. Las cookies permiten a un sitio web reconocer el navegador de un usuario y no contienen ni recopilan informaci\u00f3n personal.<\/p>\n<p>Su finalidad principal es reconocer al usuario cada vez que accede a la web nos permite, adem\u00e1s, mejorar la calidad y la usabilidad de nuestra web.<\/p>\n<p>Las cookies son esenciales para el funcionamiento de Internet; no pueden da\u00f1ar el equipo\/dispositivo del usuario y, si se encuentran activadas en la configuraci\u00f3n de tu navegador, nos ayudan a identificar y resolver posibles errores de funcionamiento de la web.<\/p>\n<p class=\"subtitulo\">Tipos de Cookies<\/p>\n<p>El Sitio Web tiene distintos tipos de cookies. Todas ellas trabajar de la misma manera, pero tienen peque\u00f1as diferencias:<\/p>\n<ul class=\"list-items\">\n<li><span class=\"underline\">Cookies de Sesi\u00f3n:<\/span>&nbsp;Las cookies de sesi\u00f3n duran solamente por la duraci\u00f3n de tu visita y se borran cuando cierras el navegador. Su finalidad principal es identificar el tipo de dispositivo, apoyar la seguridad sitio web o su funcionalidad b\u00e1sica. No contienen informaci\u00f3n personal que nos permita identificar a una persona.<\/li>\n<li><span class=\"underline\">Cookies Persistentes o Permanentes:<\/span>&nbsp;Se almacenan en el disco duro del dispositivo y nuestra web las lee cada vez que realizas una nueva visita en el Sitio Web; posee una fecha de caducidad o expiraci\u00f3n determinada, cumplida la cual la cookie deja de funcionar. Nos permiten identificar tus acciones y preferencias; analizar las visitas y nos ayudan a comprender c\u00f3mo llegan los usuarios a nuestra p\u00e1gina y mejorar nuestros servicios.<\/li>\n<li><span class=\"underline\">Cookies de Funcionalidad:<\/span>Permiten al Sitio Web recordar decisiones adoptadas por el usuario, como su login o identificador. La informaci\u00f3n de estas cookies que se recogen se anonimiza (es decir, no contiene ni tu nombre, direcci\u00f3n, u otros datos).<\/li>\n<li><span class=\"underline\">Cookies de Terceros:&nbsp;<\/span>Las cookies de terceros son las cookies que instala un sitio web que no es el que est\u00e1s visitando; por ejemplo, las usadas por redes sociales (como Facebook) o por complementos externos de contenido (como Google Maps). Adem\u00e1s, algunas empresas de publicidad usan este tipo de archivos para realizar un seguimiento de tus visitas en cada sitio en el que se anuncian.<\/li>\n<li><span class=\"underline\">Cookies Anal\u00edticas:&nbsp;<\/span>Son cookies que tienen por finalidad el mantenimiento peri\u00f3dico y garantizar el mejor funcionamiento y servicio al usuario; recopilando datos de tu actividad.<\/li>\n<\/ul>\n<p class=\"subtitulo\">Uso de Cookies por parte del Sitio Web<\/p>\n<p>Mediante la navegaci\u00f3n del Sitio Web, aceptas de manera expresa que podamos usar este tipo de cookies en tus dispositivos. Si desactivas las cookies, puede que tu navegaci\u00f3n por el Sitio Web no sea \u00f3ptima y algunas de las utilidades que dispone no funcionen correctamente.<\/p>\n<p>A continuaci\u00f3n te indicamos las cookies que usamos y su finalidad:<\/p>\n<div class=\"table-responsive\">\n<table class=\"tg\"><colgroup> <col> <col> <col> <col> <col> <col><\/colgroup>\n<tbody>\n<tr>\n<th class=\"tg-hgcj\">Nombre cookie<\/th>\n<th class=\"tg-hgcj\">Tipo de cookie<\/th>\n<th class=\"tg-hgcj\">Origen<\/th>\n<th class=\"tg-hgcj\">Fecha Expiraci\u00f3n<\/th>\n<th class=\"tg-hgcj\">Finalidad<\/th>\n<th class=\"tg-hgcj\">Descripci\u00f3n<\/th>\n<\/tr>\n<tr>\n<td class=\"tg-s6z2\">_ga<\/td>\n<td class=\"tg-s6z2\">Cookie de terceros<\/td>\n<td class=\"tg-s6z2\">Google<\/td>\n<td class=\"tg-s6z2\">2 a\u00f1os<\/td>\n<td class=\"tg-s6z2\">Anal\u00edtica y seguimiento<\/td>\n<td class=\"tg-s6z2\">Se usa para distinguir a los usuarios<\/td>\n<\/tr>\n<tr>\n<td class=\"tg-s6z2\">__utma<\/td>\n<td class=\"tg-s6z2\">Cookie de terceros<\/td>\n<td class=\"tg-s6z2\">Google<\/td>\n<td class=\"tg-s6z2\">2 a\u00f1os<\/td>\n<td class=\"tg-s6z2\">Anal\u00edtica y seguimiento<\/td>\n<td class=\"tg-s6z2\">Se usa para distinguir usuarios y sesiones. La cookie se actualiza cada vez que los datos de tiempo se env\u00edan a Google Analytics.<\/td>\n<\/tr>\n<tr>\n<td class=\"tg-s6z2\">__utmb<\/td>\n<td class=\"tg-s6z2\">Cookie de terceros<\/td>\n<td class=\"tg-s6z2\">Google<\/td>\n<td class=\"tg-s6z2\">30 minutos<\/td>\n<td class=\"tg-s6z2\">Anal\u00edtica y seguimiento<\/td>\n<td class=\"tg-s6z2\">Se usa para determinar nuevas sesiones o visitas. La cookie se actualiza cada vez que los datos de tiempo se env\u00edan a Google Analytics.<\/td>\n<\/tr>\n<tr>\n<td class=\"tg-s6z2\">__utmc<\/td>\n<td class=\"tg-s6z2\">Cookie de terceros<\/td>\n<td class=\"tg-s6z2\">Google<\/td>\n<td class=\"tg-s6z2\">Cuando finaliza la sesi\u00f3n del navegador<\/td>\n<td class=\"tg-s6z2\">Anal\u00edtica y seguimiento<\/td>\n<td class=\"tg-s6z2\">Se usa para determinar si el usuario est\u00e1 en una nueva sesi\u00f3n o visita.<\/td>\n<\/tr>\n<tr>\n<td class=\"tg-s6z2\">__utmz<\/td>\n<td class=\"tg-s6z2\">Cookie de terceros<\/td>\n<td class=\"tg-s6z2\">Google<\/td>\n<td class=\"tg-s6z2\">6 meses<\/td>\n<td class=\"tg-s6z2\">Anal\u00edtica y seguimiento<\/td>\n<td class=\"tg-s6z2\">Almacena la fuente de tr\u00e1fico o la campa\u00f1a que explica c\u00f3mo ha llegado el usuario al sitio. Se actualiza cada vez que se env\u00edan datos a Google Analytics.<\/td>\n<\/tr>\n<tr>\n<td class=\"tg-s6z2\">__utmv<\/td>\n<td class=\"tg-s6z2\">Cookie de terceros<\/td>\n<td class=\"tg-s6z2\">Google<\/td>\n<td class=\"tg-s6z2\">2 a\u00f1os<\/td>\n<td class=\"tg-s6z2\">Anal\u00edtica y seguimiento<\/td>\n<td class=\"tg-s6z2\">Se usa para almacenar datos de variables personalizadas de visitante. La cookie se actualiza cada vez que los datos de tiempo se env\u00edan a Google Analytics.<\/td>\n<\/tr>\n<tr>\n<td class=\"tg-s6z2\">__atuvc<\/td>\n<td class=\"tg-s6z2\">Cookie de terceros<\/td>\n<td class=\"tg-s6z2\">AddThis<\/td>\n<td class=\"tg-s6z2\">2 a\u00f1os<\/td>\n<td class=\"tg-s6z2\">Recuento de compartir una p\u00e1gina<\/td>\n<td class=\"tg-s6z2\">Se utiliza para asegurarse de que el usuario ve el recuento actualizado si comparten una p\u00e1gina y vuelven a ella antes de que se actualice la cach\u00e9 de cuenta de acciones.<\/td>\n<\/tr>\n<tr>\n<td class=\"tg-s6z2\">__stid<\/td>\n<td class=\"tg-s6z2\">Cookie de terceros<\/td>\n<td class=\"tg-s6z2\">ShareThis<\/td>\n<td class=\"tg-s6z2\">1 a\u00f1o<\/td>\n<td class=\"tg-s6z2\">Usan esta cookie para rastrear los clicks<\/td>\n<td class=\"tg-s6z2\">Se utiliza para rastrear los clicks que se producen al pulsar sobre cualquier opci\u00f3n de ShareThis<\/td>\n<\/tr>\n<tr>\n<td class=\"tg-s6z2\">ow_cookie_notice<\/td>\n<td class=\"tg-s6z2\">Cookie Persistente o Permanente<\/td>\n<td class=\"tg-s6z2\">Propia<\/td>\n<td class=\"tg-s6z2\">1 a\u00f1o<\/td>\n<td class=\"tg-s6z2\">Salvaguardar su elecci\u00f3n sobre la aceptaci\u00f3n de Cookie<\/td>\n<td class=\"tg-s6z2\">Cookie adicional para salvaguardar su elecci\u00f3n y que no tenga que aceptar el uso de cookies cada vez que acceda al Sitio Web<\/td>\n<\/tr>\n<tr>\n<td class=\"tg-s6z2\">PHPSESSID<\/td>\n<td class=\"tg-s6z2\">Cookie de sesi\u00f3n<\/td>\n<td class=\"tg-s6z2\">Propia<\/td>\n<td class=\"tg-s6z2\">Cuando finaliza la sesi\u00f3n del navegador<\/td>\n<td class=\"tg-s6z2\">Sistema<\/td>\n<td class=\"tg-s6z2\">Asocia un identificador a un usuario con PHP para todas aquellas variables almacenadas en sesi\u00f3n<\/td>\n<\/tr>\n<tr>\n<td class=\"tg-s6z2\">frontend<\/td>\n<td class=\"tg-s6z2\">Cookie Funcionalidad<\/td>\n<td class=\"tg-s6z2\">Propia<\/td>\n<td class=\"tg-s6z2\">30 dias<\/td>\n<td class=\"tg-s6z2\">Mantener autenticado al usuario<\/td>\n<td class=\"tg-s6z2\">Se utiliza para mantener al usuario autenticado en el sistema durante la navegaci\u00f3n por las diferentes p\u00e1ginas del sitio<\/td>\n<\/tr>\n<tr>\n<td class=\"tg-s6z2\">_jsuid<\/td>\n<td class=\"tg-s6z2\">Cookies de terceros<\/td>\n<td class=\"tg-s6z2\">Clicky Web Analytics<\/td>\n<td class=\"tg-s6z2\">20 a\u00f1os<\/td>\n<td class=\"tg-s6z2\">Anal\u00edtica y seguimiento<\/td>\n<td class=\"tg-s6z2\">Es un n\u00famero aleatorio que se usa para distinguir a las nuevas visitas o visitas \u00fanicas.<\/td>\n<\/tr>\n<tr>\n<td class=\"tg-s6z2\">_first_pageview<\/td>\n<td class=\"tg-s6z2\">Cookies de terceros<\/td>\n<td class=\"tg-s6z2\">Clicky Web Analytics<\/td>\n<td class=\"tg-s6z2\">10 minutos<\/td>\n<td class=\"tg-s6z2\">Anal\u00edtica y seguimiento<\/td>\n<td class=\"tg-s6z2\">Se utiliza para identificar las p\u00e1ginas del SitioWeb que se ha visitado.<\/td>\n<\/tr>\n<tr>\n<td class=\"tg-s6z2\">_dc_gtm_[id_sitio]<\/td>\n<td class=\"tg-s6z2\">Cookies de terceros<\/td>\n<td class=\"tg-s6z2\">Google Tag Manager<\/td>\n<td class=\"tg-s6z2\">10 minutos<\/td>\n<td class=\"tg-s6z2\">Anal\u00edtica y seguimiento<\/td>\n<td class=\"tg-s6z2\">Se utiliza para a\u00f1adir el c\u00f3digo de seguimiento de Google Analytics desde Google Tag Manager<\/td>\n<\/tr>\n<tr>\n<td class=\"tg-s6z2\">heatmaps_g2g_[id_sitio]<\/td>\n<td class=\"tg-s6z2\">Cookies de terceros<\/td>\n<td class=\"tg-s6z2\">Clicky Web Analytics<\/td>\n<td class=\"tg-s6z2\">Cuando finaliza la sesi\u00f3n del navegador<\/td>\n<td class=\"tg-s6z2\">Anal\u00edtica y seguimiento<\/td>\n<td class=\"tg-s6z2\">Almacena la informaci\u00f3n sobre donde el visitante hace click en el Sitio Web.<\/td>\n<\/tr>\n<tr>\n<td class=\"tg-s6z2\">_referrer_og<\/td>\n<td class=\"tg-s6z2\">Cookies de terceros<\/td>\n<td class=\"tg-s6z2\">Clicky Web Analytics<\/td>\n<td class=\"tg-s6z2\">90 dias<\/td>\n<td class=\"tg-s6z2\">Anal\u00edtica y seguimiento<\/td>\n<td class=\"tg-s6z2\">Almacena el referente externo de un visitante en caso de que exista.<\/td>\n<\/tr>\n<tr>\n<td class=\"tg-s6z2\">_utm_og<\/td>\n<td class=\"tg-s6z2\">Cookies de terceros<\/td>\n<td class=\"tg-s6z2\">Clicky Web Analytics<\/td>\n<td class=\"tg-s6z2\">90 dias<\/td>\n<td class=\"tg-s6z2\">Anal\u00edtica y seguimiento<\/td>\n<td class=\"tg-s6z2\">Almacena variables de campa\u00f1a para identificar si las visitas proceden de una campa\u00f1a.<\/td>\n<\/tr>\n<tr>\n<td class=\"tg-s6z2\">cluid<\/td>\n<td class=\"tg-s6z2\">Cookies de terceros<\/td>\n<td class=\"tg-s6z2\">Clicky Web Analytics<\/td>\n<td class=\"tg-s6z2\">20 a\u00f1os<\/td>\n<td class=\"tg-s6z2\">Anal\u00edtica y seguimiento<\/td>\n<td class=\"tg-s6z2\">Contiene la misma informaci\u00f3n de la cookie __jsuid para compartirla con Clicky<\/td>\n<\/tr>\n<tr>\n<td class=\"tg-s6z2\">Lu<\/td>\n<td class=\"tg-s6z2\">Cookies de terceros<\/td>\n<td class=\"tg-s6z2\">Facebook<\/td>\n<td class=\"tg-s6z2\">2 a\u00f1os<\/td>\n<td class=\"tg-s6z2\">Preferencia<\/td>\n<td class=\"tg-s6z2\">Gestiona como la p\u00e1gina de inicio de Facebook se presenta al usuario<\/td>\n<\/tr>\n<tr>\n<td class=\"tg-s6z2\">Datr<\/td>\n<td class=\"tg-s6z2\">Cookies de terceros<\/td>\n<td class=\"tg-s6z2\">Facebook<\/td>\n<td class=\"tg-s6z2\">2 a\u00f1os<\/td>\n<td class=\"tg-s6z2\">Informaci\u00f3n de conexi\u00f3n con Facebook<\/td>\n<td class=\"tg-s6z2\">Env\u00eda informaci\u00f3n sobre la conexi\u00f3n entre el Sitio Web y Facebook<\/td>\n<\/tr>\n<tr>\n<td class=\"tg-s6z2\">Guest_Id<\/td>\n<td class=\"tg-s6z2\">Cookies de terceros<\/td>\n<td class=\"tg-s6z2\">Twitter<\/td>\n<td class=\"tg-s6z2\">3 dias<\/td>\n<td class=\"tg-s6z2\">Informaci\u00f3n conexi\u00f3n con Twitter<\/td>\n<td class=\"tg-s6z2\">Gestiona la informaci\u00f3n necesaria para generar la conexi\u00f3n para Twitter y Follows.<\/td>\n<\/tr>\n<tr>\n<td class=\"tg-s6z2\">Nid<\/td>\n<td class=\"tg-s6z2\">Cookies de terceros<\/td>\n<td class=\"tg-s6z2\">Google +1<\/td>\n<td class=\"tg-s6z2\">6 meses<\/td>\n<td class=\"tg-s6z2\">Anal\u00edtica y seguimiento<\/td>\n<td class=\"tg-s6z2\">Controla los +1 de Google Plus.<\/td>\n<\/tr>\n<\/tbody>\n<\/table>\n<\/div>\n<p class=\"subtitulo\">Configuraci\u00f3n del usuario para evitar Cookies o como desactivar las Cookies<\/p>\n<p>Desde el Sitio Web y en cumplimiento de la normativa legal vigente, ponemos a tu disposici\u00f3n la informaci\u00f3n que te permita configurar tu navegador\/navegadores de Internet para mantener tu privacidad y seguridad en relaci\u00f3n a las cookies. Por ello, te facilitamos la informaci\u00f3n y enlaces a los sitos de soporte oficiales de los principales navegadores para que puedas decidir si deseas o no aceptar el uso de cookies.<\/p>\n<p>As\u00ed, puedes bloquear las cookies a trav\u00e9s de las herramientas de configuraci\u00f3n del navegador o bien puedes configurar tu navegador para que te avise cuando un servidor quiera guardar una cookie.<\/p>\n<p>A continuaci\u00f3n podr\u00e1 encontrar los links de cada navegador para deshabilitar las cookies siguiendo las instrucciones:<\/p>\n<ul class=\"list-items\">\n<li><span class=\"underline\">Internet Explorer:<\/span>&nbsp;<a href=\"http:\/\/windows.microsoft.com\/es-es\/windows-vista\/block-or-allow-cookies\" target=\"_blank\" rel=\"noopener\">Pulsa aqu\u00ed para ver las instrucciones<\/a><\/li>\n<li><span class=\"underline\">Mozilla Firefox:<\/span>&nbsp;<a href=\"https:\/\/support.mozilla.org\/es\/kb\/habilitar-y-deshabilitar-cookies-que-los-sitios-we\" target=\"_blank\" rel=\"noopener\">Pulsa aqu\u00ed para ver las instrucciones<\/a><\/li>\n<li><span class=\"underline\">Google Chrome:<\/span>&nbsp;<a href=\"https:\/\/support.google.com\/chrome\/answer\/95647?hl=es\" target=\"_blank\" rel=\"noopener\">Pulsa aqu\u00ed para ver las instrucciones<\/a><\/li>\n<li><span class=\"underline\">Safari:<\/span>&nbsp;<a href=\"http:\/\/support.apple.com\/kb\/ph5042\" target=\"_blank\" rel=\"noopener\">Pulsa aqu\u00ed para ver las instrucciones<\/a><\/li>\n<li><span class=\"underline\">Opera:<\/span>&nbsp;<a href=\"http:\/\/help.opera.com\/Linux\/10.60\/es-ES\/cookies.html\" target=\"_blank\" rel=\"noopener\">Pulsa aqu\u00ed para ver las instrucciones<\/a><\/li>\n<li><span class=\"underline\">Otros:<\/span>&nbsp;SI tienes otro tipo de navegador que no se recoja en este listado de navegadores m\u00e1s utilizados, debes consultar la documentaci\u00f3n espec\u00edfica de tu navegador.<\/li>\n<\/ul>\n<p>Finalmente, puede usted dirigirse al portal&nbsp;<a href=\"http:\/\/www.youronlinechoices.com\/\" target=\"_blank\" rel=\"noopener\">www.youronlinechoices.com<\/a>&nbsp;d\u00f3nde adem\u00e1s de encontrar informaci\u00f3n \u00fatil, podr\u00e1 configurar, proveedor por proveedor, sus preferencias sobre las cookies publicitarias de terceros.<\/p>\n<p>&nbsp;<\/p>\n<p>Si necesitas mas informaci\u00f3n al respecto puede enviarnos un email:&nbsp;<a href=\"mailto:delgadozuleta@delgadozuleta.com\">a<\/a>dministracion@delgadozuleta.com<\/p>\n<\/div>\n<\/div>\n<\/div>\n<\/div><\/div>\n","protected":false},"excerpt":{"rendered":"<p>Pol\u00edtica de Cookies Pol\u00edtica de Cookies Te agradecemos que hayas decidido visitarnos. Queremos que tu experiencia en el sitio sea [&hellip;]<\/p>\n","protected":false},"author":943,"featured_media":0,"parent":0,"menu_order":0,"comment_status":"closed","ping_status":"closed","template":"","meta":{"inline_featured_image":false,"_uag_custom_page_level_css":"","site-sidebar-layout":"default","site-content-layout":"","ast-site-content-layout":"","site-content-style":"default","site-sidebar-style":"default","ast-global-header-display":"","ast-banner-title-visibility":"","ast-main-header-display":"","ast-hfb-above-header-display":"","ast-hfb-below-header-display":"","ast-hfb-mobile-header-display":"","site-post-title":"disabled","ast-breadcrumbs-content":"","ast-featured-img":"","footer-sml-layout":"","ast-disable-related-posts":"","theme-transparent-header-meta":"","adv-header-id-meta":"","stick-header-meta":"","header-above-stick-meta":"","header-main-stick-meta":"","header-below-stick-meta":"","astra-migrate-meta-layouts":"default","ast-page-background-enabled":"default","ast-page-background-meta":{"desktop":{"background-color":"var(--ast-global-color-5)","background-image":"","background-repeat":"repeat","background-position":"center center","background-size":"auto","background-attachment":"scroll","background-type":"","background-media":"","overlay-type":"","overlay-color":"","overlay-opacity":"","overlay-gradient":""},"tablet":{"background-color":"","background-image":"","background-repeat":"repeat","background-position":"center center","background-size":"auto","background-attachment":"scroll","background-type":"","background-media":"","overlay-type":"","overlay-color":"","overlay-opacity":"","overlay-gradient":""},"mobile":{"background-color":"","background-image":"","background-repeat":"repeat","background-position":"center center","background-size":"auto","background-attachment":"scroll","background-type":"","background-media":"","overlay-type":"","overlay-color":"","overlay-opacity":"","overlay-gradient":""}},"ast-content-background-meta":{"desktop":{"background-color":"var(--ast-global-color-4)","background-image":"","background-repeat":"repeat","background-position":"center center","background-size":"auto","background-attachment":"scroll","background-type":"","background-media":"","overlay-type":"","overlay-color":"","overlay-opacity":"","overlay-gradient":""},"tablet":{"background-color":"var(--ast-global-color-4)","background-image":"","background-repeat":"repeat","background-position":"center center","background-size":"auto","background-attachment":"scroll","background-type":"","background-media":"","overlay-type":"","overlay-color":"","overlay-opacity":"","overlay-gradient":""},"mobile":{"background-color":"var(--ast-global-color-4)","background-image":"","background-repeat":"repeat","background-position":"center center","background-size":"auto","background-attachment":"scroll","background-type":"","background-media":"","overlay-type":"","overlay-color":"","overlay-opacity":"","overlay-gradient":""}},"footnotes":""},"class_list":["post-165","page","type-page","status-publish","hentry"],"yoast_head":"<!-- This site is optimized with the Yoast SEO plugin v27.3 - https:\/\/yoast.com\/product\/yoast-seo-wordpress\/ -->\n<title>Pol\u00edtica de Cookies - Bodega Delgado Zuleta<\/title>\n<meta name=\"robots\" content=\"index, follow, max-snippet:-1, max-image-preview:large, max-video-preview:-1\" \/>\n<link rel=\"canonical\" href=\"https:\/\/delgadozuleta.com\/en\/politica-de-cookies\/\" \/>\n<meta property=\"og:locale\" content=\"en_US\" \/>\n<meta property=\"og:type\" content=\"article\" \/>\n<meta property=\"og:title\" content=\"Pol\u00edtica de Cookies - Bodega Delgado Zuleta\" \/>\n<meta property=\"og:description\" content=\"Pol\u00edtica de Cookies Pol\u00edtica de Cookies Te agradecemos que hayas decidido visitarnos. Queremos que tu experiencia en el sitio sea [&hellip;]\" \/>\n<meta property=\"og:url\" content=\"https:\/\/delgadozuleta.com\/en\/politica-de-cookies\/\" \/>\n<meta property=\"og:site_name\" content=\"Bodega Delgado Zuleta\" \/>\n<meta property=\"article:modified_time\" content=\"2025-03-27T12:16:11+00:00\" \/>\n<meta name=\"twitter:card\" content=\"summary_large_image\" \/>\n<meta name=\"twitter:label1\" content=\"Est. reading time\" \/>\n\t<meta name=\"twitter:data1\" content=\"7 minutes\" \/>\n<script type=\"application\/ld+json\" class=\"yoast-schema-graph\">{\"@context\":\"https:\\\/\\\/schema.org\",\"@graph\":[{\"@type\":\"WebPage\",\"@id\":\"https:\\\/\\\/delgadozuleta.com\\\/politica-de-cookies\\\/\",\"url\":\"https:\\\/\\\/delgadozuleta.com\\\/politica-de-cookies\\\/\",\"name\":\"Pol\u00edtica de Cookies - Bodega Delgado Zuleta\",\"isPartOf\":{\"@id\":\"https:\\\/\\\/delgadozuleta.com\\\/#website\"},\"datePublished\":\"2015-12-02T10:22:09+00:00\",\"dateModified\":\"2025-03-27T12:16:11+00:00\",\"breadcrumb\":{\"@id\":\"https:\\\/\\\/delgadozuleta.com\\\/politica-de-cookies\\\/#breadcrumb\"},\"inLanguage\":\"en-US\",\"potentialAction\":[{\"@type\":\"ReadAction\",\"target\":[\"https:\\\/\\\/delgadozuleta.com\\\/politica-de-cookies\\\/\"]}]},{\"@type\":\"BreadcrumbList\",\"@id\":\"https:\\\/\\\/delgadozuleta.com\\\/politica-de-cookies\\\/#breadcrumb\",\"itemListElement\":[{\"@type\":\"ListItem\",\"position\":1,\"name\":\"Portada\",\"item\":\"https:\\\/\\\/delgadozuleta.com\\\/\"},{\"@type\":\"ListItem\",\"position\":2,\"name\":\"Pol\u00edtica de Cookies\"}]},{\"@type\":\"WebSite\",\"@id\":\"https:\\\/\\\/delgadozuleta.com\\\/#website\",\"url\":\"https:\\\/\\\/delgadozuleta.com\\\/\",\"name\":\"Bodega Delgado Zuleta\",\"description\":\"Hist\u00f3rica bodega del Marco de Jerez especialista en la elaboraci\u00f3n de vinos generosos.\",\"publisher\":{\"@id\":\"https:\\\/\\\/delgadozuleta.com\\\/#organization\"},\"potentialAction\":[{\"@type\":\"SearchAction\",\"target\":{\"@type\":\"EntryPoint\",\"urlTemplate\":\"https:\\\/\\\/delgadozuleta.com\\\/?s={search_term_string}\"},\"query-input\":{\"@type\":\"PropertyValueSpecification\",\"valueRequired\":true,\"valueName\":\"search_term_string\"}}],\"inLanguage\":\"en-US\"},{\"@type\":\"Organization\",\"@id\":\"https:\\\/\\\/delgadozuleta.com\\\/#organization\",\"name\":\"Bodega Delgado Zuleta\",\"url\":\"https:\\\/\\\/delgadozuleta.com\\\/\",\"logo\":{\"@type\":\"ImageObject\",\"inLanguage\":\"en-US\",\"@id\":\"https:\\\/\\\/delgadozuleta.com\\\/#\\\/schema\\\/logo\\\/image\\\/\",\"url\":\"https:\\\/\\\/delgadozuleta.com\\\/wp-content\\\/uploads\\\/logo-transparente-300x133-1.png\",\"contentUrl\":\"https:\\\/\\\/delgadozuleta.com\\\/wp-content\\\/uploads\\\/logo-transparente-300x133-1.png\",\"width\":900,\"height\":400,\"caption\":\"Bodega Delgado Zuleta\"},\"image\":{\"@id\":\"https:\\\/\\\/delgadozuleta.com\\\/#\\\/schema\\\/logo\\\/image\\\/\"}}]}<\/script>\n<!-- \/ Yoast SEO plugin. -->","yoast_head_json":{"title":"Pol\u00edtica de Cookies - Bodega Delgado Zuleta","robots":{"index":"index","follow":"follow","max-snippet":"max-snippet:-1","max-image-preview":"max-image-preview:large","max-video-preview":"max-video-preview:-1"},"canonical":"https:\/\/delgadozuleta.com\/en\/politica-de-cookies\/","og_locale":"en_US","og_type":"article","og_title":"Pol\u00edtica de Cookies - Bodega Delgado Zuleta","og_description":"Pol\u00edtica de Cookies Pol\u00edtica de Cookies Te agradecemos que hayas decidido visitarnos. Queremos que tu experiencia en el sitio sea [&hellip;]","og_url":"https:\/\/delgadozuleta.com\/en\/politica-de-cookies\/","og_site_name":"Bodega Delgado Zuleta","article_modified_time":"2025-03-27T12:16:11+00:00","twitter_card":"summary_large_image","twitter_misc":{"Est. reading time":"7 minutes"},"schema":{"@context":"https:\/\/schema.org","@graph":[{"@type":"WebPage","@id":"https:\/\/delgadozuleta.com\/politica-de-cookies\/","url":"https:\/\/delgadozuleta.com\/politica-de-cookies\/","name":"Pol\u00edtica de Cookies - Bodega Delgado Zuleta","isPartOf":{"@id":"https:\/\/delgadozuleta.com\/#website"},"datePublished":"2015-12-02T10:22:09+00:00","dateModified":"2025-03-27T12:16:11+00:00","breadcrumb":{"@id":"https:\/\/delgadozuleta.com\/politica-de-cookies\/#breadcrumb"},"inLanguage":"en-US","potentialAction":[{"@type":"ReadAction","target":["https:\/\/delgadozuleta.com\/politica-de-cookies\/"]}]},{"@type":"BreadcrumbList","@id":"https:\/\/delgadozuleta.com\/politica-de-cookies\/#breadcrumb","itemListElement":[{"@type":"ListItem","position":1,"name":"Portada","item":"https:\/\/delgadozuleta.com\/"},{"@type":"ListItem","position":2,"name":"Pol\u00edtica de Cookies"}]},{"@type":"WebSite","@id":"https:\/\/delgadozuleta.com\/#website","url":"https:\/\/delgadozuleta.com\/","name":"Bodega Delgado Zuleta","description":"Hist\u00f3rica bodega del Marco de Jerez especialista en la elaboraci\u00f3n de vinos generosos.","publisher":{"@id":"https:\/\/delgadozuleta.com\/#organization"},"potentialAction":[{"@type":"SearchAction","target":{"@type":"EntryPoint","urlTemplate":"https:\/\/delgadozuleta.com\/?s={search_term_string}"},"query-input":{"@type":"PropertyValueSpecification","valueRequired":true,"valueName":"search_term_string"}}],"inLanguage":"en-US"},{"@type":"Organization","@id":"https:\/\/delgadozuleta.com\/#organization","name":"Bodega Delgado Zuleta","url":"https:\/\/delgadozuleta.com\/","logo":{"@type":"ImageObject","inLanguage":"en-US","@id":"https:\/\/delgadozuleta.com\/#\/schema\/logo\/image\/","url":"https:\/\/delgadozuleta.com\/wp-content\/uploads\/logo-transparente-300x133-1.png","contentUrl":"https:\/\/delgadozuleta.com\/wp-content\/uploads\/logo-transparente-300x133-1.png","width":900,"height":400,"caption":"Bodega Delgado Zuleta"},"image":{"@id":"https:\/\/delgadozuleta.com\/#\/schema\/logo\/image\/"}}]}},"uagb_featured_image_src":{"full":false,"thumbnail":false,"medium":false,"medium_large":false,"large":false,"1536x1536":false,"2048x2048":false,"trp-custom-language-flag":false,"woocommerce_thumbnail":false,"woocommerce_single":false,"woocommerce_gallery_thumbnail":false},"uagb_author_info":{"display_name":"BSINFOR EDUARDO","author_link":"https:\/\/delgadozuleta.com\/en\/blog\/author\/bsinfor\/"},"uagb_comment_info":0,"uagb_excerpt":"Pol\u00edtica de Cookies Pol\u00edtica de Cookies Te agradecemos que hayas decidido visitarnos. Queremos que tu experiencia en el sitio sea [&hellip;]","_links":{"self":[{"href":"https:\/\/delgadozuleta.com\/en\/wp-json\/wp\/v2\/pages\/165","targetHints":{"allow":["GET"]}}],"collection":[{"href":"https:\/\/delgadozuleta.com\/en\/wp-json\/wp\/v2\/pages"}],"about":[{"href":"https:\/\/delgadozuleta.com\/en\/wp-json\/wp\/v2\/types\/page"}],"author":[{"embeddable":true,"href":"https:\/\/delgadozuleta.com\/en\/wp-json\/wp\/v2\/users\/943"}],"replies":[{"embeddable":true,"href":"https:\/\/delgadozuleta.com\/en\/wp-json\/wp\/v2\/comments?post=165"}],"version-history":[{"count":3,"href":"https:\/\/delgadozuleta.com\/en\/wp-json\/wp\/v2\/pages\/165\/revisions"}],"predecessor-version":[{"id":12247,"href":"https:\/\/delgadozuleta.com\/en\/wp-json\/wp\/v2\/pages\/165\/revisions\/12247"}],"wp:attachment":[{"href":"https:\/\/delgadozuleta.com\/en\/wp-json\/wp\/v2\/media?parent=165"}],"curies":[{"name":"wp","href":"https:\/\/api.w.org\/{rel}","templated":true}]}}